{"id":880,"date":"2021-08-02T20:49:29","date_gmt":"2021-08-02T18:49:29","guid":{"rendered":"https:\/\/swissitmanagement.com\/?page_id=880"},"modified":"2021-10-12T19:00:23","modified_gmt":"2021-10-12T17:00:23","slug":"optimierung-produktionskapazitaeten","status":"publish","type":"page","link":"https:\/\/swissitmanagement.com\/en\/optimierung-produktionskapazitaeten\/","title":{"rendered":"Optimierung von Produktionskapazit\u00e4ten"},"content":{"rendered":"<div data-elementor-type=\"wp-page\" data-elementor-id=\"880\" class=\"elementor elementor-880\" data-elementor-post-type=\"page\">\n\t\t\t\t\t\t<section class=\"elementor-section elementor-top-section elementor-element elementor-element-494afb1 elementor-section-full_width elementor-section-height-min-height elementor-section-height-default elementor-section-items-middle\" data-id=\"494afb1\" data-element_type=\"section\" data-e-type=\"section\" data-settings=\"{&quot;background_background&quot;:&quot;classic&quot;}\">\n\t\t\t\t\t\t\t<div class=\"elementor-background-overlay\"><\/div>\n\t\t\t\t\t\t\t<div class=\"elementor-container elementor-column-gap-no\">\n\t\t\t\t\t<div class=\"elementor-column elementor-col-100 elementor-top-column elementor-element elementor-element-24016fd\" data-id=\"24016fd\" data-element_type=\"column\" data-e-type=\"column\">\n\t\t\t<div class=\"elementor-widget-wrap elementor-element-populated\">\n\t\t\t\t\t\t<div class=\"elementor-element elementor-element-8cf0333 elementor-hidden-tablet elementor-hidden-phone eael-dual-header-content-align-center elementor-widget elementor-widget-eael-dual-color-header\" data-id=\"8cf0333\" data-element_type=\"widget\" data-e-type=\"widget\" data-widget_type=\"eael-dual-color-header.default\">\n\t\t\t\t<div class=\"elementor-widget-container\">\n\t\t\t\t\t\t\t\t<div class=\"eael-dual-header\">\n\t\t\t\t\t\t\t\t\t<span class=\"eael-dch-svg-icon\"><i aria-hidden=\"true\" class=\"icon icon-graph-2\"><\/i><\/span>\t\t\t\t\t\t\t\t<h1 class=\"title eael-dch-title\"><span class=\"eael-dch-title-text eael-dch-title-lead lead solid-color\">Optimierung von <\/span> <span class=\"eael-dch-title-text\">Produktionskapazit\u00e4ten<\/span><\/h1><div class=\"eael-dch-separator-wrap\"><span class=\"separator-one\"><\/span>\n\t\t\t<span class=\"separator-two\"><\/span><\/div>\t\t\t\t<span class=\"subtext\"><p><strong>Gesch\u00e4ftsprozesse auf intelligente Weise automatisieren, Fehlerquote in der Leistungserstellung senken,<br \/>riesige Datenmengen auch wirklich nutzen und von neuen datengesteuerten Gesch\u00e4ftsmodellen profitieren.<br \/>K\u00fcnstliche Intelligenz \/ Artificial Intelligence macht es m\u00f6glich.<\/strong><\/p><\/span>\n\t\t\t<\/div>\n\t\t\t\t\t\t<\/div>\n\t\t\t\t<\/div>\n\t\t\t\t<div class=\"elementor-element elementor-element-abb7076 elementor-hidden-desktop eael-dual-header-content-align-center elementor-widget elementor-widget-eael-dual-color-header\" data-id=\"abb7076\" data-element_type=\"widget\" data-e-type=\"widget\" data-widget_type=\"eael-dual-color-header.default\">\n\t\t\t\t<div class=\"elementor-widget-container\">\n\t\t\t\t\t\t\t\t<div class=\"eael-dual-header\">\n\t\t\t\t\t\t\t\t\t<span class=\"eael-dch-svg-icon\"><i aria-hidden=\"true\" class=\"icon icon-graph-2\"><\/i><\/span>\t\t\t\t\t\t\t\t<h1 class=\"title eael-dch-title\"><span class=\"eael-dch-title-text eael-dch-title-lead lead solid-color\">Optimierung von <\/span> <span class=\"eael-dch-title-text\">Produktionskapazit\u00e4ten<\/span><\/h1><div class=\"eael-dch-separator-wrap\"><span class=\"separator-one\"><\/span>\n\t\t\t<span class=\"separator-two\"><\/span><\/div>\t\t\t\t<span class=\"subtext\"><p><strong>Gesch\u00e4ftsprozesse auf intelligente Weise automatisieren, Fehlerquote in der Leistungserstellung senken, riesige Datenmengen auch wirklich nutzen und von neuen datengesteuerten Gesch\u00e4ftsmodellen profitieren.<br \/>K\u00fcnstliche Intelligenz \/ Artificial Intelligence macht es m\u00f6glich.<\/strong><\/p><\/span>\n\t\t\t<\/div>\n\t\t\t\t\t\t<\/div>\n\t\t\t\t<\/div>\n\t\t\t\t\t<\/div>\n\t\t<\/div>\n\t\t\t\t\t<\/div>\n\t\t<\/section>\n\t\t\t\t<section class=\"elementor-section elementor-top-section elementor-element elementor-element-0f62c4b elementor-section-boxed elementor-section-height-default elementor-section-height-default\" data-id=\"0f62c4b\" data-element_type=\"section\" data-e-type=\"section\">\n\t\t\t\t\t\t<div class=\"elementor-container elementor-column-gap-default\">\n\t\t\t\t\t<div class=\"elementor-column elementor-col-100 elementor-top-column elementor-element elementor-element-c343583\" data-id=\"c343583\" data-element_type=\"column\" data-e-type=\"column\">\n\t\t\t<div class=\"elementor-widget-wrap elementor-element-populated\">\n\t\t\t\t\t\t<div class=\"elementor-element elementor-element-c5838ca elementor-widget elementor-widget-heading\" data-id=\"c5838ca\" data-element_type=\"widget\" data-e-type=\"widget\" data-widget_type=\"heading.default\">\n\t\t\t\t<div class=\"elementor-widget-container\">\n\t\t\t\t\t<h2 class=\"elementor-heading-title elementor-size-default\">Optimierung von Produktionskapazit\u00e4ten<\/h2>\t\t\t\t<\/div>\n\t\t\t\t<\/div>\n\t\t\t\t<div class=\"elementor-element elementor-element-2c4c948 elementor-widget elementor-widget-text-editor\" data-id=\"2c4c948\" data-element_type=\"widget\" data-e-type=\"widget\" data-widget_type=\"text-editor.default\">\n\t\t\t\t<div class=\"elementor-widget-container\">\n\t\t\t\t\t\t\t\t\t<p><strong>Gesch\u00e4ftsprozesse auf intelligente Weise automatisieren, Fehlerquote in der Leistungserstellung senken, riesige Datenmengen auch wirklich nutzen und von neuen datengesteuerten Gesch\u00e4ftsmodellen profitieren. K\u00fcnstliche Intelligenz \/ Artificial Intelligence macht es m\u00f6glich.<\/strong><\/p>\t\t\t\t\t\t\t\t<\/div>\n\t\t\t\t<\/div>\n\t\t\t\t<div class=\"elementor-element elementor-element-634df81 elementor-widget elementor-widget-text-editor\" data-id=\"634df81\" data-element_type=\"widget\" data-e-type=\"widget\" data-widget_type=\"text-editor.default\">\n\t\t\t\t<div class=\"elementor-widget-container\">\n\t\t\t\t\t\t\t\t\t<p>In Deutschland, werden zum Beispiel j\u00e4hrlich 1,7 Millionen Tonnen Backwaren wegen \u00dcberproduktion weggeworfen.<\/p><p>Dieser Missstand l\u00e4sst sich mit KI perfekt optimieren. Unsere KI Prognose basiert auf der Analyse historischer Verkaufszahlen, get\u00e4tigter Bestellvorg\u00e4nge und ber\u00fccksichtigt zuk\u00fcnftige Faktoren, wie Wochentage, Feiertage und Wetterprognose.<\/p><p>Die Nahtlose Integration in Ihr Kassensystem erfolgt einfach und unkompliziert. Ist unsere KI installiert, merkt sie sich die Verkaufskennzahlen jedes einzelnen Produkts und errechnet daraus die Prognosen, mit der das Bestellsystem automatisiert wird.<\/p><p>Damit optimieren wir den Absatz von leicht verderblichen Waren und steigern Ihren Deckungsbeitrag, indem Retouren und Fehlbest\u00e4nde eliminiert werden.<\/p><p><strong>Ihr Nutzen<\/strong><\/p><ul><li>Optimierte Produktion<\/li><li>H\u00f6herer Deckungsbeitrag<\/li><li>\u00d6kologisch nachhaltige Produktion<\/li><\/ul><p>\u00a0<\/p><p>Sie interessieren sich f\u00fcr die <strong>Optimierung von Produktionskapazit\u00e4ten<\/strong>, wissen aber nicht, wo Sie anfangen sollen? Oder ben\u00f6tigen Sie konkrete Unterst\u00fctzung? Melden Sie sich gerne bei uns! Kontaktieren Sie uns zum Thema <strong>Optimierung von Produktionskapazit\u00e4ten.<\/strong><\/p>\t\t\t\t\t\t\t\t<\/div>\n\t\t\t\t<\/div>\n\t\t\t\t<div class=\"elementor-element elementor-element-0b3c91e pa-icon-pos-before premium-lq__none elementor-widget elementor-widget-premium-addon-button\" data-id=\"0b3c91e\" data-element_type=\"widget\" data-e-type=\"widget\" data-widget_type=\"premium-addon-button.default\">\n\t\t\t\t<div class=\"elementor-widget-container\">\n\t\t\t\t\t\n\n\t\t<a class=\"premium-button premium-button-style7 premium-btn-lg premium-button-style7-left\" href=\"\/en\/kontakt\/\">\n\t\t\t<div class=\"premium-button-text-icon-wrapper\">\n\t\t\t\t\n\t\t\t\t\t\t\t\t\t\t\t\t\t\t\t\t\t\t<i aria-hidden=\"true\" class=\"premium-drawable-icon premium-svg-nodraw icon icon-envelope\"><\/i>\t\t\t\t\t\t\t\t\t\t\t\t\t\t\t\n\t\t\t\t\t\t\t\t\t<span >\n\t\t\t\t\t\tKontakt\t\t\t\t\t<\/span>\n\t\t\t\t\t\t\t<\/div>\n\n\t\t\t\n\t\t\t\n\t\t\t\n\t\t<\/a>\n\n\n\t\t\t\t\t\t<\/div>\n\t\t\t\t<\/div>\n\t\t\t\t\t<\/div>\n\t\t<\/div>\n\t\t\t\t\t<\/div>\n\t\t<\/section>\n\t\t\t\t<\/div>","protected":false},"excerpt":{"rendered":"<p>Optimierung von Produktionskapazit\u00e4ten Gesch\u00e4ftsprozesse auf intelligente Weise automatisieren, Fehlerquote in der Leistungserstellung senken,riesige Datenmengen auch wirklich nutzen und von neuen datengesteuerten Gesch\u00e4ftsmodellen profitieren.K\u00fcnstliche Intelligenz \/ Artificial Intelligence macht es m\u00f6glich. Optimierung von Produktionskapazit\u00e4ten Gesch\u00e4ftsprozesse auf&hellip;<\/p>","protected":false},"author":1,"featured_media":0,"parent":0,"menu_order":0,"comment_status":"closed","ping_status":"closed","template":"","meta":{"footnotes":""},"class_list":["post-880","page","type-page","status-publish","hentry"],"_links":{"self":[{"href":"https:\/\/swissitmanagement.com\/en\/wp-json\/wp\/v2\/pages\/880","targetHints":{"allow":["GET"]}}],"collection":[{"href":"https:\/\/swissitmanagement.com\/en\/wp-json\/wp\/v2\/pages"}],"about":[{"href":"https:\/\/swissitmanagement.com\/en\/wp-json\/wp\/v2\/types\/page"}],"author":[{"embeddable":true,"href":"https:\/\/swissitmanagement.com\/en\/wp-json\/wp\/v2\/users\/1"}],"replies":[{"embeddable":true,"href":"https:\/\/swissitmanagement.com\/en\/wp-json\/wp\/v2\/comments?post=880"}],"version-history":[{"count":0,"href":"https:\/\/swissitmanagement.com\/en\/wp-json\/wp\/v2\/pages\/880\/revisions"}],"wp:attachment":[{"href":"https:\/\/swissitmanagement.com\/en\/wp-json\/wp\/v2\/media?parent=880"}],"curies":[{"name":"wp","href":"https:\/\/api.w.org\/{rel}","templated":true}]}}