{"id":863,"date":"2021-08-02T16:22:59","date_gmt":"2021-08-02T14:22:59","guid":{"rendered":"https:\/\/swissitmanagement.com\/?page_id=863"},"modified":"2026-02-19T07:06:20","modified_gmt":"2026-02-19T06:06:20","slug":"mycommunity-die-interaktive-gemeinde","status":"publish","type":"page","link":"https:\/\/swissitmanagement.com\/en\/mycommunity-die-interaktive-gemeinde\/","title":{"rendered":"myCommunity \u2013 die interaktive Gemeinde"},"content":{"rendered":"<div data-elementor-type=\"wp-page\" data-elementor-id=\"863\" class=\"elementor elementor-863\" data-elementor-post-type=\"page\">\n\t\t\t\t\t\t<section class=\"elementor-section elementor-top-section elementor-element elementor-element-94c64ce elementor-section-full_width elementor-section-height-min-height elementor-section-height-default elementor-section-items-middle\" data-id=\"94c64ce\" data-element_type=\"section\" data-e-type=\"section\" data-settings=\"{&quot;background_background&quot;:&quot;classic&quot;}\">\n\t\t\t\t\t\t\t<div class=\"elementor-background-overlay\"><\/div>\n\t\t\t\t\t\t\t<div class=\"elementor-container elementor-column-gap-no\">\n\t\t\t\t\t<div class=\"elementor-column elementor-col-100 elementor-top-column elementor-element elementor-element-b94c338\" data-id=\"b94c338\" data-element_type=\"column\" data-e-type=\"column\">\n\t\t\t<div class=\"elementor-widget-wrap elementor-element-populated\">\n\t\t\t\t\t\t<div class=\"elementor-element elementor-element-9bc7540 elementor-hidden-tablet elementor-hidden-phone eael-dual-header-content-align-center elementor-widget elementor-widget-eael-dual-color-header\" data-id=\"9bc7540\" data-element_type=\"widget\" data-e-type=\"widget\" data-widget_type=\"eael-dual-color-header.default\">\n\t\t\t\t<div class=\"elementor-widget-container\">\n\t\t\t\t\t\t\t\t<div class=\"eael-dual-header\">\n\t\t\t\t\t\t\t\t\t<span class=\"eael-dch-svg-icon\"><i aria-hidden=\"true\" class=\"icon icon-communication\"><\/i><\/span>\t\t\t\t\t\t\t\t<h1 class=\"title eael-dch-title\"><span class=\"eael-dch-title-text eael-dch-title-lead lead solid-color\">myCommunity \u2013<\/span> <span class=\"eael-dch-title-text\">die interaktive Gemeinde<\/span><\/h1><div class=\"eael-dch-separator-wrap\"><span class=\"separator-one\"><\/span>\n\t\t\t<span class=\"separator-two\"><\/span><\/div>\t\t\t\t<span class=\"subtext\"><p><strong>Mit myCommunity zur interaktiven Gemeinde, mit einer wirklichen Kommunikation<br \/>und Interaktion mit den Einwohnerinnen und Einwohner.<\/strong><\/p><\/span>\n\t\t\t<\/div>\n\t\t\t\t\t\t<\/div>\n\t\t\t\t<\/div>\n\t\t\t\t<div class=\"elementor-element elementor-element-0b7b159 elementor-hidden-desktop eael-dual-header-content-align-center elementor-widget elementor-widget-eael-dual-color-header\" data-id=\"0b7b159\" data-element_type=\"widget\" data-e-type=\"widget\" data-widget_type=\"eael-dual-color-header.default\">\n\t\t\t\t<div class=\"elementor-widget-container\">\n\t\t\t\t\t\t\t\t<div class=\"eael-dual-header\">\n\t\t\t\t\t\t\t\t\t<span class=\"eael-dch-svg-icon\"><i aria-hidden=\"true\" class=\"icon icon-communication\"><\/i><\/span>\t\t\t\t\t\t\t\t<h1 class=\"title eael-dch-title\"><span class=\"eael-dch-title-text eael-dch-title-lead lead solid-color\">myCommunity \u2013<\/span> <span class=\"eael-dch-title-text\">die interaktive Gemeinde<\/span><\/h1><div class=\"eael-dch-separator-wrap\"><span class=\"separator-one\"><\/span>\n\t\t\t<span class=\"separator-two\"><\/span><\/div>\t\t\t\t<span class=\"subtext\"><p><strong>Mit myCommunity zur interaktiven Gemeinde, mit einer wirklichen Kommunikation<br \/>und Interaktion mit den Einwohnerinnen und Einwohner.<\/strong><\/p><\/span>\n\t\t\t<\/div>\n\t\t\t\t\t\t<\/div>\n\t\t\t\t<\/div>\n\t\t\t\t\t<\/div>\n\t\t<\/div>\n\t\t\t\t\t<\/div>\n\t\t<\/section>\n\t\t\t\t<section class=\"elementor-section elementor-top-section elementor-element elementor-element-5f1846d elementor-section-boxed elementor-section-height-default elementor-section-height-default\" data-id=\"5f1846d\" data-element_type=\"section\" data-e-type=\"section\">\n\t\t\t\t\t\t<div class=\"elementor-container elementor-column-gap-default\">\n\t\t\t\t\t<div class=\"elementor-column elementor-col-100 elementor-top-column elementor-element elementor-element-bb37abe\" data-id=\"bb37abe\" data-element_type=\"column\" data-e-type=\"column\">\n\t\t\t<div class=\"elementor-widget-wrap elementor-element-populated\">\n\t\t\t\t\t\t<div class=\"elementor-element elementor-element-ccb9c46 elementor-widget elementor-widget-heading\" data-id=\"ccb9c46\" data-element_type=\"widget\" data-e-type=\"widget\" data-widget_type=\"heading.default\">\n\t\t\t\t<div class=\"elementor-widget-container\">\n\t\t\t\t\t<h2 class=\"elementor-heading-title elementor-size-default\">myCommunity \u2013 die interaktive Gemeinde<\/h2>\t\t\t\t<\/div>\n\t\t\t\t<\/div>\n\t\t\t\t<div class=\"elementor-element elementor-element-5948f55 elementor-widget elementor-widget-text-editor\" data-id=\"5948f55\" data-element_type=\"widget\" data-e-type=\"widget\" data-widget_type=\"text-editor.default\">\n\t\t\t\t<div class=\"elementor-widget-container\">\n\t\t\t\t\t\t\t\t\t<p><strong>Mit myCommunity zur interaktiven Gemeinde, mit einer wirklichen Kommunikation und Interaktion<\/strong> <strong>mit den Einwohnerinnen und Einwohner.<\/strong><\/p>\t\t\t\t\t\t\t\t<\/div>\n\t\t\t\t<\/div>\n\t\t\t\t<div class=\"elementor-element elementor-element-f049ba2 elementor-widget elementor-widget-text-editor\" data-id=\"f049ba2\" data-element_type=\"widget\" data-e-type=\"widget\" data-widget_type=\"text-editor.default\">\n\t\t\t\t<div class=\"elementor-widget-container\">\n\t\t\t\t\t\t\t\t\t<p>Die Gemeindekommunikation gewinnt an Bedeutung und wird immer anspruchsvoller.<\/p><p><strong>Sechs Feststellungen<\/strong> aus einer Erhebung einer typischen Schweizer Gemeinde im S\u00fcdwesten des Kantons Z\u00fcrich. \u00a0<\/p><ul><li>Kommunale Politik in der bisher bekannten und gelebten Form interessiert einen Grossteil der Bev\u00f6lkerung nicht \u2013 es sei denn, man ist pers\u00f6nlich betroffen davon.<\/li><li>Die kommunikative \u00abVerpackung\u00bb von lokalpolitischen Themen spielt eine wichtige Rolle. Ein \u00abZukunftslabor\u00bb oder eine \u00abDiskussionsveranstaltung\u00bb wecken Lust an Partizipation. Eine Gemeindeversammlung hingegen nicht. Ebenso muss das Erscheinungsbild professionellen Anspr\u00fcchen gen\u00fcgen.<br \/><br \/><\/li><li>Die klassischen Kommunikationsmittel der Beh\u00f6rden und Kommunen, wie Lokalzeitung, Mitteilungsblatt und Einwohnerschreiben, taugen nicht mehr f\u00fcrs 21. Jahrhundert.<br \/><br \/><\/li><li>Gemeinde-Apps entsprechen dem grossen Bed\u00fcrfnis der Bev\u00f6lkerung nach einfach zug\u00e4nglicher, aktueller Information. Ein Selbstl\u00e4ufer sind sie jedoch nicht. Es braucht ein durchdachtes Kommunikationskonzept, ein passendes Timing sowie eine breite Koalition motivierter Stakeholder, um die App-Downloads und die Interaktionen hoch zu halten.<br \/><br \/><\/li><li>Das mobile Internet ist heute Standard. Deshalb m\u00fcssen Gemeindewebsites 100 Prozent mobiletauglich sein. Dies ist bei weitem noch nicht \u00fcberall der Fall.<br \/><br \/><\/li><li>Der Ausbruch der Corona-Pandemie hat den kommunikativen Notstand vieler Gemeinden akzentuiert. Den bisherigen Minimalismus zu \u00fcberwinden, f\u00e4llt jedoch vielen schwer, da es bis heute keinen Best Practice gibt, wie Gemeinden zeitgem\u00e4ss kommunizieren sollen. Dabei tr\u00e4gt die Kommunikation entscheidend zur Einwohnerzufriedenheit bei.<br \/><br \/><\/li><\/ul><p><strong>Agieren statt reagieren<\/strong><\/p><p>Der Workflow Ihrer Gemeinde-Prozesse, insbesondere der Kernprozesse, darf nicht intern enden. Die Einwohnerinnen und Einwohner m\u00fcssen vollumf\u00e4nglich integriert werden. Nur dann profitiert die Gemeinde und die Einwohnerinnen und Einwohner.<\/p>\t\t\t\t\t\t\t\t<\/div>\n\t\t\t\t<\/div>\n\t\t\t\t<div class=\"elementor-element elementor-element-0f272af elementor-widget elementor-widget-image\" data-id=\"0f272af\" data-element_type=\"widget\" data-e-type=\"widget\" data-widget_type=\"image.default\">\n\t\t\t\t<div class=\"elementor-widget-container\">\n\t\t\t\t\t\t\t\t\t\t\t\t\t\t\t<img fetchpriority=\"high\" decoding=\"async\" width=\"1280\" height=\"720\" src=\"https:\/\/swissitmanagement.com\/wp-content\/uploads\/2021\/08\/modell_myCommunity.webp\" class=\"attachment-full size-full wp-image-1125\" alt=\"\" srcset=\"https:\/\/swissitmanagement.com\/wp-content\/uploads\/2021\/08\/modell_myCommunity.webp 1280w, https:\/\/swissitmanagement.com\/wp-content\/uploads\/2021\/08\/modell_myCommunity-300x169.webp 300w, https:\/\/swissitmanagement.com\/wp-content\/uploads\/2021\/08\/modell_myCommunity-1024x576.webp 1024w, https:\/\/swissitmanagement.com\/wp-content\/uploads\/2021\/08\/modell_myCommunity-768x432.webp 768w\" sizes=\"(max-width: 1280px) 100vw, 1280px\" title=\"\">\t\t\t\t\t\t\t\t\t\t\t\t\t\t\t<\/div>\n\t\t\t\t<\/div>\n\t\t\t\t<div class=\"elementor-element elementor-element-fea51bf elementor-widget elementor-widget-text-editor\" data-id=\"fea51bf\" data-element_type=\"widget\" data-e-type=\"widget\" data-widget_type=\"text-editor.default\">\n\t\t\t\t<div class=\"elementor-widget-container\">\n\t\t\t\t\t\t\t\t\t<p>Mit myCommunity beschreitet Ihre Gemeinde den Weg zur interaktiven Gemeinde, mit dem gesamtheitlichen Gemeinde-Workflow. Nicht nur downloads von Formularen, etc. sondern wirkliche Kommunikation (Sender \u2013 Empf\u00e4nger) und Interaktion mit den Einwohnerinnen und Einwohner.<\/p><p><strong>Der Nutzen f\u00fcr die Gemeinde<\/strong><\/p><ul><li>Keine Medienbr\u00fcche im Gesamtprozess \/ Workflow mit den Einwohnerinnen und Einwohner<\/li><li>Echtzeit Status jeder Einwohnerin und jedes Einwohners bez\u00fcglich den gemeindlichen Kernprozessen auf Knopfdruck.<\/li><li>Sprachunabh\u00e4ngige Kommunikation und Interaktion mit fremdsprachigen Einwohnerinnen und Einwohner \u2013 optimale Integration<\/li><li>Proaktive F\u00fchrung der Einwohnerinnen und Einwohner<\/li><li>Reduktion der Schalterbesuche<br \/><br \/><\/li><\/ul><p><strong>Der Nutzen f\u00fcr die Einwohnerinnen und Einwohner<\/strong><\/p><ul><li>Echtzeit \u00dcberblick \u00fcber die erledigten und noch offenen Interaktionen mit der Gemeinde<\/li><li>Individuell anpassbare Kommunikation von und mit der Gemeinde<\/li><li>Reduktion der Beh\u00f6rdeng\u00e4nge<\/li><li>Optimale Integration<br \/><br \/><\/li><\/ul><p>Sie interessieren sich f\u00fcr den\u00a0<strong>myCommunity \u2013 die interaktive Gemeinde<\/strong>, wissen aber nicht, wo Sie anfangen sollen? Oder ben\u00f6tigen Sie konkrete Unterst\u00fctzung? Melden Sie sich gerne bei uns! Kontaktieren Sie uns zum Thema\u00a0<strong>myCommunity \u2013 die interaktive Gemeinde.<br \/><br \/><\/strong><\/p>\t\t\t\t\t\t\t\t<\/div>\n\t\t\t\t<\/div>\n\t\t\t\t<div class=\"elementor-element elementor-element-7dcd08d pa-icon-pos-before premium-lq__none elementor-widget elementor-widget-premium-addon-button\" data-id=\"7dcd08d\" data-element_type=\"widget\" data-e-type=\"widget\" data-widget_type=\"premium-addon-button.default\">\n\t\t\t\t<div class=\"elementor-widget-container\">\n\t\t\t\t\t\n\n\t\t<a class=\"premium-button premium-button-style7 premium-btn-lg premium-button-style7-left\" href=\"\/en\/kontakt\/\">\n\t\t\t<div class=\"premium-button-text-icon-wrapper\">\n\t\t\t\t\n\t\t\t\t\t\t\t\t\t\t\t\t\t\t\t\t\t\t<i aria-hidden=\"true\" class=\"premium-drawable-icon premium-svg-nodraw icon icon-envelope\"><\/i>\t\t\t\t\t\t\t\t\t\t\t\t\t\t\t\n\t\t\t\t\t\t\t\t\t<span >\n\t\t\t\t\t\tKontakt\t\t\t\t\t<\/span>\n\t\t\t\t\t\t\t<\/div>\n\n\t\t\t\n\t\t\t\n\t\t\t\n\t\t<\/a>\n\n\n\t\t\t\t\t\t<\/div>\n\t\t\t\t<\/div>\n\t\t\t\t\t<\/div>\n\t\t<\/div>\n\t\t\t\t\t<\/div>\n\t\t<\/section>\n\t\t\t\t<\/div>","protected":false},"excerpt":{"rendered":"<p>myCommunity \u2013 die interaktive Gemeinde Mit myCommunity zur interaktiven Gemeinde, mit einer wirklichen Kommunikationund Interaktion mit den Einwohnerinnen und Einwohner. myCommunity \u2013 die interaktive Gemeinde Mit myCommunity zur interaktiven Gemeinde, mit einer wirklichen Kommunikationund Interaktion&hellip;<\/p>","protected":false},"author":1,"featured_media":0,"parent":0,"menu_order":0,"comment_status":"closed","ping_status":"closed","template":"","meta":{"footnotes":""},"class_list":["post-863","page","type-page","status-publish","hentry"],"_links":{"self":[{"href":"https:\/\/swissitmanagement.com\/en\/wp-json\/wp\/v2\/pages\/863","targetHints":{"allow":["GET"]}}],"collection":[{"href":"https:\/\/swissitmanagement.com\/en\/wp-json\/wp\/v2\/pages"}],"about":[{"href":"https:\/\/swissitmanagement.com\/en\/wp-json\/wp\/v2\/types\/page"}],"author":[{"embeddable":true,"href":"https:\/\/swissitmanagement.com\/en\/wp-json\/wp\/v2\/users\/1"}],"replies":[{"embeddable":true,"href":"https:\/\/swissitmanagement.com\/en\/wp-json\/wp\/v2\/comments?post=863"}],"version-history":[{"count":4,"href":"https:\/\/swissitmanagement.com\/en\/wp-json\/wp\/v2\/pages\/863\/revisions"}],"predecessor-version":[{"id":3468,"href":"https:\/\/swissitmanagement.com\/en\/wp-json\/wp\/v2\/pages\/863\/revisions\/3468"}],"wp:attachment":[{"href":"https:\/\/swissitmanagement.com\/en\/wp-json\/wp\/v2\/media?parent=863"}],"curies":[{"name":"wp","href":"https:\/\/api.w.org\/{rel}","templated":true}]}}