{"id":54,"date":"2021-07-06T22:31:23","date_gmt":"2021-07-06T20:31:23","guid":{"rendered":"https:\/\/swissitmanagement.com\/?page_id=54"},"modified":"2026-02-19T07:03:19","modified_gmt":"2026-02-19T06:03:19","slug":"projektleitung-projektmanagement","status":"publish","type":"page","link":"https:\/\/swissitmanagement.com\/en\/projektleitung-projektmanagement\/","title":{"rendered":"Projektleitung Projektmanagement"},"content":{"rendered":"<div data-elementor-type=\"wp-page\" data-elementor-id=\"54\" class=\"elementor elementor-54\" data-elementor-post-type=\"page\">\n\t\t\t\t\t\t<section class=\"elementor-section elementor-top-section elementor-element elementor-element-1ab8647 elementor-section-full_width elementor-section-height-min-height elementor-section-height-default elementor-section-items-middle\" data-id=\"1ab8647\" data-element_type=\"section\" data-e-type=\"section\" data-settings=\"{&quot;background_background&quot;:&quot;classic&quot;}\">\n\t\t\t\t\t\t\t<div class=\"elementor-background-overlay\"><\/div>\n\t\t\t\t\t\t\t<div class=\"elementor-container elementor-column-gap-no\">\n\t\t\t\t\t<div class=\"elementor-column elementor-col-100 elementor-top-column elementor-element elementor-element-a6e6f21\" data-id=\"a6e6f21\" data-element_type=\"column\" data-e-type=\"column\">\n\t\t\t<div class=\"elementor-widget-wrap elementor-element-populated\">\n\t\t\t\t\t\t<div class=\"elementor-element elementor-element-5545ac9 elementor-hidden-tablet elementor-hidden-phone eael-dual-header-content-align-center elementor-widget elementor-widget-eael-dual-color-header\" data-id=\"5545ac9\" data-element_type=\"widget\" data-e-type=\"widget\" data-widget_type=\"eael-dual-color-header.default\">\n\t\t\t\t<div class=\"elementor-widget-container\">\n\t\t\t\t\t\t\t\t<div class=\"eael-dual-header\">\n\t\t\t\t\t\t\t\t\t<span class=\"eael-dch-svg-icon\"><i aria-hidden=\"true\" class=\"icon icon-business-hour\"><\/i><\/span>\t\t\t\t\t\t\t\t<h1 class=\"title eael-dch-title\"><span class=\"eael-dch-title-text eael-dch-title-lead lead solid-color\">Projektleitung<\/span> <span class=\"eael-dch-title-text\">\/ Projektmanagement<\/span><\/h1><div class=\"eael-dch-separator-wrap\"><span class=\"separator-one\"><\/span>\n\t\t\t<span class=\"separator-two\"><\/span><\/div>\t\t\t\t<span class=\"subtext\"><p><strong>Mit unserer neutralen, externen Sichtweise und langj\u00e4hrigen Erfahrung in unterschiedlichen Branchen und Technologien bieten wir ma\u00dfgeschneiderte L\u00f6sungen f\u00fcr Projektleitung und Projektmanagement.<\/strong><\/p><\/span>\n\t\t\t<\/div>\n\t\t\t\t\t\t<\/div>\n\t\t\t\t<\/div>\n\t\t\t\t<div class=\"elementor-element elementor-element-b708889 elementor-hidden-desktop eael-dual-header-content-align-center elementor-widget elementor-widget-eael-dual-color-header\" data-id=\"b708889\" data-element_type=\"widget\" data-e-type=\"widget\" data-widget_type=\"eael-dual-color-header.default\">\n\t\t\t\t<div class=\"elementor-widget-container\">\n\t\t\t\t\t\t\t\t<div class=\"eael-dual-header\">\n\t\t\t\t\t\t\t\t\t<span class=\"eael-dch-svg-icon\"><i aria-hidden=\"true\" class=\"icon icon-business-hour\"><\/i><\/span>\t\t\t\t\t\t\t\t<h1 class=\"title eael-dch-title\"><span class=\"eael-dch-title-text eael-dch-title-lead lead solid-color\">Projektleitung<\/span> <span class=\"eael-dch-title-text\">\/ Projektmanagement<\/span><\/h1><div class=\"eael-dch-separator-wrap\"><span class=\"separator-one\"><\/span>\n\t\t\t<span class=\"separator-two\"><\/span><\/div>\t\t\t\t<span class=\"subtext\"><p><strong>Mit unserer neutralen, externen Sichtweise und langj\u00e4hrigen Erfahrung in unterschiedlichen Branchen und Technologien bieten wir ma\u00dfgeschneiderte L\u00f6sungen f\u00fcr Projektleitung und Projektmanagement.<\/strong><\/p><\/span>\n\t\t\t<\/div>\n\t\t\t\t\t\t<\/div>\n\t\t\t\t<\/div>\n\t\t\t\t\t<\/div>\n\t\t<\/div>\n\t\t\t\t\t<\/div>\n\t\t<\/section>\n\t\t\t\t<section class=\"elementor-section elementor-top-section elementor-element elementor-element-7c8ffee elementor-section-boxed elementor-section-height-default elementor-section-height-default\" data-id=\"7c8ffee\" data-element_type=\"section\" data-e-type=\"section\">\n\t\t\t\t\t\t<div class=\"elementor-container elementor-column-gap-default\">\n\t\t\t\t\t<div class=\"elementor-column elementor-col-50 elementor-top-column elementor-element elementor-element-bc352ec\" data-id=\"bc352ec\" data-element_type=\"column\" data-e-type=\"column\">\n\t\t\t<div class=\"elementor-widget-wrap elementor-element-populated\">\n\t\t\t\t\t\t<div class=\"elementor-element elementor-element-f65a557 elementor-widget elementor-widget-heading\" data-id=\"f65a557\" data-element_type=\"widget\" data-e-type=\"widget\" data-widget_type=\"heading.default\">\n\t\t\t\t<div class=\"elementor-widget-container\">\n\t\t\t\t\t<h2 class=\"elementor-heading-title elementor-size-default\">Projektleitung \/ Projektmanagement<\/h2>\t\t\t\t<\/div>\n\t\t\t\t<\/div>\n\t\t\t\t<div class=\"elementor-element elementor-element-a8164e8 elementor-widget elementor-widget-text-editor\" data-id=\"a8164e8\" data-element_type=\"widget\" data-e-type=\"widget\" data-widget_type=\"text-editor.default\">\n\t\t\t\t<div class=\"elementor-widget-container\">\n\t\t\t\t\t\t\t\t\t<p>Basierend auf einem breiten fachlichen Erfahrungsschatz und Know-how k\u00f6nnen wir f\u00fcr IT-Projekte Leitungsfunktionen \u00fcbernehmen oder diese unterst\u00fctzen.<\/p><p>Wir tun dies qualit\u00e4ts-, termin- und kostenbewusst. Nutzen Sie unsere Erfahrungen in der Einf\u00fchrung von <a href=\"https:\/\/de.wikipedia.org\/wiki\/Total-Quality-Management\" target=\"_blank\" rel=\"noopener\">TQM-Systemen<\/a>, <a href=\"https:\/\/de.wikipedia.org\/wiki\/ITIL\" target=\"_blank\" rel=\"noopener\">ITIL<\/a> und ISO-Zertifizierungen.<\/p><p>Sowohl als Generalunternehmer, wie auch in Form eines Mandatsauftrages kann SWISS IT MANAGEMENT AG Informatik-Projekte planen und f\u00fcr Sie erfolgreich konzipieren.<\/p><p>Wir bieten Ihnen eine umfassende und produkteunabh\u00e4ngige Beratung. Unter Ber\u00fccksichtigung der bestehenden Architektur, der Wirtschaftlichkeit, der personellen Ressourcen und der technischen M\u00f6glichkeiten erarbeiten wir L\u00f6sungsvorschl\u00e4ge, welche f\u00fcr Sie einen Mehrwert generieren.<\/p>\t\t\t\t\t\t\t\t<\/div>\n\t\t\t\t<\/div>\n\t\t\t\t\t<\/div>\n\t\t<\/div>\n\t\t\t\t<div class=\"elementor-column elementor-col-50 elementor-top-column elementor-element elementor-element-5594c02\" data-id=\"5594c02\" data-element_type=\"column\" data-e-type=\"column\">\n\t\t\t<div class=\"elementor-widget-wrap elementor-element-populated\">\n\t\t\t\t\t\t<div class=\"elementor-element elementor-element-aadc24a elementor-widget elementor-widget-image\" data-id=\"aadc24a\" data-element_type=\"widget\" data-e-type=\"widget\" data-widget_type=\"image.default\">\n\t\t\t\t<div class=\"elementor-widget-container\">\n\t\t\t\t\t\t\t\t\t\t\t\t\t\t\t<img fetchpriority=\"high\" decoding=\"async\" width=\"768\" height=\"444\" src=\"https:\/\/swissitmanagement.com\/wp-content\/uploads\/2021\/10\/iStock_000045123886_Large_zusammenhang-768x444.webp\" class=\"attachment-medium_large size-medium_large wp-image-2471\" alt=\"Mit unserer neutralen, externen Sichtweise und langj\u00e4hrigen Erfahrung in unterschiedlichen Branchen und Technologien bieten wir ma\u00dfgeschneiderte L\u00f6sungen f\u00fcr Projektleitung und Projektmanagement.\" srcset=\"https:\/\/swissitmanagement.com\/wp-content\/uploads\/2021\/10\/iStock_000045123886_Large_zusammenhang-768x444.webp 768w, https:\/\/swissitmanagement.com\/wp-content\/uploads\/2021\/10\/iStock_000045123886_Large_zusammenhang-300x174.webp 300w, https:\/\/swissitmanagement.com\/wp-content\/uploads\/2021\/10\/iStock_000045123886_Large_zusammenhang-1024x592.webp 1024w, https:\/\/swissitmanagement.com\/wp-content\/uploads\/2021\/10\/iStock_000045123886_Large_zusammenhang-1536x888.webp 1536w, https:\/\/swissitmanagement.com\/wp-content\/uploads\/2021\/10\/iStock_000045123886_Large_zusammenhang-scaled.webp 1920w, https:\/\/swissitmanagement.com\/wp-content\/uploads\/2021\/10\/iStock_000045123886_Large_zusammenhang-18x10.webp 18w\" sizes=\"(max-width: 768px) 100vw, 768px\" title=\"\">\t\t\t\t\t\t\t\t\t\t\t\t\t\t\t<\/div>\n\t\t\t\t<\/div>\n\t\t\t\t\t<\/div>\n\t\t<\/div>\n\t\t\t\t\t<\/div>\n\t\t<\/section>\n\t\t\t\t<section class=\"elementor-section elementor-top-section elementor-element elementor-element-8e492e4 elementor-section-boxed elementor-section-height-default elementor-section-height-default\" data-id=\"8e492e4\" data-element_type=\"section\" data-e-type=\"section\">\n\t\t\t\t\t\t<div class=\"elementor-container elementor-column-gap-default\">\n\t\t\t\t\t<div class=\"elementor-column elementor-col-100 elementor-top-column elementor-element elementor-element-4e8399a\" data-id=\"4e8399a\" data-element_type=\"column\" data-e-type=\"column\">\n\t\t\t<div class=\"elementor-widget-wrap elementor-element-populated\">\n\t\t\t\t\t\t<div class=\"elementor-element elementor-element-2493dd5 elementor-hidden-phone elementor-widget-divider--view-line elementor-widget elementor-widget-divider\" data-id=\"2493dd5\" data-element_type=\"widget\" data-e-type=\"widget\" data-widget_type=\"divider.default\">\n\t\t\t\t<div class=\"elementor-widget-container\">\n\t\t\t\t\t\t\t<div class=\"elementor-divider\">\n\t\t\t<span class=\"elementor-divider-separator\">\n\t\t\t\t\t\t<\/span>\n\t\t<\/div>\n\t\t\t\t\t\t<\/div>\n\t\t\t\t<\/div>\n\t\t\t\t\t<\/div>\n\t\t<\/div>\n\t\t\t\t\t<\/div>\n\t\t<\/section>\n\t\t\t\t<section class=\"elementor-section elementor-top-section elementor-element elementor-element-c61e46e elementor-section-boxed elementor-section-height-default elementor-section-height-default\" data-id=\"c61e46e\" data-element_type=\"section\" data-e-type=\"section\">\n\t\t\t\t\t\t<div class=\"elementor-container elementor-column-gap-default\">\n\t\t\t\t\t<div class=\"elementor-column elementor-col-50 elementor-top-column elementor-element elementor-element-273a1b1\" data-id=\"273a1b1\" data-element_type=\"column\" data-e-type=\"column\">\n\t\t\t<div class=\"elementor-widget-wrap elementor-element-populated\">\n\t\t\t\t\t\t<div class=\"elementor-element elementor-element-2278e49 elementor-widget elementor-widget-text-editor\" data-id=\"2278e49\" data-element_type=\"widget\" data-e-type=\"widget\" data-widget_type=\"text-editor.default\">\n\t\t\t\t<div class=\"elementor-widget-container\">\n\t\t\t\t\t\t\t\t\t<p><strong>Das sind unsere Leistungen f\u00fcr Sie:<\/strong><\/p><ul><li>Gesamtprojektleitungen<\/li><li>Planungsprojekte<\/li><li>Migrationsprojekte<\/li><li>Client Management Projekte<\/li><li>System Management Projekte<\/li><li>Sicherheitskonzeptionen<\/li><li>Kommunikationsprojekte<\/li><\/ul>\t\t\t\t\t\t\t\t<\/div>\n\t\t\t\t<\/div>\n\t\t\t\t\t<\/div>\n\t\t<\/div>\n\t\t\t\t<div class=\"elementor-column elementor-col-50 elementor-top-column elementor-element elementor-element-d96df09\" data-id=\"d96df09\" data-element_type=\"column\" data-e-type=\"column\">\n\t\t\t<div class=\"elementor-widget-wrap elementor-element-populated\">\n\t\t\t\t\t\t<div class=\"elementor-element elementor-element-fdcf9e8 elementor-widget elementor-widget-text-editor\" data-id=\"fdcf9e8\" data-element_type=\"widget\" data-e-type=\"widget\" data-widget_type=\"text-editor.default\">\n\t\t\t\t<div class=\"elementor-widget-container\">\n\t\t\t\t\t\t\t\t\t<p><strong>Ihr Nutzen<\/strong><\/p><ul><li>Ressourcen auf Ihr Projekt abgestimmt<\/li><li>Grosser Erfahrungsschatz in unterschiedlichen Branchen und Technologien<\/li><li>Externe Sichtweise<\/li><\/ul><p>\u00a0<\/p>\t\t\t\t\t\t\t\t<\/div>\n\t\t\t\t<\/div>\n\t\t\t\t\t<\/div>\n\t\t<\/div>\n\t\t\t\t\t<\/div>\n\t\t<\/section>\n\t\t\t\t<section class=\"elementor-section elementor-top-section elementor-element elementor-element-9795e87 elementor-section-boxed elementor-section-height-default elementor-section-height-default\" data-id=\"9795e87\" data-element_type=\"section\" data-e-type=\"section\">\n\t\t\t\t\t\t<div class=\"elementor-container elementor-column-gap-default\">\n\t\t\t\t\t<div class=\"elementor-column elementor-col-100 elementor-top-column elementor-element elementor-element-12e51ba\" data-id=\"12e51ba\" data-element_type=\"column\" data-e-type=\"column\">\n\t\t\t<div class=\"elementor-widget-wrap elementor-element-populated\">\n\t\t\t\t\t\t<div class=\"elementor-element elementor-element-57004da elementor-widget-divider--view-line elementor-widget elementor-widget-divider\" data-id=\"57004da\" data-element_type=\"widget\" data-e-type=\"widget\" data-widget_type=\"divider.default\">\n\t\t\t\t<div class=\"elementor-widget-container\">\n\t\t\t\t\t\t\t<div class=\"elementor-divider\">\n\t\t\t<span class=\"elementor-divider-separator\">\n\t\t\t\t\t\t<\/span>\n\t\t<\/div>\n\t\t\t\t\t\t<\/div>\n\t\t\t\t<\/div>\n\t\t\t\t\t<\/div>\n\t\t<\/div>\n\t\t\t\t\t<\/div>\n\t\t<\/section>\n\t\t\t\t<section class=\"elementor-section elementor-top-section elementor-element elementor-element-05c9cff elementor-section-boxed elementor-section-height-default elementor-section-height-default\" data-id=\"05c9cff\" data-element_type=\"section\" data-e-type=\"section\">\n\t\t\t\t\t\t<div class=\"elementor-container elementor-column-gap-default\">\n\t\t\t\t\t<div class=\"elementor-column elementor-col-100 elementor-top-column elementor-element elementor-element-d3b2fe5\" data-id=\"d3b2fe5\" data-element_type=\"column\" data-e-type=\"column\">\n\t\t\t<div class=\"elementor-widget-wrap elementor-element-populated\">\n\t\t\t\t\t\t<div class=\"elementor-element elementor-element-803882a elementor-widget elementor-widget-text-editor\" data-id=\"803882a\" data-element_type=\"widget\" data-e-type=\"widget\" data-widget_type=\"text-editor.default\">\n\t\t\t\t<div class=\"elementor-widget-container\">\n\t\t\t\t\t\t\t\t\t<h3><strong>Setzen Sie auf SWISS IT MANAGEMENT AG<br \/><\/strong><\/h3><p>Das Portfolio der SWISS IT MANAGEMENT AG zeichnet sich durch umfassende IT-Dienstleistungen aus. Mit einem fundierten Fachwissen \u00fcbernehmen wir qualit\u00e4ts-, termin- und kostenbewusst Leitungsfunktionen oder unterst\u00fctzen IT-Projekte. Unsere Expertise erstreckt sich \u00fcber die Einf\u00fchrung von TQM-Systemen, ITIL bis hin zu ISO-Zertifizierungen. In der Rolle des Generalunternehmers oder im Rahmen eines Mandatsauftrags planen und konzipieren wir erfolgreich Informatikprojekte.<\/p><h3><strong>Mehr als nur umfangreiche Leistung in Projektleitung &amp; Projektmanagement<\/strong><\/h3><p>Unsere Dienstleistungen umfassen Gesamtprojektleitungen, Planungsprojekte, Migrationsprojekte, Client Management Projekte, System Management Projekte, Sicherheitskonzeptionen sowie Kommunikationsprojekte. Mit einer produktunabh\u00e4ngigen Beratung ber\u00fccksichtigen wir Ihre bestehende Architektur, Wirtschaftlichkeit, personelle Ressourcen und technischen M\u00f6glichkeiten. Dabei erarbeiten wir ma\u00dfgeschneiderte L\u00f6sungsvorschl\u00e4ge, die f\u00fcr Sie einen nachhaltigen Mehrwert generieren. Vertrauen Sie auf unsere Erfahrung und Kompetenz f\u00fcr erfolgreiche IT-Projekte und eine optimale Weiterentwicklung Ihrer Unternehmensinfrastruktur.<\/p><p>Sie interessieren sich f\u00fcr\u00a0<strong>Projektleitung \/ Projektmanagement<\/strong>, wissen aber nicht, wo Sie anfangen sollen? Oder ben\u00f6tigen Sie konkrete Unterst\u00fctzung? Melden Sie sich gerne bei uns!<\/p>\t\t\t\t\t\t\t\t<\/div>\n\t\t\t\t<\/div>\n\t\t\t\t\t<\/div>\n\t\t<\/div>\n\t\t\t\t\t<\/div>\n\t\t<\/section>\n\t\t\t\t<section class=\"elementor-section elementor-top-section elementor-element elementor-element-a89e339 elementor-section-boxed elementor-section-height-default elementor-section-height-default\" data-id=\"a89e339\" data-element_type=\"section\" data-e-type=\"section\">\n\t\t\t\t\t\t<div class=\"elementor-container elementor-column-gap-default\">\n\t\t\t\t\t<div class=\"elementor-column elementor-col-100 elementor-top-column elementor-element elementor-element-f3edc35\" data-id=\"f3edc35\" data-element_type=\"column\" data-e-type=\"column\">\n\t\t\t<div class=\"elementor-widget-wrap elementor-element-populated\">\n\t\t\t\t\t\t<div class=\"elementor-element elementor-element-147268d pa-icon-pos-before premium-lq__none elementor-widget elementor-widget-premium-addon-button\" data-id=\"147268d\" data-element_type=\"widget\" data-e-type=\"widget\" data-widget_type=\"premium-addon-button.default\">\n\t\t\t\t<div class=\"elementor-widget-container\">\n\t\t\t\t\t\n\n\t\t<a class=\"premium-button premium-button-style7 premium-btn-lg premium-button-style7-left\" href=\"\/en\/kontakt\/\">\n\t\t\t<div class=\"premium-button-text-icon-wrapper\">\n\t\t\t\t\n\t\t\t\t\t\t\t\t\t\t\t\t\t\t\t\t\t\t<i aria-hidden=\"true\" class=\"premium-drawable-icon premium-svg-nodraw icon icon-envelope\"><\/i>\t\t\t\t\t\t\t\t\t\t\t\t\t\t\t\n\t\t\t\t\t\t\t\t\t<span >\n\t\t\t\t\t\tKontakt\t\t\t\t\t<\/span>\n\t\t\t\t\t\t\t<\/div>\n\n\t\t\t\n\t\t\t\n\t\t\t\n\t\t<\/a>\n\n\n\t\t\t\t\t\t<\/div>\n\t\t\t\t<\/div>\n\t\t\t\t\t<\/div>\n\t\t<\/div>\n\t\t\t\t\t<\/div>\n\t\t<\/section>\n\t\t\t\t<\/div>","protected":false},"excerpt":{"rendered":"<p>Projektleitung \/ Projektmanagement Mit unserer neutralen, externen Sichtweise und langj\u00e4hrigen Erfahrung in unterschiedlichen Branchen und Technologien bieten wir ma\u00dfgeschneiderte L\u00f6sungen f\u00fcr Projektleitung und Projektmanagement. Projektleitung \/ Projektmanagement Mit unserer neutralen, externen Sichtweise und langj\u00e4hrigen Erfahrung&hellip;<\/p>","protected":false},"author":1,"featured_media":1473,"parent":0,"menu_order":0,"comment_status":"closed","ping_status":"closed","template":"","meta":{"footnotes":""},"class_list":["post-54","page","type-page","status-publish","has-post-thumbnail","hentry"],"_links":{"self":[{"href":"https:\/\/swissitmanagement.com\/en\/wp-json\/wp\/v2\/pages\/54","targetHints":{"allow":["GET"]}}],"collection":[{"href":"https:\/\/swissitmanagement.com\/en\/wp-json\/wp\/v2\/pages"}],"about":[{"href":"https:\/\/swissitmanagement.com\/en\/wp-json\/wp\/v2\/types\/page"}],"author":[{"embeddable":true,"href":"https:\/\/swissitmanagement.com\/en\/wp-json\/wp\/v2\/users\/1"}],"replies":[{"embeddable":true,"href":"https:\/\/swissitmanagement.com\/en\/wp-json\/wp\/v2\/comments?post=54"}],"version-history":[{"count":6,"href":"https:\/\/swissitmanagement.com\/en\/wp-json\/wp\/v2\/pages\/54\/revisions"}],"predecessor-version":[{"id":3408,"href":"https:\/\/swissitmanagement.com\/en\/wp-json\/wp\/v2\/pages\/54\/revisions\/3408"}],"wp:featuredmedia":[{"embeddable":true,"href":"https:\/\/swissitmanagement.com\/en\/wp-json\/wp\/v2\/media\/1473"}],"wp:attachment":[{"href":"https:\/\/swissitmanagement.com\/en\/wp-json\/wp\/v2\/media?parent=54"}],"curies":[{"name":"wp","href":"https:\/\/api.w.org\/{rel}","templated":true}]}}