{"id":44,"date":"2021-07-06T22:09:46","date_gmt":"2021-07-06T20:09:46","guid":{"rendered":"https:\/\/swissitmanagement.com\/?page_id=44"},"modified":"2026-02-19T07:06:50","modified_gmt":"2026-02-19T06:06:50","slug":"impressum","status":"publish","type":"page","link":"https:\/\/swissitmanagement.com\/en\/impressum\/","title":{"rendered":"Impressum"},"content":{"rendered":"<div data-elementor-type=\"wp-page\" data-elementor-id=\"44\" class=\"elementor elementor-44\" data-elementor-post-type=\"page\">\n\t\t\t\t\t\t<section class=\"elementor-section elementor-top-section elementor-element elementor-element-6b525dc elementor-section-boxed elementor-section-height-default elementor-section-height-default\" data-id=\"6b525dc\" data-element_type=\"section\" data-e-type=\"section\">\n\t\t\t\t\t\t<div class=\"elementor-container elementor-column-gap-default\">\n\t\t\t\t\t<div class=\"elementor-column elementor-col-100 elementor-top-column elementor-element elementor-element-3d955d5\" data-id=\"3d955d5\" data-element_type=\"column\" data-e-type=\"column\">\n\t\t\t<div class=\"elementor-widget-wrap elementor-element-populated\">\n\t\t\t\t\t\t<div class=\"elementor-element elementor-element-733711b elementor-widget elementor-widget-image\" data-id=\"733711b\" data-element_type=\"widget\" data-e-type=\"widget\" data-widget_type=\"image.default\">\n\t\t\t\t<div class=\"elementor-widget-container\">\n\t\t\t\t\t\t\t\t\t\t\t\t\t\t\t<img fetchpriority=\"high\" decoding=\"async\" width=\"1020\" height=\"600\" src=\"https:\/\/swissitmanagement.com\/wp-content\/uploads\/2021\/07\/agb.webp\" class=\"attachment-full size-full wp-image-278\" alt=\"\" srcset=\"https:\/\/swissitmanagement.com\/wp-content\/uploads\/2021\/07\/agb.webp 1020w, https:\/\/swissitmanagement.com\/wp-content\/uploads\/2021\/07\/agb-300x176.webp 300w, https:\/\/swissitmanagement.com\/wp-content\/uploads\/2021\/07\/agb-768x452.webp 768w\" sizes=\"(max-width: 1020px) 100vw, 1020px\" title=\"\">\t\t\t\t\t\t\t\t\t\t\t\t\t\t\t<\/div>\n\t\t\t\t<\/div>\n\t\t\t\t<div class=\"elementor-element elementor-element-a627ae3 elementor-widget elementor-widget-heading\" data-id=\"a627ae3\" data-element_type=\"widget\" data-e-type=\"widget\" data-widget_type=\"heading.default\">\n\t\t\t\t<div class=\"elementor-widget-container\">\n\t\t\t\t\t<h1 class=\"elementor-heading-title elementor-size-default\">Impressum<\/h1>\t\t\t\t<\/div>\n\t\t\t\t<\/div>\n\t\t\t\t\t<\/div>\n\t\t<\/div>\n\t\t\t\t\t<\/div>\n\t\t<\/section>\n\t\t\t\t<section class=\"elementor-section elementor-top-section elementor-element elementor-element-4ae03c81 elementor-section-boxed elementor-section-height-default elementor-section-height-default\" data-id=\"4ae03c81\" data-element_type=\"section\" data-e-type=\"section\">\n\t\t\t\t\t\t<div class=\"elementor-container elementor-column-gap-default\">\n\t\t\t\t\t<div class=\"elementor-column elementor-col-100 elementor-top-column elementor-element elementor-element-5f506a0d\" data-id=\"5f506a0d\" data-element_type=\"column\" data-e-type=\"column\">\n\t\t\t<div class=\"elementor-widget-wrap elementor-element-populated\">\n\t\t\t\t\t\t<div class=\"elementor-element elementor-element-614dc1cd elementor-widget elementor-widget-text-editor\" data-id=\"614dc1cd\" data-element_type=\"widget\" data-e-type=\"widget\" data-widget_type=\"text-editor.default\">\n\t\t\t\t<div class=\"elementor-widget-container\">\n\t\t\t\t\t\t\t\t\t\n<p><strong>Swiss IT Management AG<\/strong><br \/><span class=\"spRight\">Sihleggstrasse 23 <br \/>8832 Wollerau<\/span><br \/><br \/>Tel.: +41 (0)44 586 49 87<br \/>E-Mail.: <a href=\"mailto:info@swissitmanagement.com\" target=\"_blank\" rel=\"noreferrer noopener\">info@swissitmanagement.com<\/a><br \/><br \/><br \/><strong>Inhaber und verantwortlich f\u00fcr den Inhalt:<\/strong><br \/>Sascha Reinger<\/p>\n\n<h3 class=\"wp-block-heading\">Legal<\/h3>\n\n<p>Anwendungsbedingungen<br \/>Mit dem Zugriff auf die WebSite der SWISS IT MANAGEMENT.ch AG (SWITMA) und deren Inhalt erkl\u00e4ren Sie sich mit den folgenden rechtlichen Informationen und Anwendungsbedingungen einverstanden.<br \/><br \/>Kein Angebot<br \/>Die WebSite der SWITMA bietet dem Betrachter allgemeine Informationen \u00fcber die Firma, deren Kompetenzen und Dienstleistungen. Diese Angaben haben rein informativen Charakter und dienen der Informationsvermittlung. Sie stellen kein Angebot im rechtlichen Sinne dar. F\u00fcr detaillierte und verbindliche Angaben setzen Sie sich bitte pers\u00f6nlich mit den zust\u00e4ndigen Mitarbeitern der SWITMA in Verbindung oder lesen Sie die AGB&#8217;s der SWITMA.<br \/><br \/>Copyright<br \/>S\u00e4mtliche auf der Website enthaltenen Elemente geh\u00f6ren der SWITMA und werden zu Browsingzwecken zur Verf\u00fcgung gestellt. Angebotene Downloads m\u00fcssen im Originalzustand belassen werden. Sie d\u00fcrfen in keiner Weise ver\u00e4ndert werden.<br \/><br \/>Ohne Gew\u00e4hr<br \/>Obwohl die Website der SWITMA mit aller Sorgfalt erstellt und betrieben wird, kann keine Verantwortung f\u00fcr die Richtigkeit und Vollst\u00e4ndigkeit der ver\u00f6ffentlichten Daten \u00fcbernommen werden. Die SWITMA gibt keine Garantie daf\u00fcr, dass Funktionen und Inhalte fehlerfrei sind und der Wirklichkeit entsprechen.<br \/><br \/><strong>Analytische Modelle<br \/><\/strong>Insbesondere bei analytischen Modellen darf nicht davon ausgegangen werden, dass die errechneten Werte exakt sind. Wir empfehlen Ihnen diese Wert nur als Besprechungsgrundlage f\u00fcr eine pers\u00f6nliche Beratung zu verwenden und keine Schl\u00fcsse daraus zu ziehen. Die SWITMA haftet in keinem Fall f\u00fcr allf\u00e4lligen direkten oder indirekten Schaden und f\u00fcr eventuelle Folgesch\u00e4den, welche als Folge des Gebrauchs von Informationen auf der SWITMA-WebSite oder durch den Zugriff \u00fcber Links auf andere Webseiten entsteht. Die SWITMA lehnt diesbez\u00fcglich jegliche Haftung ab.<br \/><br \/><strong>\u00c4nderungen<br \/><\/strong>Das Recht, die WebSite jederzeit abzu\u00e4ndern, beh\u00e4lt sich die SWITMA vor. Lesen Sie deshalb diese Bestimmungen vor jedem Besuch auf der SWITMA-WebSite.<br \/><br \/><strong>Links<br \/><\/strong>F\u00fcr Informationen von und Links zu Dritten \u00fcbernimmt die SWITMA keine Haftung. Ebenso erkl\u00e4rt sie sich nicht automatisch mit diesen Inhalten einverstanden.<br \/><br \/><strong>Keine Virengarantie<br \/><\/strong>Die SWITMA kann keine Garantie daf\u00fcr geben, dass die WebSite frei von Viren oder sch\u00e4dlichen Komponenten ist.<\/p>\n\t\t\t\t\t\t\t\t<\/div>\n\t\t\t\t<\/div>\n\t\t\t\t\t<\/div>\n\t\t<\/div>\n\t\t\t\t\t<\/div>\n\t\t<\/section>\n\t\t\t\t<\/div>","protected":false},"excerpt":{"rendered":"<p>Impressum Swiss IT Management AGSihleggstrasse 23 8832 Wollerau Tel.: +41 (0)44 586 49 87E-Mail.: info@swissitmanagement.com Inhaber und verantwortlich f\u00fcr den Inhalt:Sascha Reinger Legal AnwendungsbedingungenMit dem Zugriff auf die WebSite der SWISS IT MANAGEMENT.ch AG (SWITMA)&hellip;<\/p>","protected":false},"author":1,"featured_media":0,"parent":0,"menu_order":0,"comment_status":"closed","ping_status":"closed","template":"","meta":{"footnotes":""},"class_list":["post-44","page","type-page","status-publish","hentry"],"_links":{"self":[{"href":"https:\/\/swissitmanagement.com\/en\/wp-json\/wp\/v2\/pages\/44","targetHints":{"allow":["GET"]}}],"collection":[{"href":"https:\/\/swissitmanagement.com\/en\/wp-json\/wp\/v2\/pages"}],"about":[{"href":"https:\/\/swissitmanagement.com\/en\/wp-json\/wp\/v2\/types\/page"}],"author":[{"embeddable":true,"href":"https:\/\/swissitmanagement.com\/en\/wp-json\/wp\/v2\/users\/1"}],"replies":[{"embeddable":true,"href":"https:\/\/swissitmanagement.com\/en\/wp-json\/wp\/v2\/comments?post=44"}],"version-history":[{"count":3,"href":"https:\/\/swissitmanagement.com\/en\/wp-json\/wp\/v2\/pages\/44\/revisions"}],"predecessor-version":[{"id":3475,"href":"https:\/\/swissitmanagement.com\/en\/wp-json\/wp\/v2\/pages\/44\/revisions\/3475"}],"wp:attachment":[{"href":"https:\/\/swissitmanagement.com\/en\/wp-json\/wp\/v2\/media?parent=44"}],"curies":[{"name":"wp","href":"https:\/\/api.w.org\/{rel}","templated":true}]}}