{"id":2877,"date":"2022-02-23T18:28:55","date_gmt":"2022-02-23T17:28:55","guid":{"rendered":"https:\/\/swissitmanagement.com\/?page_id=2877"},"modified":"2026-02-19T07:02:47","modified_gmt":"2026-02-19T06:02:47","slug":"5-punkte-notfallplan-cyber-security","status":"publish","type":"page","link":"https:\/\/swissitmanagement.com\/en\/5-punkte-notfallplan-cyber-security\/","title":{"rendered":"5-Punkte Notfallplan der Cyber Security"},"content":{"rendered":"<div data-elementor-type=\"wp-page\" data-elementor-id=\"2877\" class=\"elementor elementor-2877\" data-elementor-post-type=\"page\">\n\t\t\t\t\t\t<section class=\"elementor-section elementor-top-section elementor-element elementor-element-da9ec98 elementor-section-full_width elementor-section-height-min-height elementor-section-height-default elementor-section-items-middle\" data-id=\"da9ec98\" data-element_type=\"section\" data-e-type=\"section\" data-settings=\"{&quot;background_background&quot;:&quot;classic&quot;}\">\n\t\t\t\t\t\t\t<div class=\"elementor-background-overlay\"><\/div>\n\t\t\t\t\t\t\t<div class=\"elementor-container elementor-column-gap-no\">\n\t\t\t\t\t<div class=\"elementor-column elementor-col-100 elementor-top-column elementor-element elementor-element-250179c\" data-id=\"250179c\" data-element_type=\"column\" data-e-type=\"column\">\n\t\t\t<div class=\"elementor-widget-wrap elementor-element-populated\">\n\t\t\t\t\t\t<div class=\"elementor-element elementor-element-071824d elementor-hidden-phone eael-dual-header-content-align-center elementor-widget elementor-widget-eael-dual-color-header\" data-id=\"071824d\" data-element_type=\"widget\" data-e-type=\"widget\" data-widget_type=\"eael-dual-color-header.default\">\n\t\t\t\t<div class=\"elementor-widget-container\">\n\t\t\t\t\t\t\t\t<div class=\"eael-dual-header\">\n\t\t\t\t\t\t\t\t\t<span class=\"eael-dch-svg-icon\"><i aria-hidden=\"true\" class=\"icon icon-padlock-1\"><\/i><\/span>\t\t\t\t\t\t\t\t<h1 class=\"title eael-dch-title\"><span class=\"eael-dch-title-text eael-dch-title-lead lead solid-color\">5-Punkte Notfallplan<\/span> <span class=\"eael-dch-title-text\">der Cyber Security<\/span><\/h1><div class=\"eael-dch-separator-wrap\"><span class=\"separator-one\"><\/span>\n\t\t\t<span class=\"separator-two\"><\/span><\/div>\t\t\t\t<span class=\"subtext\"><p><strong>Ob KMU, Grosskonzern, Kantonale Verwaltung oder Gemeinde: Wer ein mit dem Internet verbundenes IT-System betreibt und sch\u00fctzenswerte Daten speichert, braucht zwingend ein Notfallkonzept.<\/strong><\/p><p><strong>Vorbereitung ist die einzige nutzbringende Versicherung: Unser 5-Punkte Notfallplan!<br \/><\/strong><\/p><\/span>\n\t\t\t<\/div>\n\t\t\t\t\t\t<\/div>\n\t\t\t\t<\/div>\n\t\t\t\t<div class=\"elementor-element elementor-element-43c6484 elementor-hidden-desktop elementor-hidden-tablet eael-dual-header-content-align-center elementor-widget elementor-widget-eael-dual-color-header\" data-id=\"43c6484\" data-element_type=\"widget\" data-e-type=\"widget\" data-widget_type=\"eael-dual-color-header.default\">\n\t\t\t\t<div class=\"elementor-widget-container\">\n\t\t\t\t\t\t\t\t<div class=\"eael-dual-header\">\n\t\t\t\t\t\t\t\t\t<span class=\"eael-dch-svg-icon\"><i aria-hidden=\"true\" class=\"icon icon-list-1\"><\/i><\/span>\t\t\t\t\t\t\t\t<h1 class=\"title eael-dch-title\"><span class=\"eael-dch-title-text eael-dch-title-lead lead solid-color\">5-Punkte Notfallplan<\/span> <span class=\"eael-dch-title-text\">der Cyber Security<\/span><\/h1><div class=\"eael-dch-separator-wrap\"><span class=\"separator-one\"><\/span>\n\t\t\t<span class=\"separator-two\"><\/span><\/div>\t\t\t\t<span class=\"subtext\"><p><strong>Ob KMU, Grosskonzern, Kantonale Verwaltung oder Gemeinde: Wer ein mit dem Internet verbundenes IT-System betreibt und sch\u00fctzenswerte Daten speichert, braucht zwingend ein Notfallkonzept.<\/strong><\/p><p><strong>Vorbereitung ist die einzige nutzbringende Versicherung: Unser 5-Punkte Notfallplan!<\/strong><\/p><\/span>\n\t\t\t<\/div>\n\t\t\t\t\t\t<\/div>\n\t\t\t\t<\/div>\n\t\t\t\t\t<\/div>\n\t\t<\/div>\n\t\t\t\t\t<\/div>\n\t\t<\/section>\n\t\t\t\t<section class=\"elementor-section elementor-top-section elementor-element elementor-element-45fb5d4 elementor-section-boxed elementor-section-height-default elementor-section-height-default\" data-id=\"45fb5d4\" data-element_type=\"section\" data-e-type=\"section\">\n\t\t\t\t\t\t<div class=\"elementor-container elementor-column-gap-default\">\n\t\t\t\t\t<div class=\"elementor-column elementor-col-100 elementor-top-column elementor-element elementor-element-dad079f\" data-id=\"dad079f\" data-element_type=\"column\" data-e-type=\"column\">\n\t\t\t<div class=\"elementor-widget-wrap elementor-element-populated\">\n\t\t\t\t\t\t<div class=\"elementor-element elementor-element-410ae97 elementor-widget elementor-widget-heading\" data-id=\"410ae97\" data-element_type=\"widget\" data-e-type=\"widget\" data-widget_type=\"heading.default\">\n\t\t\t\t<div class=\"elementor-widget-container\">\n\t\t\t\t\t<h2 class=\"elementor-heading-title elementor-size-default\">Vorbereitung ist die einzige Versicherung<\/h2>\t\t\t\t<\/div>\n\t\t\t\t<\/div>\n\t\t\t\t\t<\/div>\n\t\t<\/div>\n\t\t\t\t\t<\/div>\n\t\t<\/section>\n\t\t\t\t<section class=\"elementor-section elementor-top-section elementor-element elementor-element-6f8dffb elementor-section-boxed elementor-section-height-default elementor-section-height-default\" data-id=\"6f8dffb\" data-element_type=\"section\" data-e-type=\"section\">\n\t\t\t\t\t\t<div class=\"elementor-container elementor-column-gap-default\">\n\t\t\t\t\t<div class=\"elementor-column elementor-col-100 elementor-top-column elementor-element elementor-element-6f77624\" data-id=\"6f77624\" data-element_type=\"column\" data-e-type=\"column\">\n\t\t\t<div class=\"elementor-widget-wrap elementor-element-populated\">\n\t\t\t\t\t\t<div class=\"elementor-element elementor-element-1e3e5a3 elementor-widget elementor-widget-text-editor\" data-id=\"1e3e5a3\" data-element_type=\"widget\" data-e-type=\"widget\" data-widget_type=\"text-editor.default\">\n\t\t\t\t<div class=\"elementor-widget-container\">\n\t\t\t\t\t\t\t\t\t<p>\u00abMit <a href=\"https:\/\/de.wikipedia.org\/wiki\/Ransomware\" target=\"_blank\" rel=\"noopener\">Ransomware<\/a> ist es den Cyberkriminellen gelungen, ein universelles Gesch\u00e4ftsmodell zu entwickeln. Denn erpressen l\u00e4sst sich fast jeder, der auf eine funktionierende IT-Infrastruktur und digitale Daten angewiesen ist.\u00bb quelle: nzz.ch<\/p>\t\t\t\t\t\t\t\t<\/div>\n\t\t\t\t<\/div>\n\t\t\t\t\t<\/div>\n\t\t<\/div>\n\t\t\t\t\t<\/div>\n\t\t<\/section>\n\t\t\t\t<section class=\"elementor-section elementor-top-section elementor-element elementor-element-9df5616 elementor-section-boxed elementor-section-height-default elementor-section-height-default\" data-id=\"9df5616\" data-element_type=\"section\" data-e-type=\"section\">\n\t\t\t\t\t\t<div class=\"elementor-container elementor-column-gap-default\">\n\t\t\t\t\t<div class=\"elementor-column elementor-col-100 elementor-top-column elementor-element elementor-element-7dd954d\" data-id=\"7dd954d\" data-element_type=\"column\" data-e-type=\"column\">\n\t\t\t<div class=\"elementor-widget-wrap elementor-element-populated\">\n\t\t\t\t\t\t<div class=\"elementor-element elementor-element-17a19b3 elementor-widget elementor-widget-text-editor\" data-id=\"17a19b3\" data-element_type=\"widget\" data-e-type=\"widget\" data-widget_type=\"text-editor.default\">\n\t\t\t\t<div class=\"elementor-widget-container\">\n\t\t\t\t\t\t\t\t\t<p>Ob KMU, Grosskonzern, Kantonale Verwaltung oder Gemeinde: Wer ein mit dem Internet verbundenes IT-System betreibt und sch\u00fctzenswerte Daten speichert, braucht zwingend ein Notfallkonzept.<\/p>\t\t\t\t\t\t\t\t<\/div>\n\t\t\t\t<\/div>\n\t\t\t\t\t<\/div>\n\t\t<\/div>\n\t\t\t\t\t<\/div>\n\t\t<\/section>\n\t\t\t\t<section class=\"elementor-section elementor-top-section elementor-element elementor-element-298a54f elementor-section-boxed elementor-section-height-default elementor-section-height-default\" data-id=\"298a54f\" data-element_type=\"section\" data-e-type=\"section\">\n\t\t\t\t\t\t<div class=\"elementor-container elementor-column-gap-default\">\n\t\t\t\t\t<div class=\"elementor-column elementor-col-100 elementor-top-column elementor-element elementor-element-169393f\" data-id=\"169393f\" data-element_type=\"column\" data-e-type=\"column\">\n\t\t\t<div class=\"elementor-widget-wrap elementor-element-populated\">\n\t\t\t\t\t\t<div class=\"elementor-element elementor-element-6bc6e7f elementor-widget elementor-widget-heading\" data-id=\"6bc6e7f\" data-element_type=\"widget\" data-e-type=\"widget\" data-widget_type=\"heading.default\">\n\t\t\t\t<div class=\"elementor-widget-container\">\n\t\t\t\t\t<h2 class=\"elementor-heading-title elementor-size-default\">Ihr Notfallkonzept - Der 5-Punkte Notfallplan<\/h2>\t\t\t\t<\/div>\n\t\t\t\t<\/div>\n\t\t\t\t\t<\/div>\n\t\t<\/div>\n\t\t\t\t\t<\/div>\n\t\t<\/section>\n\t\t\t\t<section class=\"elementor-section elementor-top-section elementor-element elementor-element-76c01f0 elementor-section-boxed elementor-section-height-default elementor-section-height-default\" data-id=\"76c01f0\" data-element_type=\"section\" data-e-type=\"section\">\n\t\t\t\t\t\t<div class=\"elementor-container elementor-column-gap-no\">\n\t\t\t\t\t<div class=\"elementor-column elementor-col-100 elementor-top-column elementor-element elementor-element-f836638\" data-id=\"f836638\" data-element_type=\"column\" data-e-type=\"column\">\n\t\t\t<div class=\"elementor-widget-wrap elementor-element-populated\">\n\t\t\t\t\t\t<section class=\"elementor-section elementor-inner-section elementor-element elementor-element-04504a7 elementor-section-boxed elementor-section-height-default elementor-section-height-default\" data-id=\"04504a7\" data-element_type=\"section\" data-e-type=\"section\">\n\t\t\t\t\t\t<div class=\"elementor-container elementor-column-gap-default\">\n\t\t\t\t\t<div class=\"elementor-column elementor-col-50 elementor-inner-column elementor-element elementor-element-454f52e\" data-id=\"454f52e\" data-element_type=\"column\" data-e-type=\"column\">\n\t\t\t<div class=\"elementor-widget-wrap elementor-element-populated\">\n\t\t\t\t\t\t<div class=\"elementor-element elementor-element-927bb32 elementor-widget elementor-widget-text-editor\" data-id=\"927bb32\" data-element_type=\"widget\" data-e-type=\"widget\" data-widget_type=\"text-editor.default\">\n\t\t\t\t<div class=\"elementor-widget-container\">\n\t\t\t\t\t\t\t\t\t<p>Der Swiss IT Management 5 Punkte Plan ist Ihr Notfallkonzept und beinhaltet:<\/p><ul><li><strong>M\u00f6gliche Schachstellen ermitteln (<a href=\"https:\/\/swissitmanagement.com\/en\/cyber-security-check-gemeinde-light\/\">Cyber Security Check light<\/a> \/ <a href=\"https:\/\/swissitmanagement.com\/en\/cyber-security-check-gemeinde-gold\/\">gold<\/a>)<\/strong><\/li><li><strong>Schwachstellen bewerten (Risikoanalyse) und Abwehr-Massnahmen einleiten<\/strong><\/li><li><strong>Datenfluss \u00fcberwachen (Logging)<\/strong><\/li><li><strong>Backup- und <a href=\"https:\/\/swissitmanagement.com\/en\/disaster-recovery-business-continuity\/\">Desaster Recovery-Konzept<\/a> erstellen und einf\u00fchren<\/strong><\/li><li><strong>Vorgehen bez\u00fcglich Krisenkommunikation definieren<\/strong><\/li><\/ul><div>\u00a0<\/div><p>Die Sicherheit Ihrer Gemeinde steht an erster Stelle. Unser Swiss IT Management 5-Punkte-Plan geht \u00fcber herk\u00f6mmliche Sicherheitsma\u00dfnahmen hinaus, indem er nicht nur auf m\u00f6gliche Schwachstellen eingeht, sondern auch den gesamten Datenfluss \u00fcberwacht. Damit sind Sie nicht nur vor Cyberangriffen gesch\u00fctzt, sondern k\u00f6nnen auch fr\u00fchzeitig auf m\u00f6gliche Sicherheitsl\u00fccken reagieren.<\/p><p>Mit unserem erfahrenen Team an Ihrer Seite bieten wir nicht nur Schutz, sondern auch innovative L\u00f6sungen, um die Effizienz Ihrer Gemeinde zu steigern. Unser ganzheitlicher Ansatz umfasst nicht nur die technische Seite, sondern auch Schulungen f\u00fcr Mitarbeiter, um das Bewusstsein f\u00fcr Cyberbedrohungen zu sch\u00e4rfen.<\/p>\t\t\t\t\t\t\t\t<\/div>\n\t\t\t\t<\/div>\n\t\t\t\t\t<\/div>\n\t\t<\/div>\n\t\t\t\t<div class=\"elementor-column elementor-col-50 elementor-inner-column elementor-element elementor-element-92fc405\" data-id=\"92fc405\" data-element_type=\"column\" data-e-type=\"column\">\n\t\t\t<div class=\"elementor-widget-wrap elementor-element-populated\">\n\t\t\t\t\t\t<div class=\"elementor-element elementor-element-c4c933b elementor-widget elementor-widget-image\" data-id=\"c4c933b\" data-element_type=\"widget\" data-e-type=\"widget\" data-widget_type=\"image.default\">\n\t\t\t\t<div class=\"elementor-widget-container\">\n\t\t\t\t\t\t\t\t\t\t\t\t\t\t\t<img fetchpriority=\"high\" decoding=\"async\" width=\"750\" height=\"468\" src=\"https:\/\/swissitmanagement.com\/wp-content\/uploads\/2022\/01\/ransomware_1.webp\" class=\"attachment-full size-full wp-image-2722\" alt=\"Effektiver Notfallplan: Schutz vor Ransomware-Angriffen f\u00fcr Ihr Unternehmen\" srcset=\"https:\/\/swissitmanagement.com\/wp-content\/uploads\/2022\/01\/ransomware_1.webp 750w, https:\/\/swissitmanagement.com\/wp-content\/uploads\/2022\/01\/ransomware_1-300x187.webp 300w, https:\/\/swissitmanagement.com\/wp-content\/uploads\/2022\/01\/ransomware_1-18x12.webp 18w\" sizes=\"(max-width: 750px) 100vw, 750px\" title=\"\">\t\t\t\t\t\t\t\t\t\t\t\t\t\t\t<\/div>\n\t\t\t\t<\/div>\n\t\t\t\t<div class=\"elementor-element elementor-element-8b2db4b elementor-widget elementor-widget-text-editor\" data-id=\"8b2db4b\" data-element_type=\"widget\" data-e-type=\"widget\" data-widget_type=\"text-editor.default\">\n\t\t\t\t<div class=\"elementor-widget-container\">\n\t\t\t\t\t\t\t\t\t<p>Sichern Sie nicht nur Ihre Daten, sondern st\u00e4rken Sie auch die Widerstandsf\u00e4higkeit Ihrer Gemeinde. Kontaktieren Sie uns, um mehr \u00fcber die ma\u00dfgeschneiderten L\u00f6sungen von Swiss IT Management zu erfahren.<\/p><p>Schenken Sie den Cyberkriminellen nicht noch mehr Zeit Ihre Gemeinde anzugreifen! Die Sicherheit Ihrer Gemeinde duldet keinen Aufschub!<\/p><p>Kontaktieren Sie uns noch heute! Wir unterst\u00fctzen Ihre Gemeinde sehr gerne.<\/p>\t\t\t\t\t\t\t\t<\/div>\n\t\t\t\t<\/div>\n\t\t\t\t\t<\/div>\n\t\t<\/div>\n\t\t\t\t\t<\/div>\n\t\t<\/section>\n\t\t\t\t\t<\/div>\n\t\t<\/div>\n\t\t\t\t\t<\/div>\n\t\t<\/section>\n\t\t\t\t<\/div>","protected":false},"excerpt":{"rendered":"<p>5-Punkte Notfallplan der Cyber Security Ob KMU, Grosskonzern, Kantonale Verwaltung oder Gemeinde: Wer ein mit dem Internet verbundenes IT-System betreibt und sch\u00fctzenswerte Daten speichert, braucht zwingend ein Notfallkonzept. Vorbereitung ist die einzige nutzbringende Versicherung: Unser&hellip;<\/p>","protected":false},"author":1,"featured_media":0,"parent":0,"menu_order":0,"comment_status":"closed","ping_status":"closed","template":"","meta":{"footnotes":""},"class_list":["post-2877","page","type-page","status-publish","hentry"],"_links":{"self":[{"href":"https:\/\/swissitmanagement.com\/en\/wp-json\/wp\/v2\/pages\/2877","targetHints":{"allow":["GET"]}}],"collection":[{"href":"https:\/\/swissitmanagement.com\/en\/wp-json\/wp\/v2\/pages"}],"about":[{"href":"https:\/\/swissitmanagement.com\/en\/wp-json\/wp\/v2\/types\/page"}],"author":[{"embeddable":true,"href":"https:\/\/swissitmanagement.com\/en\/wp-json\/wp\/v2\/users\/1"}],"replies":[{"embeddable":true,"href":"https:\/\/swissitmanagement.com\/en\/wp-json\/wp\/v2\/comments?post=2877"}],"version-history":[{"count":3,"href":"https:\/\/swissitmanagement.com\/en\/wp-json\/wp\/v2\/pages\/2877\/revisions"}],"predecessor-version":[{"id":3401,"href":"https:\/\/swissitmanagement.com\/en\/wp-json\/wp\/v2\/pages\/2877\/revisions\/3401"}],"wp:attachment":[{"href":"https:\/\/swissitmanagement.com\/en\/wp-json\/wp\/v2\/media?parent=2877"}],"curies":[{"name":"wp","href":"https:\/\/api.w.org\/{rel}","templated":true}]}}