{"id":152,"date":"2021-07-08T23:47:06","date_gmt":"2021-07-08T21:47:06","guid":{"rendered":"https:\/\/swissitmanagement.com\/?page_id=152"},"modified":"2026-02-19T07:04:20","modified_gmt":"2026-02-19T06:04:20","slug":"digitalisierung","status":"publish","type":"page","link":"https:\/\/swissitmanagement.com\/en\/digitalisierung\/","title":{"rendered":"Digitalisierung"},"content":{"rendered":"<div data-elementor-type=\"wp-page\" data-elementor-id=\"152\" class=\"elementor elementor-152\" data-elementor-post-type=\"page\">\n\t\t\t\t\t\t<section class=\"elementor-section elementor-top-section elementor-element elementor-element-f85201f elementor-section-full_width elementor-section-height-min-height elementor-section-height-default elementor-section-items-middle\" data-id=\"f85201f\" data-element_type=\"section\" data-e-type=\"section\" data-settings=\"{&quot;background_background&quot;:&quot;video&quot;,&quot;background_video_link&quot;:&quot;\\\/wp-content\\\/uploads\\\/2021\\\/08\\\/vid-digital.mp4&quot;}\">\n\t\t\t\t\t\t\t\t<div class=\"elementor-background-video-container elementor-hidden-mobile\">\n\t\t\t\t\t\t\t\t\t\t\t\t\t<video class=\"elementor-background-video-hosted\" role=\"presentation\" autoplay muted playsinline loop><\/video>\n\t\t\t\t\t\t\t\t\t\t\t<\/div>\n\t\t\t\t\t\t\t\t\t<div class=\"elementor-background-overlay\"><\/div>\n\t\t\t\t\t\t\t<div class=\"elementor-container elementor-column-gap-no\">\n\t\t\t\t\t<div class=\"elementor-column elementor-col-100 elementor-top-column elementor-element elementor-element-7e30ae8\" data-id=\"7e30ae8\" data-element_type=\"column\" data-e-type=\"column\">\n\t\t\t<div class=\"elementor-widget-wrap elementor-element-populated\">\n\t\t\t\t\t\t<div class=\"elementor-element elementor-element-6b0a5b9 elementor-hidden-tablet elementor-hidden-phone eael-dual-header-content-align-center elementor-widget elementor-widget-eael-dual-color-header\" data-id=\"6b0a5b9\" data-element_type=\"widget\" data-e-type=\"widget\" data-widget_type=\"eael-dual-color-header.default\">\n\t\t\t\t<div class=\"elementor-widget-container\">\n\t\t\t\t\t\t\t\t<div class=\"eael-dual-header\">\n\t\t\t\t\t\t\t\t\t<span class=\"eael-dch-svg-icon\"><i aria-hidden=\"true\" class=\"icon icon-design\"><\/i><\/span>\t\t\t\t\t\t\t\t<h1 class=\"title eael-dch-title\"><span class=\"eael-dch-title-text eael-dch-title-lead lead solid-color\">Digitalisierung\u200b<\/span> <span class=\"eael-dch-title-text\"><\/span><\/h1><div class=\"eael-dch-separator-wrap\"><span class=\"separator-one\"><\/span>\n\t\t\t<span class=\"separator-two\"><\/span><\/div>\t\t\t\t<span class=\"subtext\"><p>Digitalisierung als Ganzes verstehen und eine gesicherte,<br \/>nachvollziehbare Entscheidungsgrundlage bez\u00fcglich betrieblicher Digitalisierungs-Vorhaben schaffen.<\/p><\/span>\n\t\t\t<\/div>\n\t\t\t\t\t\t<\/div>\n\t\t\t\t<\/div>\n\t\t\t\t<div class=\"elementor-element elementor-element-6da3b39 elementor-hidden-desktop eael-dual-header-content-align-center elementor-widget elementor-widget-eael-dual-color-header\" data-id=\"6da3b39\" data-element_type=\"widget\" data-e-type=\"widget\" data-widget_type=\"eael-dual-color-header.default\">\n\t\t\t\t<div class=\"elementor-widget-container\">\n\t\t\t\t\t\t\t\t<div class=\"eael-dual-header\">\n\t\t\t\t\t\t\t\t\t<span class=\"eael-dch-svg-icon\"><i aria-hidden=\"true\" class=\"icon icon-design\"><\/i><\/span>\t\t\t\t\t\t\t\t<h1 class=\"title eael-dch-title\"><span class=\"eael-dch-title-text eael-dch-title-lead lead solid-color\">Digitalisierung\u200b<\/span> <span class=\"eael-dch-title-text\"><\/span><\/h1><div class=\"eael-dch-separator-wrap\"><span class=\"separator-one\"><\/span>\n\t\t\t<span class=\"separator-two\"><\/span><\/div>\t\t\t\t<span class=\"subtext\"><p>Digitalisierung als Ganzes verstehen und eine gesicherte,<br \/>nachvollziehbare Entscheidungsgrundlage bez\u00fcglich betrieblicher Digitalisierungs-Vorhaben schaffen.<\/p><\/span>\n\t\t\t<\/div>\n\t\t\t\t\t\t<\/div>\n\t\t\t\t<\/div>\n\t\t\t\t\t<\/div>\n\t\t<\/div>\n\t\t\t\t\t<\/div>\n\t\t<\/section>\n\t\t\t\t<section class=\"elementor-section elementor-top-section elementor-element elementor-element-4325e76 elementor-section-boxed elementor-section-height-default elementor-section-height-default\" data-id=\"4325e76\" data-element_type=\"section\" data-e-type=\"section\">\n\t\t\t\t\t\t<div class=\"elementor-container elementor-column-gap-default\">\n\t\t\t\t\t<div class=\"elementor-column elementor-col-100 elementor-top-column elementor-element elementor-element-8ecf9b6\" data-id=\"8ecf9b6\" data-element_type=\"column\" data-e-type=\"column\">\n\t\t\t<div class=\"elementor-widget-wrap elementor-element-populated\">\n\t\t\t\t\t\t<div class=\"elementor-element elementor-element-c162c41 elementor-widget elementor-widget-heading\" data-id=\"c162c41\" data-element_type=\"widget\" data-e-type=\"widget\" data-widget_type=\"heading.default\">\n\t\t\t\t<div class=\"elementor-widget-container\">\n\t\t\t\t\t<h2 class=\"elementor-heading-title elementor-size-default\">Die Digitalisierung<\/h2>\t\t\t\t<\/div>\n\t\t\t\t<\/div>\n\t\t\t\t\t<\/div>\n\t\t<\/div>\n\t\t\t\t\t<\/div>\n\t\t<\/section>\n\t\t\t\t<section class=\"elementor-section elementor-top-section elementor-element elementor-element-4f4dfe5 elementor-section-boxed elementor-section-height-default elementor-section-height-default\" data-id=\"4f4dfe5\" data-element_type=\"section\" data-e-type=\"section\">\n\t\t\t\t\t\t<div class=\"elementor-container elementor-column-gap-default\">\n\t\t\t\t\t<div class=\"elementor-column elementor-col-50 elementor-top-column elementor-element elementor-element-4368cd4\" data-id=\"4368cd4\" data-element_type=\"column\" data-e-type=\"column\">\n\t\t\t<div class=\"elementor-widget-wrap elementor-element-populated\">\n\t\t\t\t\t\t<div class=\"elementor-element elementor-element-f7ec245 elementor-widget elementor-widget-text-editor\" data-id=\"f7ec245\" data-element_type=\"widget\" data-e-type=\"widget\" data-widget_type=\"text-editor.default\">\n\t\t\t\t<div class=\"elementor-widget-container\">\n\t\t\t\t\t\t\t\t\t<p>Weltweit nutzen mehr als drei Milliarden Menschen das Internet, Tendenz steigend.\u00a0Smartphones verbreiten sich rasch, und der Gebrauch des Internets wird immer\u00a0selbstverst\u00e4ndlicher.\u00a0Jugendliche sind st\u00e4ndig miteinander in Kontakt und mit dem Internet\u00a0verbunden. Weltweit sind \u00fcber sechs Milliarden mobile Endger\u00e4te im Einsatz.\u00a0Smartphones und Tablets werden in Entwicklungsl\u00e4ndern ebenso genutzt wie in der\u00a0westlichen Welt, man braucht sie in Grossst\u00e4dten sowie in den abgelegensten Gegenden.\u00a0Mit wenigen Klicks kann jeder \u00fcberall Zugang zum Internet haben.\u00a0<\/p>\t\t\t\t\t\t\t\t<\/div>\n\t\t\t\t<\/div>\n\t\t\t\t\t<\/div>\n\t\t<\/div>\n\t\t\t\t<div class=\"elementor-column elementor-col-50 elementor-top-column elementor-element elementor-element-3e39d23\" data-id=\"3e39d23\" data-element_type=\"column\" data-e-type=\"column\">\n\t\t\t<div class=\"elementor-widget-wrap elementor-element-populated\">\n\t\t\t\t\t\t<div class=\"elementor-element elementor-element-b9ca101 premium-lottie-svg elementor-invisible elementor-widget elementor-widget-premium-lottie\" data-id=\"b9ca101\" data-element_type=\"widget\" data-e-type=\"widget\" data-settings=\"{&quot;_animation&quot;:&quot;bounceInRight&quot;}\" data-widget_type=\"premium-lottie.default\">\n\t\t\t\t<div class=\"elementor-widget-container\">\n\t\t\t\t\t\n\t\t<div class=\"premium-lottie-animation\" data-lottie-url=\"https:\/\/assets8.lottiefiles.com\/packages\/lf20_hadzves0.json\" data-lottie-loop=\"true\" data-lottie-reverse=\"\" data-lottie-hover=\"\" data-lottie-speed=\"1\" data-lottie-render=\"svg\" data-lottie-delay=\"\">\n\t\t\t\t\t<\/div>\n\n\t\t\t\t\t\t<\/div>\n\t\t\t\t<\/div>\n\t\t\t\t\t<\/div>\n\t\t<\/div>\n\t\t\t\t\t<\/div>\n\t\t<\/section>\n\t\t\t\t<section class=\"elementor-section elementor-top-section elementor-element elementor-element-afbfc71 elementor-section-boxed elementor-section-height-default elementor-section-height-default\" data-id=\"afbfc71\" data-element_type=\"section\" data-e-type=\"section\">\n\t\t\t\t\t\t<div class=\"elementor-container elementor-column-gap-default\">\n\t\t\t\t\t<div class=\"elementor-column elementor-col-100 elementor-top-column elementor-element elementor-element-53b2954\" data-id=\"53b2954\" data-element_type=\"column\" data-e-type=\"column\">\n\t\t\t<div class=\"elementor-widget-wrap elementor-element-populated\">\n\t\t\t\t\t\t<div class=\"elementor-element elementor-element-76f191c elementor-widget elementor-widget-text-editor\" data-id=\"76f191c\" data-element_type=\"widget\" data-e-type=\"widget\" data-widget_type=\"text-editor.default\">\n\t\t\t\t<div class=\"elementor-widget-container\">\n\t\t\t\t\t\t\t\t\t<p>Es ist eine Entwicklung,\u00a0die alles ver\u00e4ndert, die nicht aufzuhalten ist und von der auch Ihr Unternehmen entscheidend profitieren kann.<\/p><h3><strong>Warum Sie sich heute mit der Digitalisierung besch\u00e4ftigen sollen?<br \/>Damit Ihr Unternehmen &#8230;<\/strong><\/h3><ul><li>den Anschluss an die Zukunft nicht verpasst\u00a0&#8211;\u00a0Die Digitalisierung ist ein evolution\u00e4rer Prozess und keine Revolution.<\/li><li>die Digitalisierung als Ganzes versteht und sich nicht in den einzelnen Prozessschritten verzettelt.<\/li><li>von den Vorteilen gesamtheitlich profitieren kann.<\/li><li>gegen die immer raffiniertere <a href=\"https:\/\/de.wikipedia.org\/wiki\/Computerkriminalit%C3%A4t\" target=\"_blank\" rel=\"noopener\">Cyber Kriminalit\u00e4t<\/a> optimal gesch\u00fctzt ist.<\/li><li>bereits heute digital f\u00fcr die Herausforderungen von Morgen ger\u00fcstet ist.<\/li><li>\u00fcber eine gesicherte, nachvollziehbare Entscheidungsgrundlage bez\u00fcglich betrieblicher Digitalisierungs-Vorhaben verf\u00fcgt.<\/li><\/ul><h3>\u00a0<\/h3><h3><strong>Wir bieten unseren Kunden ein breites Portfolio f\u00fcr die erfolgreiche Umsetzung digitaler Transformation.<\/strong><\/h3><ul><li>Digitalisierungs-Check f\u00fcr Gemeinden<\/li><li>myCommunity \u2013 die interaktive Gemeinde<\/li><li>Digitalisierungs-Check f\u00fcr KMU<\/li><li>Digitaler Arbeitsplatz \u2013 New Work<\/li><\/ul><p>\u00a0<\/p><p>Sie interessieren sich f\u00fcr die <strong>Digitalisierung<\/strong>, wissen aber nicht, wo Sie anfangen sollen? Oder ben\u00f6tigen Sie konkrete Unterst\u00fctzung?<\/p><p>Maximieren Sie die Effizienz Ihrer Gesch\u00e4ftsprozesse durch ma\u00dfgeschneiderte betriebliche Digitalisierung. Unsere fortschrittlichen L\u00f6sungen optimieren nicht nur Abl\u00e4ufe, sondern f\u00f6rdern auch nachhaltiges Wachstum f\u00fcr Ihr Unternehmen. Von automatisierten Workflows bis hin zu datengetriebenen Entscheidungen &#8211; wir bieten umfassende Unterst\u00fctzung, um Ihre Betriebsabl\u00e4ufe zukunftsf\u00e4hig zu gestalten und Wettbewerbsvorteile zu sichern. Vertrauen Sie auf unsere Expertise f\u00fcr eine erfolgreiche digitale Transformation.<\/p><p>Melden Sie sich gerne bei uns!<\/p>\t\t\t\t\t\t\t\t<\/div>\n\t\t\t\t<\/div>\n\t\t\t\t<section class=\"elementor-section elementor-inner-section elementor-element elementor-element-ce93877 elementor-section-boxed elementor-section-height-default elementor-section-height-default\" data-id=\"ce93877\" data-element_type=\"section\" data-e-type=\"section\">\n\t\t\t\t\t\t<div class=\"elementor-container elementor-column-gap-default\">\n\t\t\t\t\t<div class=\"elementor-column elementor-col-50 elementor-inner-column elementor-element elementor-element-6d6b6f7\" data-id=\"6d6b6f7\" data-element_type=\"column\" data-e-type=\"column\">\n\t\t\t<div class=\"elementor-widget-wrap elementor-element-populated\">\n\t\t\t\t\t\t<div class=\"elementor-element elementor-element-454b6ff pa-icon-pos-before premium-lq__none elementor-widget elementor-widget-premium-addon-button\" data-id=\"454b6ff\" data-element_type=\"widget\" data-e-type=\"widget\" data-widget_type=\"premium-addon-button.default\">\n\t\t\t\t<div class=\"elementor-widget-container\">\n\t\t\t\t\t\n\n\t\t<a class=\"premium-button premium-button-style7 premium-btn-lg premium-button-style7-left\" href=\"\/en\/kontakt\/\">\n\t\t\t<div class=\"premium-button-text-icon-wrapper\">\n\t\t\t\t\n\t\t\t\t\t\t\t\t\t\t\t\t\t\t\t\t\t\t<i aria-hidden=\"true\" class=\"premium-drawable-icon premium-svg-nodraw icon icon-envelope\"><\/i>\t\t\t\t\t\t\t\t\t\t\t\t\t\t\t\n\t\t\t\t\t\t\t\t\t<span >\n\t\t\t\t\t\tKontakt\t\t\t\t\t<\/span>\n\t\t\t\t\t\t\t<\/div>\n\n\t\t\t\n\t\t\t\n\t\t\t\n\t\t<\/a>\n\n\n\t\t\t\t\t\t<\/div>\n\t\t\t\t<\/div>\n\t\t\t\t\t<\/div>\n\t\t<\/div>\n\t\t\t\t<div class=\"elementor-column elementor-col-50 elementor-inner-column elementor-element elementor-element-cd1ba02\" data-id=\"cd1ba02\" data-element_type=\"column\" data-e-type=\"column\">\n\t\t\t<div class=\"elementor-widget-wrap elementor-element-populated\">\n\t\t\t\t\t\t<div class=\"elementor-element elementor-element-b075ad0 elementor-widget elementor-widget-image\" data-id=\"b075ad0\" data-element_type=\"widget\" data-e-type=\"widget\" data-widget_type=\"image.default\">\n\t\t\t\t<div class=\"elementor-widget-container\">\n\t\t\t\t\t\t\t\t\t\t\t\t\t\t\t<img fetchpriority=\"high\" decoding=\"async\" width=\"768\" height=\"512\" src=\"https:\/\/swissitmanagement.com\/wp-content\/uploads\/2021\/08\/produktivitaet-768x512.webp\" class=\"attachment-medium_large size-medium_large wp-image-1482\" alt=\"Digitalisierung Ihres Unternehmens\" srcset=\"https:\/\/swissitmanagement.com\/wp-content\/uploads\/2021\/08\/produktivitaet-768x512.webp 768w, https:\/\/swissitmanagement.com\/wp-content\/uploads\/2021\/08\/produktivitaet-300x200.webp 300w, https:\/\/swissitmanagement.com\/wp-content\/uploads\/2021\/08\/produktivitaet-1024x682.webp 1024w, https:\/\/swissitmanagement.com\/wp-content\/uploads\/2021\/08\/produktivitaet.webp 1280w\" sizes=\"(max-width: 768px) 100vw, 768px\" title=\"\">\t\t\t\t\t\t\t\t\t\t\t\t\t\t\t<\/div>\n\t\t\t\t<\/div>\n\t\t\t\t\t<\/div>\n\t\t<\/div>\n\t\t\t\t\t<\/div>\n\t\t<\/section>\n\t\t\t\t\t<\/div>\n\t\t<\/div>\n\t\t\t\t\t<\/div>\n\t\t<\/section>\n\t\t\t\t<\/div>","protected":false},"excerpt":{"rendered":"<p>Digitalisierung\u200b Digitalisierung als Ganzes verstehen und eine gesicherte,nachvollziehbare Entscheidungsgrundlage bez\u00fcglich betrieblicher Digitalisierungs-Vorhaben schaffen. Digitalisierung\u200b Digitalisierung als Ganzes verstehen und eine gesicherte,nachvollziehbare Entscheidungsgrundlage bez\u00fcglich betrieblicher Digitalisierungs-Vorhaben schaffen. Die Digitalisierung Weltweit nutzen mehr als drei Milliarden Menschen&hellip;<\/p>","protected":false},"author":1,"featured_media":0,"parent":0,"menu_order":0,"comment_status":"closed","ping_status":"closed","template":"","meta":{"footnotes":""},"class_list":["post-152","page","type-page","status-publish","hentry"],"_links":{"self":[{"href":"https:\/\/swissitmanagement.com\/en\/wp-json\/wp\/v2\/pages\/152","targetHints":{"allow":["GET"]}}],"collection":[{"href":"https:\/\/swissitmanagement.com\/en\/wp-json\/wp\/v2\/pages"}],"about":[{"href":"https:\/\/swissitmanagement.com\/en\/wp-json\/wp\/v2\/types\/page"}],"author":[{"embeddable":true,"href":"https:\/\/swissitmanagement.com\/en\/wp-json\/wp\/v2\/users\/1"}],"replies":[{"embeddable":true,"href":"https:\/\/swissitmanagement.com\/en\/wp-json\/wp\/v2\/comments?post=152"}],"version-history":[{"count":4,"href":"https:\/\/swissitmanagement.com\/en\/wp-json\/wp\/v2\/pages\/152\/revisions"}],"predecessor-version":[{"id":3429,"href":"https:\/\/swissitmanagement.com\/en\/wp-json\/wp\/v2\/pages\/152\/revisions\/3429"}],"wp:attachment":[{"href":"https:\/\/swissitmanagement.com\/en\/wp-json\/wp\/v2\/media?parent=152"}],"curies":[{"name":"wp","href":"https:\/\/api.w.org\/{rel}","templated":true}]}}