{"id":150,"date":"2021-07-08T23:46:39","date_gmt":"2021-07-08T21:46:39","guid":{"rendered":"https:\/\/swissitmanagement.com\/?page_id=150"},"modified":"2021-10-04T18:52:09","modified_gmt":"2021-10-04T16:52:09","slug":"digitalisierungs-check-kmu","status":"publish","type":"page","link":"https:\/\/swissitmanagement.com\/en\/digitalisierungs-check-kmu\/","title":{"rendered":"Digitalisierungs-Check f\u00fcr KMU"},"content":{"rendered":"<div data-elementor-type=\"wp-page\" data-elementor-id=\"150\" class=\"elementor elementor-150\" data-elementor-post-type=\"page\">\n\t\t\t\t\t\t<section class=\"elementor-section elementor-top-section elementor-element elementor-element-64125a6 elementor-section-full_width elementor-section-height-min-height elementor-section-height-default elementor-section-items-middle\" data-id=\"64125a6\" data-element_type=\"section\" data-e-type=\"section\" data-settings=\"{&quot;background_background&quot;:&quot;classic&quot;}\">\n\t\t\t\t\t\t\t<div class=\"elementor-background-overlay\"><\/div>\n\t\t\t\t\t\t\t<div class=\"elementor-container elementor-column-gap-no\">\n\t\t\t\t\t<div class=\"elementor-column elementor-col-100 elementor-top-column elementor-element elementor-element-07df8ae\" data-id=\"07df8ae\" data-element_type=\"column\" data-e-type=\"column\">\n\t\t\t<div class=\"elementor-widget-wrap elementor-element-populated\">\n\t\t\t\t\t\t<div class=\"elementor-element elementor-element-7562ee4 elementor-hidden-tablet elementor-hidden-phone eael-dual-header-content-align-center elementor-widget elementor-widget-eael-dual-color-header\" data-id=\"7562ee4\" data-element_type=\"widget\" data-e-type=\"widget\" data-widget_type=\"eael-dual-color-header.default\">\n\t\t\t\t<div class=\"elementor-widget-container\">\n\t\t\t\t\t\t\t\t<div class=\"eael-dual-header\">\n\t\t\t\t\t\t\t\t\t<span class=\"eael-dch-svg-icon\"><i aria-hidden=\"true\" class=\"icon icon-Document-Search\"><\/i><\/span>\t\t\t\t\t\t\t\t<h1 class=\"title eael-dch-title\"><span class=\"eael-dch-title-text eael-dch-title-lead lead solid-color\">Digitalisierungs-Check<\/span> <span class=\"eael-dch-title-text\"> f\u00fcr KMU<\/span><\/h1><div class=\"eael-dch-separator-wrap\"><span class=\"separator-one\"><\/span>\n\t\t\t<span class=\"separator-two\"><\/span><\/div>\t\t\t\t<span class=\"subtext\"><p><strong>Eine gesicherte Grundlage f\u00fcr s\u00e4mtliche Entscheidungen bez\u00fcglich Digitalisierung<br \/>und damit eine nachvollziehbare Priorisierung und Planung der einzelnen Digitalisierungs-Vorhaben Ihres Unternehmens.<\/strong><\/p><\/span>\n\t\t\t<\/div>\n\t\t\t\t\t\t<\/div>\n\t\t\t\t<\/div>\n\t\t\t\t<div class=\"elementor-element elementor-element-e2ed0b0 elementor-hidden-desktop eael-dual-header-content-align-center elementor-widget elementor-widget-eael-dual-color-header\" data-id=\"e2ed0b0\" data-element_type=\"widget\" data-e-type=\"widget\" data-widget_type=\"eael-dual-color-header.default\">\n\t\t\t\t<div class=\"elementor-widget-container\">\n\t\t\t\t\t\t\t\t<div class=\"eael-dual-header\">\n\t\t\t\t\t\t\t\t\t<span class=\"eael-dch-svg-icon\"><i aria-hidden=\"true\" class=\"icon icon-Document-Search\"><\/i><\/span>\t\t\t\t\t\t\t\t<h1 class=\"title eael-dch-title\"><span class=\"eael-dch-title-text eael-dch-title-lead lead solid-color\">Digitalisierungs-Check<\/span> <span class=\"eael-dch-title-text\"> f\u00fcr KMU<\/span><\/h1><div class=\"eael-dch-separator-wrap\"><span class=\"separator-one\"><\/span>\n\t\t\t<span class=\"separator-two\"><\/span><\/div>\t\t\t\t<span class=\"subtext\"><p><strong>Eine gesicherte Grundlage f\u00fcr s\u00e4mtliche Entscheidungen bez\u00fcglich Digitalisierung<br \/>und damit eine nachvollziehbare Priorisierung und Planung der einzelnen Digitalisierungs-Vorhaben Ihres Unternehmens.<\/strong><\/p><\/span>\n\t\t\t<\/div>\n\t\t\t\t\t\t<\/div>\n\t\t\t\t<\/div>\n\t\t\t\t\t<\/div>\n\t\t<\/div>\n\t\t\t\t\t<\/div>\n\t\t<\/section>\n\t\t\t\t<section class=\"elementor-section elementor-top-section elementor-element elementor-element-0f62c4b elementor-section-boxed elementor-section-height-default elementor-section-height-default\" data-id=\"0f62c4b\" data-element_type=\"section\" data-e-type=\"section\">\n\t\t\t\t\t\t<div class=\"elementor-container elementor-column-gap-default\">\n\t\t\t\t\t<div class=\"elementor-column elementor-col-100 elementor-top-column elementor-element elementor-element-c343583\" data-id=\"c343583\" data-element_type=\"column\" data-e-type=\"column\">\n\t\t\t<div class=\"elementor-widget-wrap elementor-element-populated\">\n\t\t\t\t\t\t<div class=\"elementor-element elementor-element-94a209a elementor-widget elementor-widget-heading\" data-id=\"94a209a\" data-element_type=\"widget\" data-e-type=\"widget\" data-widget_type=\"heading.default\">\n\t\t\t\t<div class=\"elementor-widget-container\">\n\t\t\t\t\t<h2 class=\"elementor-heading-title elementor-size-default\">Digitalisierungs-Check f\u00fcr KMU<\/h2>\t\t\t\t<\/div>\n\t\t\t\t<\/div>\n\t\t\t\t<div class=\"elementor-element elementor-element-5ef191a elementor-widget elementor-widget-text-editor\" data-id=\"5ef191a\" data-element_type=\"widget\" data-e-type=\"widget\" data-widget_type=\"text-editor.default\">\n\t\t\t\t<div class=\"elementor-widget-container\">\n\t\t\t\t\t\t\t\t\t<p><strong>Eine gesicherte Grundlage f\u00fcr s\u00e4mtliche Entscheidungen bez\u00fcglich Digitalisierung und damit eine nachvollziehbare Priorisierung und Planung der einzelnen Digitalisierungs-Vorhaben Ihres Unternehmens.<\/strong><\/p>\t\t\t\t\t\t\t\t<\/div>\n\t\t\t\t<\/div>\n\t\t\t\t<div class=\"elementor-element elementor-element-634df81 elementor-widget elementor-widget-text-editor\" data-id=\"634df81\" data-element_type=\"widget\" data-e-type=\"widget\" data-widget_type=\"text-editor.default\">\n\t\t\t\t<div class=\"elementor-widget-container\">\n\t\t\t\t\t\t\t\t\t<p><strong>KMU<\/strong> &#8211; das R\u00fcckgrat der Schweizer Wirtschaft!<\/p><p>Um die digitale Transformation kommt kein Unternehmen mehr herum. Um Herausforderungen durch sich ver\u00e4ndernde M\u00e4rkte und bislang unbekannte Angreifer zu begegnen, sind intelligente Technologien mittlerweile unabdingbar. Das Problem: Eine un\u00fcberschaubare Vielzahl an M\u00f6glichkeiten. Welche Investitionen lohnen sich? Welche Skills und Prozesse m\u00fcssen im Unternehmen vorhanden sein, um diese Entscheidungen \u00fcberhaupt zu treffen? Hier setzen wir an.<\/p><p>Die Digitalisierung er\u00f6ffnet enorme Wachstumschancen \u2013 und das \u00fcber alle Branchen, Sektoren, Regionen und Unternehmensgr\u00f6ssen hinweg. Sie f\u00fchrt zu besseren Prozessen, die die Gesamteffizienz steigern und die Kosten reduzieren. Es wird erwartet, dass in den kommenden Jahren rund die H\u00e4lfte aller Unternehmensgewinne durch digitale Aktivit\u00e4ten erzielt wird. Es geht also um weit mehr, als bloss einem neuen IT-Trend zu folgen.<\/p><p>Eine gewinnbringende Beratung zur digitalen Transformation geht nach unserer \u00dcberzeugung \u00fcber reine Technologiebetrachtung weit hinaus. Notwendig sind detaillierte Kenntnisse \u00fcber Prozesse und M\u00e4rkte bis hin zu den Produktionsabl\u00e4ufen in unterschiedlichen Industrien, der regionalen, nationalen und internationalen Logistikprozesse oder der sinnvollen Verarbeitung von Kundenfeedbacks und nat\u00fcrlich welche Bereiche wie gesch\u00fctzt werden m\u00fcssen.<\/p><p>Der KMU Digitalisierungs-Check gibt den Unternehmens-Verantwortlichen die notwendige Sicherheit, einen gesamtheitlichen \u00dcberblick und eine Roadmap der sinnvollen Digitalisierungsvorhaben in der Unternehmung.<\/p><p>F\u00fcr zufriedene Kunden, zufriedene Partner und Beh\u00f6rden und vor allem zufriedene und digitalisierungs-sichere KMU-Verantwortliche.<\/p><p>Machen Sie mit Ihrem KMU den KMU-Digitalisierungs-Check und legen damit die Basis f\u00fcr die richtigen Digitalisierungs-Entscheide.<\/p><p><strong>Ihr Nutzen<\/strong><\/p><ul><li>Digitale 360 Grad Sicht auf den heutigen Status Quo<\/li><li>Gesicherte Grundlage f\u00fcr s\u00e4mtliche Entscheidungen bez\u00fcglich Digitalisierung<\/li><li>Steigerung der Effizienz \u2013 Senkung der Kosten<\/li><li>Nachvollziehbare Priorisierung der einzelnen Digitalisierungs-Vorhaben der Unternehmung<br \/><br \/><\/li><\/ul><p>Sie interessieren sich f\u00fcr den <strong>Digitalisierungs-Check f\u00fcr KMU<\/strong>, wissen aber nicht, wo Sie anfangen sollen? Oder ben\u00f6tigen Sie konkrete Unterst\u00fctzung? Melden Sie sich gerne bei uns! Kontaktieren Sie uns zum Thema <strong>Digitalisierungs-Check f\u00fcr KMU-<br \/><br \/><\/strong><\/p>\t\t\t\t\t\t\t\t<\/div>\n\t\t\t\t<\/div>\n\t\t\t\t<div class=\"elementor-element elementor-element-9356621 pa-icon-pos-before premium-lq__none elementor-widget elementor-widget-premium-addon-button\" data-id=\"9356621\" data-element_type=\"widget\" data-e-type=\"widget\" data-widget_type=\"premium-addon-button.default\">\n\t\t\t\t<div class=\"elementor-widget-container\">\n\t\t\t\t\t\n\n\t\t<a class=\"premium-button premium-button-style7 premium-btn-lg premium-button-style7-left\" href=\"\/en\/kontakt\/\">\n\t\t\t<div class=\"premium-button-text-icon-wrapper\">\n\t\t\t\t\n\t\t\t\t\t\t\t\t\t\t\t\t\t\t\t\t\t\t<i aria-hidden=\"true\" class=\"premium-drawable-icon premium-svg-nodraw icon icon-envelope\"><\/i>\t\t\t\t\t\t\t\t\t\t\t\t\t\t\t\n\t\t\t\t\t\t\t\t\t<span >\n\t\t\t\t\t\tKontakt\t\t\t\t\t<\/span>\n\t\t\t\t\t\t\t<\/div>\n\n\t\t\t\n\t\t\t\n\t\t\t\n\t\t<\/a>\n\n\n\t\t\t\t\t\t<\/div>\n\t\t\t\t<\/div>\n\t\t\t\t\t<\/div>\n\t\t<\/div>\n\t\t\t\t\t<\/div>\n\t\t<\/section>\n\t\t\t\t<\/div>","protected":false},"excerpt":{"rendered":"<p>Digitalisierungs-Check f\u00fcr KMU Eine gesicherte Grundlage f\u00fcr s\u00e4mtliche Entscheidungen bez\u00fcglich Digitalisierungund damit eine nachvollziehbare Priorisierung und Planung der einzelnen Digitalisierungs-Vorhaben Ihres Unternehmens. Digitalisierungs-Check f\u00fcr KMU Eine gesicherte Grundlage f\u00fcr s\u00e4mtliche Entscheidungen bez\u00fcglich Digitalisierungund damit eine&hellip;<\/p>","protected":false},"author":1,"featured_media":0,"parent":0,"menu_order":0,"comment_status":"closed","ping_status":"closed","template":"","meta":{"footnotes":""},"class_list":["post-150","page","type-page","status-publish","hentry"],"_links":{"self":[{"href":"https:\/\/swissitmanagement.com\/en\/wp-json\/wp\/v2\/pages\/150","targetHints":{"allow":["GET"]}}],"collection":[{"href":"https:\/\/swissitmanagement.com\/en\/wp-json\/wp\/v2\/pages"}],"about":[{"href":"https:\/\/swissitmanagement.com\/en\/wp-json\/wp\/v2\/types\/page"}],"author":[{"embeddable":true,"href":"https:\/\/swissitmanagement.com\/en\/wp-json\/wp\/v2\/users\/1"}],"replies":[{"embeddable":true,"href":"https:\/\/swissitmanagement.com\/en\/wp-json\/wp\/v2\/comments?post=150"}],"version-history":[{"count":0,"href":"https:\/\/swissitmanagement.com\/en\/wp-json\/wp\/v2\/pages\/150\/revisions"}],"wp:attachment":[{"href":"https:\/\/swissitmanagement.com\/en\/wp-json\/wp\/v2\/media?parent=150"}],"curies":[{"name":"wp","href":"https:\/\/api.w.org\/{rel}","templated":true}]}}