{"id":144,"date":"2021-07-08T23:37:09","date_gmt":"2021-07-08T21:37:09","guid":{"rendered":"https:\/\/swissitmanagement.com\/?page_id=144"},"modified":"2021-10-12T18:58:42","modified_gmt":"2021-10-12T16:58:42","slug":"erkennung-gesichtsmerkmale","status":"publish","type":"page","link":"https:\/\/swissitmanagement.com\/en\/erkennung-gesichtsmerkmale\/","title":{"rendered":"Erkennung Gesichtsmerkmale"},"content":{"rendered":"<div data-elementor-type=\"wp-page\" data-elementor-id=\"144\" class=\"elementor elementor-144\" data-elementor-post-type=\"page\">\n\t\t\t\t\t\t<section class=\"elementor-section elementor-top-section elementor-element elementor-element-aef5e53 elementor-section-full_width elementor-section-height-min-height elementor-section-height-default elementor-section-items-middle\" data-id=\"aef5e53\" data-element_type=\"section\" data-e-type=\"section\" data-settings=\"{&quot;background_background&quot;:&quot;classic&quot;}\">\n\t\t\t\t\t\t\t<div class=\"elementor-background-overlay\"><\/div>\n\t\t\t\t\t\t\t<div class=\"elementor-container elementor-column-gap-no\">\n\t\t\t\t\t<div class=\"elementor-column elementor-col-100 elementor-top-column elementor-element elementor-element-5dac31e\" data-id=\"5dac31e\" data-element_type=\"column\" data-e-type=\"column\">\n\t\t\t<div class=\"elementor-widget-wrap elementor-element-populated\">\n\t\t\t\t\t\t<div class=\"elementor-element elementor-element-14cf4f2 elementor-hidden-tablet elementor-hidden-phone eael-dual-header-content-align-center elementor-widget elementor-widget-eael-dual-color-header\" data-id=\"14cf4f2\" data-element_type=\"widget\" data-e-type=\"widget\" data-widget_type=\"eael-dual-color-header.default\">\n\t\t\t\t<div class=\"elementor-widget-container\">\n\t\t\t\t\t\t\t\t<div class=\"eael-dual-header\">\n\t\t\t\t\t\t\t\t\t<span class=\"eael-dch-svg-icon\"><i aria-hidden=\"true\" class=\"icon icon-design\"><\/i><\/span>\t\t\t\t\t\t\t\t<h1 class=\"title eael-dch-title\"><span class=\"eael-dch-title-text eael-dch-title-lead lead solid-color\">Erkennung<\/span> <span class=\"eael-dch-title-text\">Gesichtsmerkmale<\/span><\/h1><div class=\"eael-dch-separator-wrap\"><span class=\"separator-one\"><\/span>\n\t\t\t<span class=\"separator-two\"><\/span><\/div>\t\t\t\t<span class=\"subtext\"><p><strong>Zielgenaue digitale Kommunikation ohne Streuverlust.<br \/>K\u00fcnstliche Intelligenz \/ Artificial Intelligence macht es m\u00f6glich.<\/strong><\/p><\/span>\n\t\t\t<\/div>\n\t\t\t\t\t\t<\/div>\n\t\t\t\t<\/div>\n\t\t\t\t<div class=\"elementor-element elementor-element-72171a5 elementor-hidden-desktop eael-dual-header-content-align-center elementor-widget elementor-widget-eael-dual-color-header\" data-id=\"72171a5\" data-element_type=\"widget\" data-e-type=\"widget\" data-widget_type=\"eael-dual-color-header.default\">\n\t\t\t\t<div class=\"elementor-widget-container\">\n\t\t\t\t\t\t\t\t<div class=\"eael-dual-header\">\n\t\t\t\t\t\t\t\t\t<span class=\"eael-dch-svg-icon\"><i aria-hidden=\"true\" class=\"icon icon-design\"><\/i><\/span>\t\t\t\t\t\t\t\t<h1 class=\"title eael-dch-title\"><span class=\"eael-dch-title-text eael-dch-title-lead lead solid-color\">Erkennung<\/span> <span class=\"eael-dch-title-text\">Gesichtsmerkmale<\/span><\/h1><div class=\"eael-dch-separator-wrap\"><span class=\"separator-one\"><\/span>\n\t\t\t<span class=\"separator-two\"><\/span><\/div>\t\t\t\t<span class=\"subtext\"><p><strong>Zielgenaue digitale Kommunikation ohne Streuverlust.<br \/>K\u00fcnstliche Intelligenz \/ Artificial Intelligence macht es m\u00f6glich.<\/strong><\/p><\/span>\n\t\t\t<\/div>\n\t\t\t\t\t\t<\/div>\n\t\t\t\t<\/div>\n\t\t\t\t\t<\/div>\n\t\t<\/div>\n\t\t\t\t\t<\/div>\n\t\t<\/section>\n\t\t\t\t<section class=\"elementor-section elementor-top-section elementor-element elementor-element-cc6b487 elementor-section-boxed elementor-section-height-default elementor-section-height-default\" data-id=\"cc6b487\" data-element_type=\"section\" data-e-type=\"section\">\n\t\t\t\t\t\t<div class=\"elementor-container elementor-column-gap-default\">\n\t\t\t\t\t<div class=\"elementor-column elementor-col-100 elementor-top-column elementor-element elementor-element-d39884d\" data-id=\"d39884d\" data-element_type=\"column\" data-e-type=\"column\">\n\t\t\t<div class=\"elementor-widget-wrap elementor-element-populated\">\n\t\t\t\t\t\t<div class=\"elementor-element elementor-element-c360f1b elementor-widget elementor-widget-heading\" data-id=\"c360f1b\" data-element_type=\"widget\" data-e-type=\"widget\" data-widget_type=\"heading.default\">\n\t\t\t\t<div class=\"elementor-widget-container\">\n\t\t\t\t\t<h2 class=\"elementor-heading-title elementor-size-default\">Erkennung Gesichtsmerkmale<\/h2>\t\t\t\t<\/div>\n\t\t\t\t<\/div>\n\t\t\t\t\t<\/div>\n\t\t<\/div>\n\t\t\t\t\t<\/div>\n\t\t<\/section>\n\t\t\t\t<section class=\"elementor-section elementor-top-section elementor-element elementor-element-85dc3b4 elementor-section-boxed elementor-section-height-default elementor-section-height-default\" data-id=\"85dc3b4\" data-element_type=\"section\" data-e-type=\"section\">\n\t\t\t\t\t\t<div class=\"elementor-container elementor-column-gap-default\">\n\t\t\t\t\t<div class=\"elementor-column elementor-col-100 elementor-top-column elementor-element elementor-element-da619a4\" data-id=\"da619a4\" data-element_type=\"column\" data-e-type=\"column\">\n\t\t\t<div class=\"elementor-widget-wrap elementor-element-populated\">\n\t\t\t\t\t\t<div class=\"elementor-element elementor-element-560044b elementor-widget elementor-widget-text-editor\" data-id=\"560044b\" data-element_type=\"widget\" data-e-type=\"widget\" data-widget_type=\"text-editor.default\">\n\t\t\t\t<div class=\"elementor-widget-container\">\n\t\t\t\t\t\t\t\t\t<p><strong>Zielgenaue digitale Kommunikation ohne Streuverlust. K\u00fcnstliche Intelligenz \/ Artificial Intelligence macht es m\u00f6glich.<\/strong><\/p>\t\t\t\t\t\t\t\t<\/div>\n\t\t\t\t<\/div>\n\t\t\t\t<div class=\"elementor-element elementor-element-8d55bdd elementor-widget elementor-widget-text-editor\" data-id=\"8d55bdd\" data-element_type=\"widget\" data-e-type=\"widget\" data-widget_type=\"text-editor.default\">\n\t\t\t\t<div class=\"elementor-widget-container\">\n\t\t\t\t\t\t\t\t\t<p>Geschlechtsspezifische Unterschiede der Gesichtsmerkmale sind das Ergebnis hormoneller und kultureller Einfl\u00fcsse. Im Allgemeinen ist die Knochenstruktur eines m\u00e4nnlichen Kopfes &#8211; Stirnbein, Kiefer und Kinn &#8211; ausgepr\u00e4gter und kantiger. Die Knochenstruktur eines weiblichen Kopfes ist glatter und ihr Gesicht ist ovaler und weniger kantig. Generell sind die Gesichtsz\u00fcge eines Mannes gr\u00f6ber und st\u00e4rker ausgepr\u00e4gt, die einer Frau kleiner und zarter.<\/p><p>Und genau diese geschlechtsspezifischen Unterschiede gilt es bei der Geschlechtserkennung mittels KI zu trainieren und letztlich zu erkennen. Zu weiteren Gesichtsmerkmalen wie Alter, Haarfarbe und Haartyp gilt es die merkmal-spezifischen Unterschiede zu nutzen und damit eine klare Unterscheidung der Merkmale zu erkennen.<\/p><p><strong>Ihr Nutzen<\/strong><\/p><ul><li>Community-gerechte Kommunikation<\/li><li>Kein Streuverlust<\/li><li>Auswertungen nach relevanten Gesichtsmerkmalen<\/li><\/ul><p>\u00a0<\/p><p>Sie interessieren sich f\u00fcr die <strong>Gesichtserkennung KI<\/strong>, wissen aber nicht, wo Sie anfangen sollen? Oder ben\u00f6tigen Sie konkrete Unterst\u00fctzung? Melden Sie sich gerne bei uns! Kontaktieren Sie uns zum Thema <strong>Gesichtserkennung KI.<\/strong><\/p>\t\t\t\t\t\t\t\t<\/div>\n\t\t\t\t<\/div>\n\t\t\t\t<div class=\"elementor-element elementor-element-eb4efea pa-icon-pos-before premium-lq__none elementor-widget elementor-widget-premium-addon-button\" data-id=\"eb4efea\" data-element_type=\"widget\" data-e-type=\"widget\" data-widget_type=\"premium-addon-button.default\">\n\t\t\t\t<div class=\"elementor-widget-container\">\n\t\t\t\t\t\n\n\t\t<a class=\"premium-button premium-button-style7 premium-btn-lg premium-button-style7-left\" href=\"\/en\/kontakt\/\">\n\t\t\t<div class=\"premium-button-text-icon-wrapper\">\n\t\t\t\t\n\t\t\t\t\t\t\t\t\t\t\t\t\t\t\t\t\t\t<i aria-hidden=\"true\" class=\"premium-drawable-icon premium-svg-nodraw icon icon-envelope\"><\/i>\t\t\t\t\t\t\t\t\t\t\t\t\t\t\t\n\t\t\t\t\t\t\t\t\t<span >\n\t\t\t\t\t\tKontakt\t\t\t\t\t<\/span>\n\t\t\t\t\t\t\t<\/div>\n\n\t\t\t\n\t\t\t\n\t\t\t\n\t\t<\/a>\n\n\n\t\t\t\t\t\t<\/div>\n\t\t\t\t<\/div>\n\t\t\t\t\t<\/div>\n\t\t<\/div>\n\t\t\t\t\t<\/div>\n\t\t<\/section>\n\t\t\t\t<\/div>","protected":false},"excerpt":{"rendered":"<p>Erkennung Gesichtsmerkmale Zielgenaue digitale Kommunikation ohne Streuverlust.K\u00fcnstliche Intelligenz \/ Artificial Intelligence macht es m\u00f6glich. Erkennung Gesichtsmerkmale Zielgenaue digitale Kommunikation ohne Streuverlust.K\u00fcnstliche Intelligenz \/ Artificial Intelligence macht es m\u00f6glich. Erkennung Gesichtsmerkmale Zielgenaue digitale Kommunikation ohne Streuverlust.&hellip;<\/p>","protected":false},"author":1,"featured_media":0,"parent":0,"menu_order":0,"comment_status":"closed","ping_status":"closed","template":"","meta":{"footnotes":""},"class_list":["post-144","page","type-page","status-publish","hentry"],"_links":{"self":[{"href":"https:\/\/swissitmanagement.com\/en\/wp-json\/wp\/v2\/pages\/144","targetHints":{"allow":["GET"]}}],"collection":[{"href":"https:\/\/swissitmanagement.com\/en\/wp-json\/wp\/v2\/pages"}],"about":[{"href":"https:\/\/swissitmanagement.com\/en\/wp-json\/wp\/v2\/types\/page"}],"author":[{"embeddable":true,"href":"https:\/\/swissitmanagement.com\/en\/wp-json\/wp\/v2\/users\/1"}],"replies":[{"embeddable":true,"href":"https:\/\/swissitmanagement.com\/en\/wp-json\/wp\/v2\/comments?post=144"}],"version-history":[{"count":0,"href":"https:\/\/swissitmanagement.com\/en\/wp-json\/wp\/v2\/pages\/144\/revisions"}],"wp:attachment":[{"href":"https:\/\/swissitmanagement.com\/en\/wp-json\/wp\/v2\/media?parent=144"}],"curies":[{"name":"wp","href":"https:\/\/api.w.org\/{rel}","templated":true}]}}