{"id":140,"date":"2021-07-08T23:36:12","date_gmt":"2021-07-08T21:36:12","guid":{"rendered":"https:\/\/swissitmanagement.com\/?page_id=140"},"modified":"2026-02-19T07:04:59","modified_gmt":"2026-02-19T06:04:59","slug":"disaster-recovery-business-continuity","status":"publish","type":"page","link":"https:\/\/swissitmanagement.com\/en\/disaster-recovery-business-continuity\/","title":{"rendered":"Disaster Recovery und Business Continuity"},"content":{"rendered":"<div data-elementor-type=\"wp-page\" data-elementor-id=\"140\" class=\"elementor elementor-140\" data-elementor-post-type=\"page\">\n\t\t\t\t\t\t<section class=\"elementor-section elementor-top-section elementor-element elementor-element-be50b27 elementor-section-full_width elementor-section-height-min-height elementor-section-height-default elementor-section-items-middle\" data-id=\"be50b27\" data-element_type=\"section\" data-e-type=\"section\" data-settings=\"{&quot;background_background&quot;:&quot;classic&quot;}\">\n\t\t\t\t\t\t\t<div class=\"elementor-background-overlay\"><\/div>\n\t\t\t\t\t\t\t<div class=\"elementor-container elementor-column-gap-no\">\n\t\t\t\t\t<div class=\"elementor-column elementor-col-100 elementor-top-column elementor-element elementor-element-ac6b41a\" data-id=\"ac6b41a\" data-element_type=\"column\" data-e-type=\"column\">\n\t\t\t<div class=\"elementor-widget-wrap elementor-element-populated\">\n\t\t\t\t\t\t<div class=\"elementor-element elementor-element-ab19dd8 elementor-hidden-tablet elementor-hidden-phone eael-dual-header-content-align-center elementor-widget elementor-widget-eael-dual-color-header\" data-id=\"ab19dd8\" data-element_type=\"widget\" data-e-type=\"widget\" data-widget_type=\"eael-dual-color-header.default\">\n\t\t\t\t<div class=\"elementor-widget-container\">\n\t\t\t\t\t\t\t\t<div class=\"eael-dual-header\">\n\t\t\t\t\t\t\t\t\t<span class=\"eael-dch-svg-icon\"><i aria-hidden=\"true\" class=\"icon icon-repair\"><\/i><\/span>\t\t\t\t\t\t\t\t<h1 class=\"title eael-dch-title\"><span class=\"eael-dch-title-text eael-dch-title-lead lead solid-color\">Disaster Recovery <\/span> <span class=\"eael-dch-title-text\">und Business Continuity\u200b<\/span><\/h1><div class=\"eael-dch-separator-wrap\"><span class=\"separator-one\"><\/span>\n\t\t\t<span class=\"separator-two\"><\/span><\/div>\t\t\t\t<span class=\"subtext\"><p><strong>Cyber Angriffe und klimatische Ereignisse werden zunehmen.<br \/>Die Gew\u00e4hrleistung der Business Continuity nach einem solchen Ereignis<br \/>erfordern eine saubere Disaster Recovery-Planung. <\/strong><\/p><\/span>\n\t\t\t<\/div>\n\t\t\t\t\t\t<\/div>\n\t\t\t\t<\/div>\n\t\t\t\t<div class=\"elementor-element elementor-element-d42c7d7 elementor-hidden-desktop eael-dual-header-content-align-center elementor-widget elementor-widget-eael-dual-color-header\" data-id=\"d42c7d7\" data-element_type=\"widget\" data-e-type=\"widget\" data-widget_type=\"eael-dual-color-header.default\">\n\t\t\t\t<div class=\"elementor-widget-container\">\n\t\t\t\t\t\t\t\t<div class=\"eael-dual-header\">\n\t\t\t\t\t\t\t\t\t<span class=\"eael-dch-svg-icon\"><i aria-hidden=\"true\" class=\"icon icon-repair\"><\/i><\/span>\t\t\t\t\t\t\t\t<h1 class=\"title eael-dch-title\"><span class=\"eael-dch-title-text eael-dch-title-lead lead solid-color\">Disaster Recovery <\/span> <span class=\"eael-dch-title-text\">und Business Continuity\u200b<\/span><\/h1><div class=\"eael-dch-separator-wrap\"><span class=\"separator-one\"><\/span>\n\t\t\t<span class=\"separator-two\"><\/span><\/div>\t\t\t\t<span class=\"subtext\"><p><strong>Cyber Angriffe und klimatische Ereignisse werden zunehmen. Die Gew\u00e4hrleistung der Business Continuity nach einem solchen Ereignis erfordern eine saubere Disaster Recovery-Planung. <\/strong><\/p><\/span>\n\t\t\t<\/div>\n\t\t\t\t\t\t<\/div>\n\t\t\t\t<\/div>\n\t\t\t\t\t<\/div>\n\t\t<\/div>\n\t\t\t\t\t<\/div>\n\t\t<\/section>\n\t\t\t\t<section class=\"elementor-section elementor-top-section elementor-element elementor-element-732370f elementor-section-boxed elementor-section-height-default elementor-section-height-default\" data-id=\"732370f\" data-element_type=\"section\" data-e-type=\"section\">\n\t\t\t\t\t\t<div class=\"elementor-container elementor-column-gap-default\">\n\t\t\t\t\t<div class=\"elementor-column elementor-col-100 elementor-top-column elementor-element elementor-element-76d074a\" data-id=\"76d074a\" data-element_type=\"column\" data-e-type=\"column\">\n\t\t\t<div class=\"elementor-widget-wrap elementor-element-populated\">\n\t\t\t\t\t\t<div class=\"elementor-element elementor-element-4baa04b elementor-widget elementor-widget-heading\" data-id=\"4baa04b\" data-element_type=\"widget\" data-e-type=\"widget\" data-widget_type=\"heading.default\">\n\t\t\t\t<div class=\"elementor-widget-container\">\n\t\t\t\t\t<h2 class=\"elementor-heading-title elementor-size-default\"><a href=\"https:\/\/de.wikipedia.org\/wiki\/Disaster_Recovery\" target=\"_blank\" rel=\"noopener\">Disaster Recovery und Business Continuity<\/a><\/h2>\t\t\t\t<\/div>\n\t\t\t\t<\/div>\n\t\t\t\t<div class=\"elementor-element elementor-element-80ba411 elementor-widget elementor-widget-text-editor\" data-id=\"80ba411\" data-element_type=\"widget\" data-e-type=\"widget\" data-widget_type=\"text-editor.default\">\n\t\t\t\t<div class=\"elementor-widget-container\">\n\t\t\t\t\t\t\t\t\t<p>Definition, wie eine Organisation auf eine Verletzung der Cybersicherheit oder jedes andere Ereignis, das zum Verlust betrieblicher Abl\u00e4ufe oder Daten f\u00fchren, reagieren. Wie eine Organisation ihren Betrieb und ihre Daten auf denselben Stand wie vor dem Ereignis wiederherstellt, ist in den Disaster Recovery-Richtlinien festgelegt. Auf den Business Continuity-Plan greifen Organisationen zur\u00fcck, um die eigene Gesch\u00e4ftst\u00e4tigkeit auch ohne bestimmte Ressourcen fortsetzen zu k\u00f6nnen.<\/p><p>D.R. basiert auf der Replikation von Daten und Computing an einem externen Standort, der nicht von dem Zwischenfall betroffen ist. Wenn Server aufgrund eines Zwischenfalls, Betriebsausfalls oder Cyberangriffs ausfallen, muss ein Unternehmen verlorengegangene Daten von einem zweiten Standort, an dem die Daten gesichert wurden, wiederherstellen. Im Idealfall kann ein Unternehmen au\u00dferdem sein Computing an diesen entfernten Standort verlegen, um den Betrieb fortzusetzen.<\/p><p>Da Cyberangriffe und extreme Wetterereignisse immer h\u00e4ufiger vorkommen, wird die Disaster Recovery-Planung zunehmend wichtiger f\u00fcr Business Continuity. Eine Risikobewertung und eine Analyse der gesch\u00e4ftlichen Auswirkungen, die die m\u00f6glichen Folgen eines Zwischenfalls beziffert, sind wirksame Instrumente, um die Unterst\u00fctzung des Managements f\u00fcr einen Disaster Recovery-Plan zu gewinnen.<\/p><p>Ein guter D.R-Plan nennt die Systeme und Daten, die f\u00fcr Business Continuity am wichtigsten sind, und beschreibt die zur Wiederherstellung der Daten notwendigen Schritte. Der Plan sollte ein Recovery Point Objective (RPO) enthalten, das die H\u00e4ufigkeit der Backups angibt, sowie ein Recovery Time Objective (RTO), das die maximal zul\u00e4ssige Ausfallzeit nach einem Zwischenfall festlegt. Mithilfe dieser Kennzahlen werden Grenzwerte festgelegt, die bei der Auswahl der IT-Strategien, -Prozesse und -Verfahren f\u00fcr einen D.R-Plan als Leitlinien dienen. Die Ausfallzeit, die ein Unternehmen bew\u00e4ltigen kann, und die H\u00e4ufigkeit der Daten-Backups beeinflussen die Disaster Recovery-Strategie des Unternehmens. Schlie\u00dflich ist es wichtig, den Plan regelm\u00e4\u00dfig zu testen, bevor ein Zwischenfall eintritt, um sicherzustellen, dass er funktioniert.<\/p><h3><strong>Ihr Nutzen<\/strong><\/h3><p>Kein Unternehmen kann es sich leisten unvorbereitet zu sein. Die beiden wichtigsten Nutzen eines D.R-Plans sind:<\/p><ul><li>Kosteneinsparungen: Die Planung f\u00fcr den Katastrophenfall kann Unternehmen riesige Summen sparen und sogar dar\u00fcber entscheiden, ob ein Unternehmen einen Cyberangriff oder eine Naturkatastrophe \u00fcbersteht.<\/li><li>Schnellere Recovery: Je nach D.R-Strategie und abh\u00e4ngig von den verwendeten D.R-Tools sind Unternehmen nach einem Zwischenfall wesentlich schneller wieder betriebsbereit sein oder k\u00f6nnen sogar den Betrieb fortsetzen, als w\u00e4re nichts geschehen. F\u00fcr Unternehmen ohne D.R-Strategie und D.R-Plan k\u00f6nnte eine \u00dcberschwemmung oder ein Hurrikan leicht das Ende bedeuten. Oder sie werden durch einen Ransomware-Angriff so stark in Mitleidenschaft gezogen, dass sie sich nie wieder davon erholen.<\/li><\/ul><p>\u00a0<\/p>\t\t\t\t\t\t\t\t<\/div>\n\t\t\t\t<\/div>\n\t\t\t\t<section class=\"elementor-section elementor-inner-section elementor-element elementor-element-114ccfd elementor-section-boxed elementor-section-height-default elementor-section-height-default\" data-id=\"114ccfd\" data-element_type=\"section\" data-e-type=\"section\">\n\t\t\t\t\t\t<div class=\"elementor-container elementor-column-gap-default\">\n\t\t\t\t\t<div class=\"elementor-column elementor-col-50 elementor-inner-column elementor-element elementor-element-9a0cd2a\" data-id=\"9a0cd2a\" data-element_type=\"column\" data-e-type=\"column\">\n\t\t\t<div class=\"elementor-widget-wrap elementor-element-populated\">\n\t\t\t\t\t\t<div class=\"elementor-element elementor-element-6a3eca3 elementor-widget elementor-widget-text-editor\" data-id=\"6a3eca3\" data-element_type=\"widget\" data-e-type=\"widget\" data-widget_type=\"text-editor.default\">\n\t\t\t\t<div class=\"elementor-widget-container\">\n\t\t\t\t\t\t\t\t\t<p>Sie interessieren sich f\u00fcr den <strong>Disaster Recovery und Business Continuity<\/strong>, wissen aber nicht, wo Sie anfangen sollen? Oder ben\u00f6tigen Sie konkrete Unterst\u00fctzung? Melden Sie sich gerne bei uns! Kontaktieren Sie uns zum Thema.<\/p>\t\t\t\t\t\t\t\t<\/div>\n\t\t\t\t<\/div>\n\t\t\t\t<div class=\"elementor-element elementor-element-5b9bf14 pa-icon-pos-before premium-lq__none elementor-widget elementor-widget-premium-addon-button\" data-id=\"5b9bf14\" data-element_type=\"widget\" data-e-type=\"widget\" data-widget_type=\"premium-addon-button.default\">\n\t\t\t\t<div class=\"elementor-widget-container\">\n\t\t\t\t\t\n\n\t\t<a class=\"premium-button premium-button-style7 premium-btn-lg premium-button-style7-left\" href=\"\/en\/kontakt\/\">\n\t\t\t<div class=\"premium-button-text-icon-wrapper\">\n\t\t\t\t\n\t\t\t\t\t\t\t\t\t\t\t\t\t\t\t\t\t\t<i aria-hidden=\"true\" class=\"premium-drawable-icon premium-svg-nodraw icon icon-envelope\"><\/i>\t\t\t\t\t\t\t\t\t\t\t\t\t\t\t\n\t\t\t\t\t\t\t\t\t<span >\n\t\t\t\t\t\tKontakt\t\t\t\t\t<\/span>\n\t\t\t\t\t\t\t<\/div>\n\n\t\t\t\n\t\t\t\n\t\t\t\n\t\t<\/a>\n\n\n\t\t\t\t\t\t<\/div>\n\t\t\t\t<\/div>\n\t\t\t\t\t<\/div>\n\t\t<\/div>\n\t\t\t\t<div class=\"elementor-column elementor-col-50 elementor-inner-column elementor-element elementor-element-173a192\" data-id=\"173a192\" data-element_type=\"column\" data-e-type=\"column\">\n\t\t\t<div class=\"elementor-widget-wrap elementor-element-populated\">\n\t\t\t\t\t\t<div class=\"elementor-element elementor-element-829a835 elementor-widget elementor-widget-image\" data-id=\"829a835\" data-element_type=\"widget\" data-e-type=\"widget\" data-widget_type=\"image.default\">\n\t\t\t\t<div class=\"elementor-widget-container\">\n\t\t\t\t\t\t\t\t\t\t\t\t\t\t\t<img fetchpriority=\"high\" decoding=\"async\" width=\"768\" height=\"512\" src=\"https:\/\/swissitmanagement.com\/wp-content\/uploads\/2021\/08\/recovery-768x512.webp\" class=\"attachment-medium_large size-medium_large wp-image-1477\" alt=\"Disaster Recovery und Business Continuity\" srcset=\"https:\/\/swissitmanagement.com\/wp-content\/uploads\/2021\/08\/recovery-768x512.webp 768w, https:\/\/swissitmanagement.com\/wp-content\/uploads\/2021\/08\/recovery-300x200.webp 300w, https:\/\/swissitmanagement.com\/wp-content\/uploads\/2021\/08\/recovery-1024x682.webp 1024w, https:\/\/swissitmanagement.com\/wp-content\/uploads\/2021\/08\/recovery.webp 1280w\" sizes=\"(max-width: 768px) 100vw, 768px\" title=\"\">\t\t\t\t\t\t\t\t\t\t\t\t\t\t\t<\/div>\n\t\t\t\t<\/div>\n\t\t\t\t\t<\/div>\n\t\t<\/div>\n\t\t\t\t\t<\/div>\n\t\t<\/section>\n\t\t\t\t\t<\/div>\n\t\t<\/div>\n\t\t\t\t\t<\/div>\n\t\t<\/section>\n\t\t\t\t<\/div>","protected":false},"excerpt":{"rendered":"<p>Disaster Recovery und Business Continuity\u200b Cyber Angriffe und klimatische Ereignisse werden zunehmen.Die Gew\u00e4hrleistung der Business Continuity nach einem solchen Ereigniserfordern eine saubere Disaster Recovery-Planung. Disaster Recovery und Business Continuity\u200b Cyber Angriffe und klimatische Ereignisse werden&hellip;<\/p>","protected":false},"author":1,"featured_media":1477,"parent":0,"menu_order":0,"comment_status":"closed","ping_status":"closed","template":"","meta":{"footnotes":""},"class_list":["post-140","page","type-page","status-publish","has-post-thumbnail","hentry"],"_links":{"self":[{"href":"https:\/\/swissitmanagement.com\/en\/wp-json\/wp\/v2\/pages\/140","targetHints":{"allow":["GET"]}}],"collection":[{"href":"https:\/\/swissitmanagement.com\/en\/wp-json\/wp\/v2\/pages"}],"about":[{"href":"https:\/\/swissitmanagement.com\/en\/wp-json\/wp\/v2\/types\/page"}],"author":[{"embeddable":true,"href":"https:\/\/swissitmanagement.com\/en\/wp-json\/wp\/v2\/users\/1"}],"replies":[{"embeddable":true,"href":"https:\/\/swissitmanagement.com\/en\/wp-json\/wp\/v2\/comments?post=140"}],"version-history":[{"count":4,"href":"https:\/\/swissitmanagement.com\/en\/wp-json\/wp\/v2\/pages\/140\/revisions"}],"predecessor-version":[{"id":3437,"href":"https:\/\/swissitmanagement.com\/en\/wp-json\/wp\/v2\/pages\/140\/revisions\/3437"}],"wp:featuredmedia":[{"embeddable":true,"href":"https:\/\/swissitmanagement.com\/en\/wp-json\/wp\/v2\/media\/1477"}],"wp:attachment":[{"href":"https:\/\/swissitmanagement.com\/en\/wp-json\/wp\/v2\/media?parent=140"}],"curies":[{"name":"wp","href":"https:\/\/api.w.org\/{rel}","templated":true}]}}