{"id":136,"date":"2021-07-08T23:33:20","date_gmt":"2021-07-08T21:33:20","guid":{"rendered":"https:\/\/swissitmanagement.com\/?page_id=136"},"modified":"2026-02-19T07:06:22","modified_gmt":"2026-02-19T06:06:22","slug":"dokumenten-management-bpb","status":"publish","type":"page","link":"https:\/\/swissitmanagement.com\/en\/dokumenten-management-bpb\/","title":{"rendered":"Dokumenten Management BPB"},"content":{"rendered":"<div data-elementor-type=\"wp-page\" data-elementor-id=\"136\" class=\"elementor elementor-136\" data-elementor-post-type=\"page\">\n\t\t\t\t\t\t<section class=\"elementor-section elementor-top-section elementor-element elementor-element-d3bda9c elementor-section-full_width elementor-section-height-min-height elementor-section-height-default elementor-section-items-middle\" data-id=\"d3bda9c\" data-element_type=\"section\" data-e-type=\"section\" data-settings=\"{&quot;background_background&quot;:&quot;video&quot;,&quot;background_video_link&quot;:&quot;\\\/wp-content\\\/uploads\\\/2021\\\/08\\\/vid-management.mp4&quot;}\">\n\t\t\t\t\t\t\t\t<div class=\"elementor-background-video-container elementor-hidden-mobile\">\n\t\t\t\t\t\t\t\t\t\t\t\t\t<video class=\"elementor-background-video-hosted\" role=\"presentation\" autoplay muted playsinline loop><\/video>\n\t\t\t\t\t\t\t\t\t\t\t<\/div>\n\t\t\t\t\t\t\t\t\t<div class=\"elementor-background-overlay\"><\/div>\n\t\t\t\t\t\t\t<div class=\"elementor-container elementor-column-gap-no\">\n\t\t\t\t\t<div class=\"elementor-column elementor-col-100 elementor-top-column elementor-element elementor-element-a487b5c\" data-id=\"a487b5c\" data-element_type=\"column\" data-e-type=\"column\">\n\t\t\t<div class=\"elementor-widget-wrap elementor-element-populated\">\n\t\t\t\t\t\t<div class=\"elementor-element elementor-element-b618d6d elementor-hidden-tablet elementor-hidden-phone eael-dual-header-content-align-center elementor-widget elementor-widget-eael-dual-color-header\" data-id=\"b618d6d\" data-element_type=\"widget\" data-e-type=\"widget\" data-widget_type=\"eael-dual-color-header.default\">\n\t\t\t\t<div class=\"elementor-widget-container\">\n\t\t\t\t\t\t\t\t<div class=\"eael-dual-header\">\n\t\t\t\t\t\t\t\t\t<span class=\"eael-dch-svg-icon\"><i aria-hidden=\"true\" class=\"icon icon-document\"><\/i><\/span>\t\t\t\t\t\t\t\t<h1 class=\"title eael-dch-title\"><span class=\"eael-dch-title-text eael-dch-title-lead lead solid-color\">Dokumenten Management \u2013 <\/span> <span class=\"eael-dch-title-text\">Business Process Bridge (BPB)<\/span><\/h1><div class=\"eael-dch-separator-wrap\"><span class=\"separator-one\"><\/span>\n\t\t\t<span class=\"separator-two\"><\/span><\/div>\t\t\t\t<span class=\"subtext\"><p><strong>Steigerung der Effizienz innerhalb der einzelnen betrieblichen Prozesse<\/strong><br \/><strong>und im Gesamtprozess der Wertsch\u00f6pfung mit Dokumenten Management \u2013 Business Process Bridge (BPB). <\/strong><br \/><strong>Gew\u00e4hrleistung der Compliance ohne zus\u00e4tzlichen Aufwand.<\/strong><\/p><\/span>\n\t\t\t<\/div>\n\t\t\t\t\t\t<\/div>\n\t\t\t\t<\/div>\n\t\t\t\t<div class=\"elementor-element elementor-element-2d539b7 elementor-hidden-desktop eael-dual-header-content-align-center elementor-widget elementor-widget-eael-dual-color-header\" data-id=\"2d539b7\" data-element_type=\"widget\" data-e-type=\"widget\" data-widget_type=\"eael-dual-color-header.default\">\n\t\t\t\t<div class=\"elementor-widget-container\">\n\t\t\t\t\t\t\t\t<div class=\"eael-dual-header\">\n\t\t\t\t\t\t\t\t\t<span class=\"eael-dch-svg-icon\"><i aria-hidden=\"true\" class=\"icon icon-document\"><\/i><\/span>\t\t\t\t\t\t\t\t<h1 class=\"title eael-dch-title\"><span class=\"eael-dch-title-text eael-dch-title-lead lead solid-color\">Dokumenten Management \u2013 <\/span> <span class=\"eael-dch-title-text\">Business Process Bridge (BPB)<\/span><\/h1><div class=\"eael-dch-separator-wrap\"><span class=\"separator-one\"><\/span>\n\t\t\t<span class=\"separator-two\"><\/span><\/div>\t\t\t\t<span class=\"subtext\"><p>Steigerung der Effizienz innerhalb der einzelnen betrieblichen Prozesse und im Gesamtprozess der Wertsch\u00f6pfung mit Dokumenten Management \u2013 Business Process Bridge (BPB). Gew\u00e4hrleistung der Compliance ohne zus\u00e4tzlichen Aufwand.<\/p><\/span>\n\t\t\t<\/div>\n\t\t\t\t\t\t<\/div>\n\t\t\t\t<\/div>\n\t\t\t\t\t<\/div>\n\t\t<\/div>\n\t\t\t\t\t<\/div>\n\t\t<\/section>\n\t\t\t\t<section class=\"elementor-section elementor-top-section elementor-element elementor-element-8ed1019 elementor-section-boxed elementor-section-height-default elementor-section-height-default\" data-id=\"8ed1019\" data-element_type=\"section\" data-e-type=\"section\">\n\t\t\t\t\t\t<div class=\"elementor-container elementor-column-gap-default\">\n\t\t\t\t\t<div class=\"elementor-column elementor-col-100 elementor-top-column elementor-element elementor-element-b9947a0\" data-id=\"b9947a0\" data-element_type=\"column\" data-e-type=\"column\">\n\t\t\t<div class=\"elementor-widget-wrap elementor-element-populated\">\n\t\t\t\t\t\t<div class=\"elementor-element elementor-element-1688e1d elementor-widget elementor-widget-heading\" data-id=\"1688e1d\" data-element_type=\"widget\" data-e-type=\"widget\" data-widget_type=\"heading.default\">\n\t\t\t\t<div class=\"elementor-widget-container\">\n\t\t\t\t\t<h2 class=\"elementor-heading-title elementor-size-default\">Dokumenten Management \u2013 Business Process Bridge (BPB)<\/h2>\t\t\t\t<\/div>\n\t\t\t\t<\/div>\n\t\t\t\t<div class=\"elementor-element elementor-element-9b827b9 elementor-widget elementor-widget-text-editor\" data-id=\"9b827b9\" data-element_type=\"widget\" data-e-type=\"widget\" data-widget_type=\"text-editor.default\">\n\t\t\t\t<div class=\"elementor-widget-container\">\n\t\t\t\t\t\t\t\t\t<p><strong>Steigerung der Effizienz innerhalb der einzelnen betrieblichen Prozesse und im Gesamtprozess der Wertsch\u00f6pfung mit Dokumenten Management \u2013 Business Process Bridge (BPB). Gew\u00e4hrleistung der Compliance ohne zus\u00e4tzlichen Aufwand. <\/strong><\/p>\t\t\t\t\t\t\t\t<\/div>\n\t\t\t\t<\/div>\n\t\t\t\t<div class=\"elementor-element elementor-element-de5a84d elementor-widget elementor-widget-text-editor\" data-id=\"de5a84d\" data-element_type=\"widget\" data-e-type=\"widget\" data-widget_type=\"text-editor.default\">\n\t\t\t\t<div class=\"elementor-widget-container\">\n\t\t\t\t\t\t\t\t\t<p>Digitale Dokumente und Workflows sind der Treiber f\u00fcr die Business Automatisierung. Unser Dokumenten Management L\u00f6sung <strong>Business Process Bridge <\/strong>bietet viel mehr als die digitale Erfassung, Bearbeitung und Archivierung von Dokumenten.<\/p><p>BPB digitalisiert s\u00e4mtliche Prozesse in ihrem Unternehmen, steigert die Effizienz und spart Zeit und Kosten.<\/p><p>BPB schl\u00e4gt die Br\u00fccke zwischen Technologie, Architektur, Methodik und Management\/IT-Governance. BPB verbindet die L\u00fccken, die durch Papier und verschiedene Applikationen im Business Prozess entstehen. Diese L\u00fccken werden gesamtheitlich erfasst und mittels den BPB-erprobten Werkzeugen geschlossen.<\/p>\t\t\t\t\t\t\t\t<\/div>\n\t\t\t\t<\/div>\n\t\t\t\t<div class=\"elementor-element elementor-element-db7c869 elementor-widget elementor-widget-text-editor\" data-id=\"db7c869\" data-element_type=\"widget\" data-e-type=\"widget\" data-widget_type=\"text-editor.default\">\n\t\t\t\t<div class=\"elementor-widget-container\">\n\t\t\t\t\t\t\t\t\t<p><strong>Die Herausforderung<\/strong><\/p><p>Aus prozesstechnischer Sicht ist ein Business Process ein heterogenes System von\u00a0 unterschiedlichen Applikationen, Systemen, digitalen und analogen Dokumenten und Informationen. Dieses heterogene System ist dynamisch, weil sich Inputs oder Outputs \u00e4ndern, Teilprozesse optimiert werden und der Wertsch\u00f6pfungsprozess eine permanente Optimierung anstrebt (bez\u00fcglich Ressourcenverzehr, Durchlaufzeiten, Qualit\u00e4t und Ver\u00e4nderung der Rahmenbedingungen).<\/p><p>Diese Heterogenit\u00e4t und Dynamik f\u00fchren in der Praxis zu Medienbr\u00fcchen, zu Doppelspurigkeiten bei der Archivierung oder Datenhaltung und erschweren die l\u00fcckenlose\u00a0 Nachvollziehbarkeit.<\/p><p>Die Sicherstellung der Compliance stellt eine echte Herausforderung dar. Und dies auf Kosten der Effizienz.<\/p>\t\t\t\t\t\t\t\t<\/div>\n\t\t\t\t<\/div>\n\t\t\t\t<div class=\"elementor-element elementor-element-66236ed elementor-widget elementor-widget-image\" data-id=\"66236ed\" data-element_type=\"widget\" data-e-type=\"widget\" data-widget_type=\"image.default\">\n\t\t\t\t<div class=\"elementor-widget-container\">\n\t\t\t\t\t\t\t\t\t\t\t\t\t\t\t<img fetchpriority=\"high\" decoding=\"async\" width=\"538\" height=\"358\" src=\"https:\/\/swissitmanagement.com\/wp-content\/uploads\/2021\/08\/fotolia_62938072_l_546.webp\" class=\"attachment-large size-large wp-image-1063\" alt=\"\" srcset=\"https:\/\/swissitmanagement.com\/wp-content\/uploads\/2021\/08\/fotolia_62938072_l_546.webp 538w, https:\/\/swissitmanagement.com\/wp-content\/uploads\/2021\/08\/fotolia_62938072_l_546-300x200.webp 300w\" sizes=\"(max-width: 538px) 100vw, 538px\" title=\"\">\t\t\t\t\t\t\t\t\t\t\t\t\t\t\t<\/div>\n\t\t\t\t<\/div>\n\t\t\t\t<div class=\"elementor-element elementor-element-9e51b7b elementor-widget elementor-widget-text-editor\" data-id=\"9e51b7b\" data-element_type=\"widget\" data-e-type=\"widget\" data-widget_type=\"text-editor.default\">\n\t\t\t\t<div class=\"elementor-widget-container\">\n\t\t\t\t\t\t\t\t\t<p><strong>Umsetzung Business Process Bridge<\/strong><\/p><p>Mit unserer L\u00f6sung der Gesch\u00e4ftsprozess-Modellierung und der BPB erhalten Sie ein vollst\u00e4ndig integriertes System. Das gesamte System ist exakt auf die spezifischen Anforderungen ihres Unternehmens angepasst und integriert.<\/p>\t\t\t\t\t\t\t\t<\/div>\n\t\t\t\t<\/div>\n\t\t\t\t<div class=\"elementor-element elementor-element-0ff1820 elementor-widget elementor-widget-image\" data-id=\"0ff1820\" data-element_type=\"widget\" data-e-type=\"widget\" data-widget_type=\"image.default\">\n\t\t\t\t<div class=\"elementor-widget-container\">\n\t\t\t\t\t\t\t\t\t\t\t\t\t\t\t<img decoding=\"async\" width=\"930\" height=\"198\" src=\"https:\/\/swissitmanagement.com\/wp-content\/uploads\/2021\/08\/Umsetzung.webp\" class=\"attachment-large size-large wp-image-1837\" alt=\"\" srcset=\"https:\/\/swissitmanagement.com\/wp-content\/uploads\/2021\/08\/Umsetzung.webp 930w, https:\/\/swissitmanagement.com\/wp-content\/uploads\/2021\/08\/Umsetzung-300x64.webp 300w, https:\/\/swissitmanagement.com\/wp-content\/uploads\/2021\/08\/Umsetzung-768x164.webp 768w\" sizes=\"(max-width: 930px) 100vw, 930px\" title=\"\">\t\t\t\t\t\t\t\t\t\t\t\t\t\t\t<\/div>\n\t\t\t\t<\/div>\n\t\t\t\t<div class=\"elementor-element elementor-element-981f641 elementor-widget elementor-widget-text-editor\" data-id=\"981f641\" data-element_type=\"widget\" data-e-type=\"widget\" data-widget_type=\"text-editor.default\">\n\t\t\t\t<div class=\"elementor-widget-container\">\n\t\t\t\t\t\t\t\t\t<p><strong>Konkret werden im Rahmen der BPB die folgenden Leistungen nach Bedarf in Ihrem Betrieb umgesetzt:<\/strong><\/p><ul><li>Scanning von Dokumenten<\/li><li>Archivierung von Dokumenten<\/li><li>Automatisierung von Arbeitsschritten<\/li><li>System\u00fcbergreifende Workflow-Applikation (Br\u00fccke)<\/li><li>Prozesse und zugeh\u00f6rige Dokumente sind entlang der Wertsch\u00f6pfungskette jederzeit verf\u00fcgbar<br \/><br \/><\/li><\/ul><p><strong>Warum Sie sich heute mit der Business Process Bridge (BPB) besch\u00e4ftigen sollen? <br \/>Damit in Ihrem\u00a0 Unternehmen &#8230;<\/strong><\/p><ul><li>die Medienbr\u00fcche innerhalb des Business Prozesses vermieden werden<\/li><li>die Effizienz innerhalb der einzelnen Prozesse und im Gesamtprozess der Wertsch\u00f6pfung gesteigert wird<\/li><li>die Compliance mit minimalem Aufwand gew\u00e4hrleistet ist<\/li><li>die Erfassung (Analog oder Digital) von Dokumenten und Informationen nur einmalig erfolgt und diese weltweit entsprechend den jeweiligen gesetzlichen Bestimmungen bereitgestellt werden<\/li><\/ul>\t\t\t\t\t\t\t\t<\/div>\n\t\t\t\t<\/div>\n\t\t\t\t<div class=\"elementor-element elementor-element-4564978 elementor-widget elementor-widget-image\" data-id=\"4564978\" data-element_type=\"widget\" data-e-type=\"widget\" data-widget_type=\"image.default\">\n\t\t\t\t<div class=\"elementor-widget-container\">\n\t\t\t\t\t\t\t\t\t\t\t\t\t\t\t<img decoding=\"async\" width=\"768\" height=\"552\" src=\"https:\/\/swissitmanagement.com\/wp-content\/uploads\/2021\/08\/Bridge2-768x552.webp\" class=\"attachment-medium_large size-medium_large wp-image-1851\" alt=\"\" srcset=\"https:\/\/swissitmanagement.com\/wp-content\/uploads\/2021\/08\/Bridge2-768x552.webp 768w, https:\/\/swissitmanagement.com\/wp-content\/uploads\/2021\/08\/Bridge2-300x216.webp 300w, https:\/\/swissitmanagement.com\/wp-content\/uploads\/2021\/08\/Bridge2-1024x736.webp 1024w, https:\/\/swissitmanagement.com\/wp-content\/uploads\/2021\/08\/Bridge2-1536x1104.webp 1536w, https:\/\/swissitmanagement.com\/wp-content\/uploads\/2021\/08\/Bridge2.webp 1920w\" sizes=\"(max-width: 768px) 100vw, 768px\" title=\"\">\t\t\t\t\t\t\t\t\t\t\t\t\t\t\t<\/div>\n\t\t\t\t<\/div>\n\t\t\t\t<div class=\"elementor-element elementor-element-7e9a3c8 elementor-widget elementor-widget-text-editor\" data-id=\"7e9a3c8\" data-element_type=\"widget\" data-e-type=\"widget\" data-widget_type=\"text-editor.default\">\n\t\t\t\t<div class=\"elementor-widget-container\">\n\t\t\t\t\t\t\t\t\t<p>Wir bieten ein abgestimmtes Portfolio von Produkten, Tools und Dienstleistungen, damit Sie den gesamten Lebenszyklus eines Dokuments einfach managen k\u00f6nnen.<\/p><p>Sie interessieren sich f\u00fcr <strong>Business Process Bridge<\/strong> wissen aber nicht, wo Sie anfangen sollen? Oder ben\u00f6tigen Sie konkrete Unterst\u00fctzung? Melden Sie sich gerne bei uns! Kontaktieren Sie uns zum Thema <strong>Business Process Bridge.<\/strong><\/p>\t\t\t\t\t\t\t\t<\/div>\n\t\t\t\t<\/div>\n\t\t\t\t<div class=\"elementor-element elementor-element-dad6ee7 pa-icon-pos-before premium-lq__none elementor-widget elementor-widget-premium-addon-button\" data-id=\"dad6ee7\" data-element_type=\"widget\" data-e-type=\"widget\" data-widget_type=\"premium-addon-button.default\">\n\t\t\t\t<div class=\"elementor-widget-container\">\n\t\t\t\t\t\n\n\t\t<a class=\"premium-button premium-button-style7 premium-btn-lg premium-button-style7-left\" href=\"\/en\/kontakt\/\">\n\t\t\t<div class=\"premium-button-text-icon-wrapper\">\n\t\t\t\t\n\t\t\t\t\t\t\t\t\t\t\t\t\t\t\t\t\t\t<i aria-hidden=\"true\" class=\"premium-drawable-icon premium-svg-nodraw icon icon-envelope\"><\/i>\t\t\t\t\t\t\t\t\t\t\t\t\t\t\t\n\t\t\t\t\t\t\t\t\t<span >\n\t\t\t\t\t\tKontakt\t\t\t\t\t<\/span>\n\t\t\t\t\t\t\t<\/div>\n\n\t\t\t\n\t\t\t\n\t\t\t\n\t\t<\/a>\n\n\n\t\t\t\t\t\t<\/div>\n\t\t\t\t<\/div>\n\t\t\t\t\t<\/div>\n\t\t<\/div>\n\t\t\t\t\t<\/div>\n\t\t<\/section>\n\t\t\t\t<\/div>","protected":false},"excerpt":{"rendered":"<p>Dokumenten Management \u2013 Business Process Bridge (BPB) Steigerung der Effizienz innerhalb der einzelnen betrieblichen Prozesseund im Gesamtprozess der Wertsch\u00f6pfung mit Dokumenten Management \u2013 Business Process Bridge (BPB). Gew\u00e4hrleistung der Compliance ohne zus\u00e4tzlichen Aufwand. Dokumenten Management&hellip;<\/p>","protected":false},"author":1,"featured_media":0,"parent":0,"menu_order":0,"comment_status":"closed","ping_status":"closed","template":"","meta":{"footnotes":""},"class_list":["post-136","page","type-page","status-publish","hentry"],"_links":{"self":[{"href":"https:\/\/swissitmanagement.com\/en\/wp-json\/wp\/v2\/pages\/136","targetHints":{"allow":["GET"]}}],"collection":[{"href":"https:\/\/swissitmanagement.com\/en\/wp-json\/wp\/v2\/pages"}],"about":[{"href":"https:\/\/swissitmanagement.com\/en\/wp-json\/wp\/v2\/types\/page"}],"author":[{"embeddable":true,"href":"https:\/\/swissitmanagement.com\/en\/wp-json\/wp\/v2\/users\/1"}],"replies":[{"embeddable":true,"href":"https:\/\/swissitmanagement.com\/en\/wp-json\/wp\/v2\/comments?post=136"}],"version-history":[{"count":10,"href":"https:\/\/swissitmanagement.com\/en\/wp-json\/wp\/v2\/pages\/136\/revisions"}],"predecessor-version":[{"id":3470,"href":"https:\/\/swissitmanagement.com\/en\/wp-json\/wp\/v2\/pages\/136\/revisions\/3470"}],"wp:attachment":[{"href":"https:\/\/swissitmanagement.com\/en\/wp-json\/wp\/v2\/media?parent=136"}],"curies":[{"name":"wp","href":"https:\/\/api.w.org\/{rel}","templated":true}]}}