{"id":128,"date":"2021-07-08T23:31:45","date_gmt":"2021-07-08T21:31:45","guid":{"rendered":"https:\/\/swissitmanagement.com\/?page_id=128"},"modified":"2026-02-19T07:05:02","modified_gmt":"2026-02-19T06:05:02","slug":"cyber-security","status":"publish","type":"page","link":"https:\/\/swissitmanagement.com\/en\/cyber-security\/","title":{"rendered":"Cyber Security"},"content":{"rendered":"<div data-elementor-type=\"wp-page\" data-elementor-id=\"128\" class=\"elementor elementor-128\" data-elementor-post-type=\"page\">\n\t\t\t\t\t\t<section class=\"elementor-section elementor-top-section elementor-element elementor-element-da9ec98 elementor-section-full_width elementor-section-height-min-height elementor-section-height-default elementor-section-items-middle\" data-id=\"da9ec98\" data-element_type=\"section\" data-e-type=\"section\" data-settings=\"{&quot;background_background&quot;:&quot;video&quot;,&quot;background_video_link&quot;:&quot;\\\/wp-content\\\/uploads\\\/2021\\\/08\\\/vid-security.mp4&quot;}\">\n\t\t\t\t\t\t\t\t<div class=\"elementor-background-video-container elementor-hidden-mobile\">\n\t\t\t\t\t\t\t\t\t\t\t\t\t<video class=\"elementor-background-video-hosted\" role=\"presentation\" autoplay muted playsinline loop><\/video>\n\t\t\t\t\t\t\t\t\t\t\t<\/div>\n\t\t\t\t\t\t\t\t\t<div class=\"elementor-background-overlay\"><\/div>\n\t\t\t\t\t\t\t<div class=\"elementor-container elementor-column-gap-no\">\n\t\t\t\t\t<div class=\"elementor-column elementor-col-100 elementor-top-column elementor-element elementor-element-250179c\" data-id=\"250179c\" data-element_type=\"column\" data-e-type=\"column\">\n\t\t\t<div class=\"elementor-widget-wrap elementor-element-populated\">\n\t\t\t\t\t\t<div class=\"elementor-element elementor-element-071824d elementor-hidden-phone eael-dual-header-content-align-center elementor-widget elementor-widget-eael-dual-color-header\" data-id=\"071824d\" data-element_type=\"widget\" data-e-type=\"widget\" data-widget_type=\"eael-dual-color-header.default\">\n\t\t\t\t<div class=\"elementor-widget-container\">\n\t\t\t\t\t\t\t\t<div class=\"eael-dual-header\">\n\t\t\t\t\t\t\t\t\t<span class=\"eael-dch-svg-icon\"><i aria-hidden=\"true\" class=\"icon icon-padlock-1\"><\/i><\/span>\t\t\t\t\t\t\t\t<h1 class=\"title eael-dch-title\"><span class=\"eael-dch-title-text eael-dch-title-lead lead solid-color\">Cyber Security<\/span> <span class=\"eael-dch-title-text\"><\/span><\/h1><div class=\"eael-dch-separator-wrap\"><span class=\"separator-one\"><\/span>\n\t\t\t<span class=\"separator-two\"><\/span><\/div>\t\t\t\t<span class=\"subtext\"><p><strong>H\u00f6chste Sicherheit f\u00fcr Ihre Daten und Ausfallsicherheit der Business-Prozesse in Ihrem Unternehmen. <br \/>Mit Cyber Security digital sicher und trotzdem ger\u00fcstet f\u00fcr den Cyber-Worst-Case.<\/strong><\/p><\/span>\n\t\t\t<\/div>\n\t\t\t\t\t\t<\/div>\n\t\t\t\t<\/div>\n\t\t\t\t<div class=\"elementor-element elementor-element-43c6484 elementor-hidden-desktop elementor-hidden-tablet eael-dual-header-content-align-center elementor-widget elementor-widget-eael-dual-color-header\" data-id=\"43c6484\" data-element_type=\"widget\" data-e-type=\"widget\" data-widget_type=\"eael-dual-color-header.default\">\n\t\t\t\t<div class=\"elementor-widget-container\">\n\t\t\t\t\t\t\t\t<div class=\"eael-dual-header\">\n\t\t\t\t\t\t\t\t\t<span class=\"eael-dch-svg-icon\"><i aria-hidden=\"true\" class=\"icon icon-padlock-1\"><\/i><\/span>\t\t\t\t\t\t\t\t<h1 class=\"title eael-dch-title\"><span class=\"eael-dch-title-text eael-dch-title-lead lead solid-color\">Cyber Security<\/span> <span class=\"eael-dch-title-text\"><\/span><\/h1><div class=\"eael-dch-separator-wrap\"><span class=\"separator-one\"><\/span>\n\t\t\t<span class=\"separator-two\"><\/span><\/div>\t\t\t\t<span class=\"subtext\"><p><strong>H\u00f6chste Sicherheit f\u00fcr Ihre Daten und Ausfallsicherheit der Business-Prozesse in Ihrem Unternehmen. Mit Cyber Security digital sicher und trotzdem ger\u00fcstet f\u00fcr den Cyber-Worst-Case.<\/strong><\/p><\/span>\n\t\t\t<\/div>\n\t\t\t\t\t\t<\/div>\n\t\t\t\t<\/div>\n\t\t\t\t\t<\/div>\n\t\t<\/div>\n\t\t\t\t\t<\/div>\n\t\t<\/section>\n\t\t\t\t<section class=\"elementor-section elementor-top-section elementor-element elementor-element-1e0fb7c elementor-section-boxed elementor-section-height-default elementor-section-height-default\" data-id=\"1e0fb7c\" data-element_type=\"section\" data-e-type=\"section\">\n\t\t\t\t\t\t<div class=\"elementor-container elementor-column-gap-default\">\n\t\t\t\t\t<div class=\"elementor-column elementor-col-100 elementor-top-column elementor-element elementor-element-88a6d54\" data-id=\"88a6d54\" data-element_type=\"column\" data-e-type=\"column\">\n\t\t\t<div class=\"elementor-widget-wrap elementor-element-populated\">\n\t\t\t\t\t\t<div class=\"elementor-element elementor-element-7745f53 elementor-widget elementor-widget-heading\" data-id=\"7745f53\" data-element_type=\"widget\" data-e-type=\"widget\" data-widget_type=\"heading.default\">\n\t\t\t\t<div class=\"elementor-widget-container\">\n\t\t\t\t\t<h2 class=\"elementor-heading-title elementor-size-default\">Die Cyber Security<\/h2>\t\t\t\t<\/div>\n\t\t\t\t<\/div>\n\t\t\t\t<div class=\"elementor-element elementor-element-0d6d094 elementor-widget elementor-widget-text-editor\" data-id=\"0d6d094\" data-element_type=\"widget\" data-e-type=\"widget\" data-widget_type=\"text-editor.default\">\n\t\t\t\t<div class=\"elementor-widget-container\">\n\t\t\t\t\t\t\t\t\t<p><a href=\"https:\/\/de.wikipedia.org\/wiki\/Netzwerksicherheit\" target=\"_blank\" rel=\"noopener\">Die Netzwerksicherheit<\/a> umfasst s\u00e4mtliche Massnahmen, um Computer, Server, Mobilger\u00e4te, elektronische Systeme, Netzwerke und Daten gegen b\u00f6swillige Angriffe zu verteidigen. Sie wird auch als IT-Sicherheit oder elektronische Datensicherheit bezeichnet. Der Begriff wird in einer Vielzahl von Kontexten, von Gesch\u00e4ftsanwendungen bis zum mobilen Computing, verwendet und l\u00e4sst sich in einer Reihe von allgemeinen Kategorien zusammenfassen.<\/p><p>Die Entwicklung globaler Cyberbedrohungen verl\u00e4uft extrem schnell und l\u00e4sst die Zahl der Datenschutzverletzungen jedes Jahr steigen. In den ersten neun Monaten des Jahres 2019 allein sind diesem Trend einem Bericht von RiskBased Security zufolge erschreckende 7,9 Milliarden Datens\u00e4tze zum Opfer gefallen. Diese Zahl ist mehr als doppelt so hoch (112 %) wie in demselben Zeitraum des Vorjahres.<\/p><p>Dabei betrafen die meisten Verletzungen medizinische Dienste, Einzelh\u00e4ndler und \u00f6ffentliche Stellen, wobei die meisten Vorf\u00e4lle auf das Konto von Kriminellen gingen. Einige dieser Bereiche sind f\u00fcr Cyberkriminelle attraktiver als andere, weil sie Finanz- und Gesundheitsdaten sammeln, aber jedes Unternehmen, das Netzwerk nutzt, kann zur Zielscheibe werden: wegen ihrer Kundendaten, Betriebsspionage oder Kundenangriffen.<\/p><h3><strong>Warum Sie sich heute mit der Netzwerksicherheit besch\u00e4ftigen sollen? Damit &#8230;<\/strong><\/h3><ul><li>die Daten Ihrer Unternehmung sicher sind<\/li><li>die Business-Prozesse Ihrer Unternehmung nicht ausfallen<\/li><li>Ihr Unternehmen f\u00fcr den Cyber-Worst-Case ger\u00fcstet ist<\/li><\/ul><h3><strong><br \/>Wir bieten unseren Kunden ein breites Portfolio f\u00fcr die erfolgreiche Umsetzung von Cyber Security.<\/strong><\/h3><ul><li>Netzwerksicherheit\u00a0<\/li><li>Disaster Recovery und Business Continuity<\/li><\/ul><p>Sie interessieren sich f\u00fcr die <strong>Netzwerksicherheit<\/strong>, wissen aber nicht, wo Sie anfangen sollen? Oder ben\u00f6tigen Sie konkrete Unterst\u00fctzung? Unsere L\u00f6sungen sch\u00fctzen vor Bedrohungen und gew\u00e4hrleisten eine sichere digitale Umgebung f\u00fcr Ihre Gesch\u00e4ftsprozesse.<\/p><p>Melden Sie sich gerne bei uns!<\/p>\t\t\t\t\t\t\t\t<\/div>\n\t\t\t\t<\/div>\n\t\t\t\t<section class=\"elementor-section elementor-inner-section elementor-element elementor-element-b456160 elementor-section-boxed elementor-section-height-default elementor-section-height-default\" data-id=\"b456160\" data-element_type=\"section\" data-e-type=\"section\">\n\t\t\t\t\t\t<div class=\"elementor-container elementor-column-gap-default\">\n\t\t\t\t\t<div class=\"elementor-column elementor-col-50 elementor-inner-column elementor-element elementor-element-11830a9\" data-id=\"11830a9\" data-element_type=\"column\" data-e-type=\"column\">\n\t\t\t<div class=\"elementor-widget-wrap elementor-element-populated\">\n\t\t\t\t\t\t<div class=\"elementor-element elementor-element-6570905 pa-icon-pos-before premium-lq__none elementor-widget elementor-widget-premium-addon-button\" data-id=\"6570905\" data-element_type=\"widget\" data-e-type=\"widget\" data-widget_type=\"premium-addon-button.default\">\n\t\t\t\t<div class=\"elementor-widget-container\">\n\t\t\t\t\t\n\n\t\t<a class=\"premium-button premium-button-style7 premium-btn-lg premium-button-style7-left\" href=\"\/en\/kontakt\/\">\n\t\t\t<div class=\"premium-button-text-icon-wrapper\">\n\t\t\t\t\n\t\t\t\t\t\t\t\t\t\t\t\t\t\t\t\t\t\t<i aria-hidden=\"true\" class=\"premium-drawable-icon premium-svg-nodraw icon icon-envelope\"><\/i>\t\t\t\t\t\t\t\t\t\t\t\t\t\t\t\n\t\t\t\t\t\t\t\t\t<span >\n\t\t\t\t\t\tKontakt\t\t\t\t\t<\/span>\n\t\t\t\t\t\t\t<\/div>\n\n\t\t\t\n\t\t\t\n\t\t\t\n\t\t<\/a>\n\n\n\t\t\t\t\t\t<\/div>\n\t\t\t\t<\/div>\n\t\t\t\t\t<\/div>\n\t\t<\/div>\n\t\t\t\t<div class=\"elementor-column elementor-col-50 elementor-inner-column elementor-element elementor-element-98c40dd\" data-id=\"98c40dd\" data-element_type=\"column\" data-e-type=\"column\">\n\t\t\t<div class=\"elementor-widget-wrap elementor-element-populated\">\n\t\t\t\t\t\t<div class=\"elementor-element elementor-element-e0bc79e elementor-widget elementor-widget-image\" data-id=\"e0bc79e\" data-element_type=\"widget\" data-e-type=\"widget\" data-widget_type=\"image.default\">\n\t\t\t\t<div class=\"elementor-widget-container\">\n\t\t\t\t\t\t\t\t\t\t\t\t\t\t\t<img fetchpriority=\"high\" decoding=\"async\" width=\"768\" height=\"512\" src=\"https:\/\/swissitmanagement.com\/wp-content\/uploads\/2021\/08\/security2-768x512.webp\" class=\"attachment-medium_large size-medium_large wp-image-1476\" alt=\"St\u00e4rken Sie Ihr Unternehmen mit erstklassiger Cyber Security.\" srcset=\"https:\/\/swissitmanagement.com\/wp-content\/uploads\/2021\/08\/security2-768x512.webp 768w, https:\/\/swissitmanagement.com\/wp-content\/uploads\/2021\/08\/security2-300x200.webp 300w, https:\/\/swissitmanagement.com\/wp-content\/uploads\/2021\/08\/security2.webp 800w\" sizes=\"(max-width: 768px) 100vw, 768px\" title=\"\">\t\t\t\t\t\t\t\t\t\t\t\t\t\t\t<\/div>\n\t\t\t\t<\/div>\n\t\t\t\t\t<\/div>\n\t\t<\/div>\n\t\t\t\t\t<\/div>\n\t\t<\/section>\n\t\t\t\t\t<\/div>\n\t\t<\/div>\n\t\t\t\t\t<\/div>\n\t\t<\/section>\n\t\t\t\t<\/div>","protected":false},"excerpt":{"rendered":"<p>Cyber Security H\u00f6chste Sicherheit f\u00fcr Ihre Daten und Ausfallsicherheit der Business-Prozesse in Ihrem Unternehmen. Mit Cyber Security digital sicher und trotzdem ger\u00fcstet f\u00fcr den Cyber-Worst-Case. Cyber Security H\u00f6chste Sicherheit f\u00fcr Ihre Daten und Ausfallsicherheit der&hellip;<\/p>","protected":false},"author":1,"featured_media":2606,"parent":0,"menu_order":0,"comment_status":"closed","ping_status":"closed","template":"","meta":{"footnotes":""},"class_list":["post-128","page","type-page","status-publish","has-post-thumbnail","hentry"],"_links":{"self":[{"href":"https:\/\/swissitmanagement.com\/en\/wp-json\/wp\/v2\/pages\/128","targetHints":{"allow":["GET"]}}],"collection":[{"href":"https:\/\/swissitmanagement.com\/en\/wp-json\/wp\/v2\/pages"}],"about":[{"href":"https:\/\/swissitmanagement.com\/en\/wp-json\/wp\/v2\/types\/page"}],"author":[{"embeddable":true,"href":"https:\/\/swissitmanagement.com\/en\/wp-json\/wp\/v2\/users\/1"}],"replies":[{"embeddable":true,"href":"https:\/\/swissitmanagement.com\/en\/wp-json\/wp\/v2\/comments?post=128"}],"version-history":[{"count":3,"href":"https:\/\/swissitmanagement.com\/en\/wp-json\/wp\/v2\/pages\/128\/revisions"}],"predecessor-version":[{"id":3440,"href":"https:\/\/swissitmanagement.com\/en\/wp-json\/wp\/v2\/pages\/128\/revisions\/3440"}],"wp:featuredmedia":[{"embeddable":true,"href":"https:\/\/swissitmanagement.com\/en\/wp-json\/wp\/v2\/media\/2606"}],"wp:attachment":[{"href":"https:\/\/swissitmanagement.com\/en\/wp-json\/wp\/v2\/media?parent=128"}],"curies":[{"name":"wp","href":"https:\/\/api.w.org\/{rel}","templated":true}]}}