{"id":122,"date":"2021-07-08T23:31:02","date_gmt":"2021-07-08T21:31:02","guid":{"rendered":"https:\/\/swissitmanagement.com\/?page_id=122"},"modified":"2026-02-19T07:05:07","modified_gmt":"2026-02-19T06:05:07","slug":"submissionen","status":"publish","type":"page","link":"https:\/\/swissitmanagement.com\/en\/submissionen\/","title":{"rendered":"Submissionen"},"content":{"rendered":"<div data-elementor-type=\"wp-page\" data-elementor-id=\"122\" class=\"elementor elementor-122\" data-elementor-post-type=\"page\">\n\t\t\t\t\t\t<section class=\"elementor-section elementor-top-section elementor-element elementor-element-9b330cc elementor-section-full_width elementor-section-height-min-height elementor-section-height-default elementor-section-items-middle\" data-id=\"9b330cc\" data-element_type=\"section\" data-e-type=\"section\" data-settings=\"{&quot;background_background&quot;:&quot;classic&quot;}\">\n\t\t\t\t\t\t\t<div class=\"elementor-background-overlay\"><\/div>\n\t\t\t\t\t\t\t<div class=\"elementor-container elementor-column-gap-no\">\n\t\t\t\t\t<div class=\"elementor-column elementor-col-100 elementor-top-column elementor-element elementor-element-9f0d052\" data-id=\"9f0d052\" data-element_type=\"column\" data-e-type=\"column\">\n\t\t\t<div class=\"elementor-widget-wrap elementor-element-populated\">\n\t\t\t\t\t\t<div class=\"elementor-element elementor-element-da87991 elementor-hidden-tablet elementor-hidden-phone eael-dual-header-content-align-center elementor-widget elementor-widget-eael-dual-color-header\" data-id=\"da87991\" data-element_type=\"widget\" data-e-type=\"widget\" data-widget_type=\"eael-dual-color-header.default\">\n\t\t\t\t<div class=\"elementor-widget-container\">\n\t\t\t\t\t\t\t\t<div class=\"eael-dual-header\">\n\t\t\t\t\t\t\t\t\t<span class=\"eael-dch-svg-icon\"><i aria-hidden=\"true\" class=\"icon icon-diploma\"><\/i><\/span>\t\t\t\t\t\t\t\t<h1 class=\"title eael-dch-title\"><span class=\"eael-dch-title-text eael-dch-title-lead lead solid-color\">Submissionen<\/span> <span class=\"eael-dch-title-text\"><\/span><\/h1><div class=\"eael-dch-separator-wrap\"><span class=\"separator-one\"><\/span>\n\t\t\t<span class=\"separator-two\"><\/span><\/div>\t\t\t\t<span class=\"subtext\"><p><strong>Mit fundierter Expertise in Submissionen bieten wir eine neutrale, externe Sichtweise und langj\u00e4hrige Erfahrung in verschiedenen Branchen und Technologien.<\/strong><\/p><\/span>\n\t\t\t<\/div>\n\t\t\t\t\t\t<\/div>\n\t\t\t\t<\/div>\n\t\t\t\t<div class=\"elementor-element elementor-element-8037295 elementor-hidden-desktop eael-dual-header-content-align-center elementor-widget elementor-widget-eael-dual-color-header\" data-id=\"8037295\" data-element_type=\"widget\" data-e-type=\"widget\" data-widget_type=\"eael-dual-color-header.default\">\n\t\t\t\t<div class=\"elementor-widget-container\">\n\t\t\t\t\t\t\t\t<div class=\"eael-dual-header\">\n\t\t\t\t\t\t\t\t\t<span class=\"eael-dch-svg-icon\"><i aria-hidden=\"true\" class=\"icon icon-diploma\"><\/i><\/span>\t\t\t\t\t\t\t\t<h1 class=\"title eael-dch-title\"><span class=\"eael-dch-title-text eael-dch-title-lead lead solid-color\">Submissionen<\/span> <span class=\"eael-dch-title-text\"><\/span><\/h1><div class=\"eael-dch-separator-wrap\"><span class=\"separator-one\"><\/span>\n\t\t\t<span class=\"separator-two\"><\/span><\/div>\t\t\t\t<span class=\"subtext\"><p><strong>Mit fundierter Expertise in Submissionen bieten wir eine neutrale, externe Sichtweise und langj\u00e4hrige Erfahrung in verschiedenen Branchen und Technologien.<\/strong><\/p><\/span>\n\t\t\t<\/div>\n\t\t\t\t\t\t<\/div>\n\t\t\t\t<\/div>\n\t\t\t\t\t<\/div>\n\t\t<\/div>\n\t\t\t\t\t<\/div>\n\t\t<\/section>\n\t\t\t\t<section class=\"elementor-section elementor-top-section elementor-element elementor-element-328b8d2 elementor-section-boxed elementor-section-height-default elementor-section-height-default\" data-id=\"328b8d2\" data-element_type=\"section\" data-e-type=\"section\">\n\t\t\t\t\t\t<div class=\"elementor-container elementor-column-gap-default\">\n\t\t\t\t\t<div class=\"elementor-column elementor-col-50 elementor-top-column elementor-element elementor-element-9544d6f\" data-id=\"9544d6f\" data-element_type=\"column\" data-e-type=\"column\">\n\t\t\t<div class=\"elementor-widget-wrap elementor-element-populated\">\n\t\t\t\t\t\t<div class=\"elementor-element elementor-element-7c32335 elementor-widget elementor-widget-heading\" data-id=\"7c32335\" data-element_type=\"widget\" data-e-type=\"widget\" data-widget_type=\"heading.default\">\n\t\t\t\t<div class=\"elementor-widget-container\">\n\t\t\t\t\t<h2 class=\"elementor-heading-title elementor-size-default\">Submissionen<\/h2>\t\t\t\t<\/div>\n\t\t\t\t<\/div>\n\t\t\t\t<div class=\"elementor-element elementor-element-4ec5aa3 elementor-widget elementor-widget-text-editor\" data-id=\"4ec5aa3\" data-element_type=\"widget\" data-e-type=\"widget\" data-widget_type=\"text-editor.default\">\n\t\t\t\t<div class=\"elementor-widget-container\">\n\t\t\t\t\t\t\t\t\t<p>Das \u00f6ffentliche Beschaffungswesen bedarf einer transparenten und nachvollziehbaren Entscheidungsfindung des gew\u00e4hlten Leistungserbringers.<\/p><p>Gerade auch im IT-Bereich. Mit SWISS IT MANAGEMENT AG engagieren Sie einen Spezialisten im \u00f6ffentlichen Beschaffungswesen. Zahlreiche und langj\u00e4hrige Erfahrungen mit den verschiedenen Standards der Ausschreibungen wie GATT\/WTO, simap (dem \u00f6ffentlichen Informationssystems \u00fcber das Beschaffungswesen Schweiz) wie auch SHAB.<\/p>\t\t\t\t\t\t\t\t<\/div>\n\t\t\t\t<\/div>\n\t\t\t\t\t<\/div>\n\t\t<\/div>\n\t\t\t\t<div class=\"elementor-column elementor-col-50 elementor-top-column elementor-element elementor-element-e713b40\" data-id=\"e713b40\" data-element_type=\"column\" data-e-type=\"column\">\n\t\t\t<div class=\"elementor-widget-wrap elementor-element-populated\">\n\t\t\t\t\t\t<div class=\"elementor-element elementor-element-b34ea36 elementor-widget elementor-widget-text-editor\" data-id=\"b34ea36\" data-element_type=\"widget\" data-e-type=\"widget\" data-widget_type=\"text-editor.default\">\n\t\t\t\t<div class=\"elementor-widget-container\">\n\t\t\t\t\t\t\t\t\t<p>Wichtig sind sowohl das korrekte Verfahren, wie auch effiziente Prozesse bei der Vergabe von IT-Auftr\u00e4gen. Mit SWISS IT MANAGEMENT AG als Partner haben Sie Zugriff auf reichhaltiges IT-Fachwissen und zw\u00f6lf Jahre Erfahrung im \u00f6ffentlichen Beschaffungswesen, aus Beh\u00f6rden- wie auch Leistungserbringer-Sicht. Sie sparen interne Ressourcen und werden effizient, transparent und gezielt an die L\u00f6sung Ihrer IT-Herausforderung herangef\u00fchrt.<\/p>\t\t\t\t\t\t\t\t<\/div>\n\t\t\t\t<\/div>\n\t\t\t\t\t<\/div>\n\t\t<\/div>\n\t\t\t\t\t<\/div>\n\t\t<\/section>\n\t\t\t\t<section class=\"elementor-section elementor-top-section elementor-element elementor-element-9ee1274 elementor-section-boxed elementor-section-height-default elementor-section-height-default\" data-id=\"9ee1274\" data-element_type=\"section\" data-e-type=\"section\">\n\t\t\t\t\t\t<div class=\"elementor-container elementor-column-gap-default\">\n\t\t\t\t\t<div class=\"elementor-column elementor-col-100 elementor-top-column elementor-element elementor-element-2827522\" data-id=\"2827522\" data-element_type=\"column\" data-e-type=\"column\">\n\t\t\t<div class=\"elementor-widget-wrap elementor-element-populated\">\n\t\t\t\t\t\t<div class=\"elementor-element elementor-element-a4d90a2 elementor-widget-divider--view-line elementor-widget elementor-widget-divider\" data-id=\"a4d90a2\" data-element_type=\"widget\" data-e-type=\"widget\" data-widget_type=\"divider.default\">\n\t\t\t\t<div class=\"elementor-widget-container\">\n\t\t\t\t\t\t\t<div class=\"elementor-divider\">\n\t\t\t<span class=\"elementor-divider-separator\">\n\t\t\t\t\t\t<\/span>\n\t\t<\/div>\n\t\t\t\t\t\t<\/div>\n\t\t\t\t<\/div>\n\t\t\t\t\t<\/div>\n\t\t<\/div>\n\t\t\t\t\t<\/div>\n\t\t<\/section>\n\t\t\t\t<section class=\"elementor-section elementor-top-section elementor-element elementor-element-c988bf3 elementor-section-boxed elementor-section-height-default elementor-section-height-default\" data-id=\"c988bf3\" data-element_type=\"section\" data-e-type=\"section\">\n\t\t\t\t\t\t<div class=\"elementor-container elementor-column-gap-default\">\n\t\t\t\t\t<div class=\"elementor-column elementor-col-100 elementor-top-column elementor-element elementor-element-e483e63\" data-id=\"e483e63\" data-element_type=\"column\" data-e-type=\"column\">\n\t\t\t<div class=\"elementor-widget-wrap elementor-element-populated\">\n\t\t\t\t\t\t<div class=\"elementor-element elementor-element-ecbcb6a elementor-widget elementor-widget-text-editor\" data-id=\"ecbcb6a\" data-element_type=\"widget\" data-e-type=\"widget\" data-widget_type=\"text-editor.default\">\n\t\t\t\t<div class=\"elementor-widget-container\">\n\t\t\t\t\t\t\t\t\t<p><strong>Ihr Nutzen<\/strong><\/p><ul><li>Nachvollziehbarkeit und Transparenz<\/li><li>Rechtliche Sicherheit<\/li><li>Effizientes Verfahren<\/li><li>Sparen von internen Ressourcen<\/li><li>Gezielte Beratung in Bezug auf Ihre Anforderung<\/li><li>Zugriff auf zwanzig-j\u00e4hriges Know-how im \u00f6ffentlichen Beschaffungswesen<\/li><\/ul><p>\u00a0<\/p>\t\t\t\t\t\t\t\t<\/div>\n\t\t\t\t<\/div>\n\t\t\t\t<section class=\"elementor-section elementor-inner-section elementor-element elementor-element-85e6fa6 elementor-section-boxed elementor-section-height-default elementor-section-height-default\" data-id=\"85e6fa6\" data-element_type=\"section\" data-e-type=\"section\">\n\t\t\t\t\t\t<div class=\"elementor-container elementor-column-gap-default\">\n\t\t\t\t\t<div class=\"elementor-column elementor-col-50 elementor-inner-column elementor-element elementor-element-0a9f9b2\" data-id=\"0a9f9b2\" data-element_type=\"column\" data-e-type=\"column\">\n\t\t\t<div class=\"elementor-widget-wrap elementor-element-populated\">\n\t\t\t\t\t\t<div class=\"elementor-element elementor-element-bc59299 elementor-widget elementor-widget-toggle\" data-id=\"bc59299\" data-element_type=\"widget\" data-e-type=\"widget\" data-widget_type=\"toggle.default\">\n\t\t\t\t<div class=\"elementor-widget-container\">\n\t\t\t\t\t\t\t<div class=\"elementor-toggle\">\n\t\t\t\t\t\t\t<div class=\"elementor-toggle-item\">\n\t\t\t\t\t<div id=\"elementor-tab-title-1971\" class=\"elementor-tab-title\" data-tab=\"1\" role=\"button\" aria-controls=\"elementor-tab-content-1971\" aria-expanded=\"false\">\n\t\t\t\t\t\t\t\t\t\t\t\t<span class=\"elementor-toggle-icon elementor-toggle-icon-left\" aria-hidden=\"true\">\n\t\t\t\t\t\t\t\t\t\t\t\t\t\t\t<span class=\"elementor-toggle-icon-closed\"><i class=\"fas fa-caret-right\"><\/i><\/span>\n\t\t\t\t\t\t\t\t<span class=\"elementor-toggle-icon-opened\"><i class=\"elementor-toggle-icon-opened fas fa-caret-up\"><\/i><\/span>\n\t\t\t\t\t\t\t\t\t\t\t\t\t<\/span>\n\t\t\t\t\t\t\t\t\t\t\t\t<a class=\"elementor-toggle-title\" tabindex=\"0\">Was sind Submissionen<\/a>\n\t\t\t\t\t<\/div>\n\n\t\t\t\t\t<div id=\"elementor-tab-content-1971\" class=\"elementor-tab-content elementor-clearfix\" data-tab=\"1\" role=\"region\" aria-labelledby=\"elementor-tab-title-1971\"><p>Der Prozess der Vergabe \u00f6ffentlicher Auftr\u00e4ge, gepr\u00e4gt durch schriftliche Angebotsabgabe und Geheimhaltung bis zur Verlesung, ist als Submission bekannt. Dieses etablierte Verfahren in Deutschland seit dem 19. Jahrhundert wird h\u00e4ufig synonym f\u00fcr Er\u00f6ffnungstermin, <a href=\"https:\/\/de.wikipedia.org\/wiki\/Ausschreibung\" target=\"_blank\" rel=\"noopener\">Ausschreibung<\/a> oder Submissionstermin verwendet. Leistungen werden in der Regel wettbewerbsorientiert und unter Gleichbehandlung der Bieter vergeben. Eine Ausschreibung beinhaltet pr\u00e4zise Projektbeschreibungen, anstehende Arbeiten, m\u00f6gliche Pl\u00e4ne, Dokumente und Leistungsverzeichnisse sowie eine Kopie der Vergabeordnung.<\/p><\/div>\n\t\t\t\t<\/div>\n\t\t\t\t\t\t\t\t<\/div>\n\t\t\t\t\t\t<\/div>\n\t\t\t\t<\/div>\n\t\t\t\t\t<\/div>\n\t\t<\/div>\n\t\t\t\t<div class=\"elementor-column elementor-col-50 elementor-inner-column elementor-element elementor-element-a1dfb4b\" data-id=\"a1dfb4b\" data-element_type=\"column\" data-e-type=\"column\">\n\t\t\t<div class=\"elementor-widget-wrap elementor-element-populated\">\n\t\t\t\t\t\t<div class=\"elementor-element elementor-element-5d1c6b4 elementor-widget elementor-widget-image\" data-id=\"5d1c6b4\" data-element_type=\"widget\" data-e-type=\"widget\" data-widget_type=\"image.default\">\n\t\t\t\t<div class=\"elementor-widget-container\">\n\t\t\t\t\t\t\t\t\t\t\t\t\t\t\t<img fetchpriority=\"high\" decoding=\"async\" width=\"768\" height=\"512\" src=\"https:\/\/swissitmanagement.com\/wp-content\/uploads\/2021\/08\/vertrag-768x512.webp\" class=\"attachment-medium_large size-medium_large wp-image-1475\" alt=\"Submissionen: Das \u00f6ffentliche Beschaffungswesen bedarf einer transparenten und nachvollziehbaren Entscheidungsfindung des gew\u00e4hlten Leistungserbringers.\" srcset=\"https:\/\/swissitmanagement.com\/wp-content\/uploads\/2021\/08\/vertrag-768x512.webp 768w, https:\/\/swissitmanagement.com\/wp-content\/uploads\/2021\/08\/vertrag-300x200.webp 300w, https:\/\/swissitmanagement.com\/wp-content\/uploads\/2021\/08\/vertrag-1024x682.webp 1024w, https:\/\/swissitmanagement.com\/wp-content\/uploads\/2021\/08\/vertrag.webp 1280w\" sizes=\"(max-width: 768px) 100vw, 768px\" title=\"\">\t\t\t\t\t\t\t\t\t\t\t\t\t\t\t<\/div>\n\t\t\t\t<\/div>\n\t\t\t\t\t<\/div>\n\t\t<\/div>\n\t\t\t\t\t<\/div>\n\t\t<\/section>\n\t\t\t\t<div class=\"elementor-element elementor-element-585c7f4 elementor-widget elementor-widget-text-editor\" data-id=\"585c7f4\" data-element_type=\"widget\" data-e-type=\"widget\" data-widget_type=\"text-editor.default\">\n\t\t\t\t<div class=\"elementor-widget-container\">\n\t\t\t\t\t\t\t\t\t<p>Sie interessieren sich f\u00fcr <strong>Submissionen<\/strong>, wissen aber nicht, wo Sie anfangen sollen? Oder ben\u00f6tigen Sie konkrete Unterst\u00fctzung? Melden Sie sich gerne bei uns!<\/p>\t\t\t\t\t\t\t\t<\/div>\n\t\t\t\t<\/div>\n\t\t\t\t<div class=\"elementor-element elementor-element-4ef0521 pa-icon-pos-before premium-lq__none elementor-widget elementor-widget-premium-addon-button\" data-id=\"4ef0521\" data-element_type=\"widget\" data-e-type=\"widget\" data-widget_type=\"premium-addon-button.default\">\n\t\t\t\t<div class=\"elementor-widget-container\">\n\t\t\t\t\t\n\n\t\t<a class=\"premium-button premium-button-style7 premium-btn-lg premium-button-style7-left\" href=\"\/en\/kontakt\/\">\n\t\t\t<div class=\"premium-button-text-icon-wrapper\">\n\t\t\t\t\n\t\t\t\t\t\t\t\t\t\t\t\t\t\t\t\t\t\t<i aria-hidden=\"true\" class=\"premium-drawable-icon premium-svg-nodraw icon icon-envelope\"><\/i>\t\t\t\t\t\t\t\t\t\t\t\t\t\t\t\n\t\t\t\t\t\t\t\t\t<span >\n\t\t\t\t\t\tKontakt\t\t\t\t\t<\/span>\n\t\t\t\t\t\t\t<\/div>\n\n\t\t\t\n\t\t\t\n\t\t\t\n\t\t<\/a>\n\n\n\t\t\t\t\t\t<\/div>\n\t\t\t\t<\/div>\n\t\t\t\t\t<\/div>\n\t\t<\/div>\n\t\t\t\t\t<\/div>\n\t\t<\/section>\n\t\t\t\t<\/div>","protected":false},"excerpt":{"rendered":"<p>Submissionen Mit fundierter Expertise in Submissionen bieten wir eine neutrale, externe Sichtweise und langj\u00e4hrige Erfahrung in verschiedenen Branchen und Technologien. Submissionen Mit fundierter Expertise in Submissionen bieten wir eine neutrale, externe Sichtweise und langj\u00e4hrige Erfahrung&hellip;<\/p>","protected":false},"author":1,"featured_media":1475,"parent":0,"menu_order":0,"comment_status":"closed","ping_status":"closed","template":"","meta":{"footnotes":""},"class_list":["post-122","page","type-page","status-publish","has-post-thumbnail","hentry"],"_links":{"self":[{"href":"https:\/\/swissitmanagement.com\/en\/wp-json\/wp\/v2\/pages\/122","targetHints":{"allow":["GET"]}}],"collection":[{"href":"https:\/\/swissitmanagement.com\/en\/wp-json\/wp\/v2\/pages"}],"about":[{"href":"https:\/\/swissitmanagement.com\/en\/wp-json\/wp\/v2\/types\/page"}],"author":[{"embeddable":true,"href":"https:\/\/swissitmanagement.com\/en\/wp-json\/wp\/v2\/users\/1"}],"replies":[{"embeddable":true,"href":"https:\/\/swissitmanagement.com\/en\/wp-json\/wp\/v2\/comments?post=122"}],"version-history":[{"count":4,"href":"https:\/\/swissitmanagement.com\/en\/wp-json\/wp\/v2\/pages\/122\/revisions"}],"predecessor-version":[{"id":3444,"href":"https:\/\/swissitmanagement.com\/en\/wp-json\/wp\/v2\/pages\/122\/revisions\/3444"}],"wp:featuredmedia":[{"embeddable":true,"href":"https:\/\/swissitmanagement.com\/en\/wp-json\/wp\/v2\/media\/1475"}],"wp:attachment":[{"href":"https:\/\/swissitmanagement.com\/en\/wp-json\/wp\/v2\/media?parent=122"}],"curies":[{"name":"wp","href":"https:\/\/api.w.org\/{rel}","templated":true}]}}