{"id":118,"date":"2021-07-08T23:23:12","date_gmt":"2021-07-08T21:23:12","guid":{"rendered":"https:\/\/swissitmanagement.com\/?page_id=118"},"modified":"2026-02-19T07:05:57","modified_gmt":"2026-02-19T06:05:57","slug":"infrastruktur-und-services","status":"publish","type":"page","link":"https:\/\/swissitmanagement.com\/en\/infrastruktur-und-services\/","title":{"rendered":"Infrastruktur und Services"},"content":{"rendered":"<div data-elementor-type=\"wp-page\" data-elementor-id=\"118\" class=\"elementor elementor-118\" data-elementor-post-type=\"page\">\n\t\t\t\t\t\t<section class=\"elementor-section elementor-top-section elementor-element elementor-element-a66f25c elementor-section-full_width elementor-section-height-min-height elementor-section-height-default elementor-section-items-middle\" data-id=\"a66f25c\" data-element_type=\"section\" data-e-type=\"section\" data-settings=\"{&quot;background_background&quot;:&quot;video&quot;,&quot;background_video_link&quot;:&quot;\\\/wp-content\\\/uploads\\\/2021\\\/08\\\/vid-service.mp4&quot;}\">\n\t\t\t\t\t\t\t\t<div class=\"elementor-background-video-container elementor-hidden-mobile\">\n\t\t\t\t\t\t\t\t\t\t\t\t\t<video class=\"elementor-background-video-hosted\" role=\"presentation\" autoplay muted playsinline loop><\/video>\n\t\t\t\t\t\t\t\t\t\t\t<\/div>\n\t\t\t\t\t\t\t\t\t<div class=\"elementor-background-overlay\"><\/div>\n\t\t\t\t\t\t\t<div class=\"elementor-container elementor-column-gap-no\">\n\t\t\t\t\t<div class=\"elementor-column elementor-col-100 elementor-top-column elementor-element elementor-element-88f7ee3\" data-id=\"88f7ee3\" data-element_type=\"column\" data-e-type=\"column\">\n\t\t\t<div class=\"elementor-widget-wrap elementor-element-populated\">\n\t\t\t\t\t\t<div class=\"elementor-element elementor-element-fb1bb6d elementor-hidden-tablet elementor-hidden-phone eael-dual-header-content-align-center elementor-widget elementor-widget-eael-dual-color-header\" data-id=\"fb1bb6d\" data-element_type=\"widget\" data-e-type=\"widget\" data-widget_type=\"eael-dual-color-header.default\">\n\t\t\t\t<div class=\"elementor-widget-container\">\n\t\t\t\t\t\t\t\t<div class=\"eael-dual-header\">\n\t\t\t\t\t\t\t\t\t<span class=\"eael-dch-svg-icon\"><i aria-hidden=\"true\" class=\"icon icon-hand_shake\"><\/i><\/span>\t\t\t\t\t\t\t\t<h1 class=\"title eael-dch-title\"><span class=\"eael-dch-title-text eael-dch-title-lead lead solid-color\">Infrastruktur<\/span> <span class=\"eael-dch-title-text\">und Services<\/span><\/h1><div class=\"eael-dch-separator-wrap\"><span class=\"separator-one\"><\/span>\n\t\t\t<span class=\"separator-two\"><\/span><\/div>\t\t\t\t<span class=\"subtext\"><p><strong>Bedarfsgerechte und zukunftsgerichtete IT-Infrastruktur und IT-Services f\u00fcr Ihr Unternehmen.<\/strong><\/p><\/span>\n\t\t\t<\/div>\n\t\t\t\t\t\t<\/div>\n\t\t\t\t<\/div>\n\t\t\t\t<div class=\"elementor-element elementor-element-18b959d elementor-hidden-desktop eael-dual-header-content-align-center elementor-widget elementor-widget-eael-dual-color-header\" data-id=\"18b959d\" data-element_type=\"widget\" data-e-type=\"widget\" data-widget_type=\"eael-dual-color-header.default\">\n\t\t\t\t<div class=\"elementor-widget-container\">\n\t\t\t\t\t\t\t\t<div class=\"eael-dual-header\">\n\t\t\t\t\t\t\t\t\t<span class=\"eael-dch-svg-icon\"><i aria-hidden=\"true\" class=\"icon icon-hand_shake\"><\/i><\/span>\t\t\t\t\t\t\t\t<h1 class=\"title eael-dch-title\"><span class=\"eael-dch-title-text eael-dch-title-lead lead solid-color\">Infrastruktur<\/span> <span class=\"eael-dch-title-text\">und Services<\/span><\/h1><div class=\"eael-dch-separator-wrap\"><span class=\"separator-one\"><\/span>\n\t\t\t<span class=\"separator-two\"><\/span><\/div>\t\t\t\t<span class=\"subtext\"><p><strong>Bedarfsgerechte und zukunftsgerichtete IT-Infrastruktur und IT-Services f\u00fcr Ihr Unternehmen.<\/strong><\/p><\/span>\n\t\t\t<\/div>\n\t\t\t\t\t\t<\/div>\n\t\t\t\t<\/div>\n\t\t\t\t\t<\/div>\n\t\t<\/div>\n\t\t\t\t\t<\/div>\n\t\t<\/section>\n\t\t\t\t<section class=\"elementor-section elementor-top-section elementor-element elementor-element-88d6c74 elementor-section-boxed elementor-section-height-default elementor-section-height-default\" data-id=\"88d6c74\" data-element_type=\"section\" data-e-type=\"section\">\n\t\t\t\t\t\t<div class=\"elementor-container elementor-column-gap-default\">\n\t\t\t\t\t<div class=\"elementor-column elementor-col-100 elementor-top-column elementor-element elementor-element-7905345\" data-id=\"7905345\" data-element_type=\"column\" data-e-type=\"column\">\n\t\t\t<div class=\"elementor-widget-wrap elementor-element-populated\">\n\t\t\t\t\t\t<div class=\"elementor-element elementor-element-6f748c0 elementor-widget elementor-widget-heading\" data-id=\"6f748c0\" data-element_type=\"widget\" data-e-type=\"widget\" data-widget_type=\"heading.default\">\n\t\t\t\t<div class=\"elementor-widget-container\">\n\t\t\t\t\t<h2 class=\"elementor-heading-title elementor-size-default\">Infrastruktur und Services<\/h2>\t\t\t\t<\/div>\n\t\t\t\t<\/div>\n\t\t\t\t<section class=\"elementor-section elementor-inner-section elementor-element elementor-element-94d3ef1 elementor-section-boxed elementor-section-height-default elementor-section-height-default\" data-id=\"94d3ef1\" data-element_type=\"section\" data-e-type=\"section\">\n\t\t\t\t\t\t<div class=\"elementor-container elementor-column-gap-default\">\n\t\t\t\t\t<div class=\"elementor-column elementor-col-50 elementor-inner-column elementor-element elementor-element-d664bc0\" data-id=\"d664bc0\" data-element_type=\"column\" data-e-type=\"column\">\n\t\t\t<div class=\"elementor-widget-wrap elementor-element-populated\">\n\t\t\t\t\t\t<div class=\"elementor-element elementor-element-518c8dc elementor-widget elementor-widget-text-editor\" data-id=\"518c8dc\" data-element_type=\"widget\" data-e-type=\"widget\" data-widget_type=\"text-editor.default\">\n\t\t\t\t<div class=\"elementor-widget-container\">\n\t\t\t\t\t\t\t\t\t<p>Jedes Unternehmen hat seine eigenen Anforderungen an eine IT-Infrastruktur. Erfolgsentscheidend ist, dass den Kernaufgaben der Unternehmung mit einer unterst\u00fctzenden Infra Rechnung getragen wird.<\/p><p>Wir ermitteln gemeinsam mit Ihnen Ihren Bedarf an die IT-Infra, beraten Sie bei allf\u00e4lligen Eink\u00e4ufen und stellen Ihnen die richtigen Kr\u00e4fte zur Seite, welche die Installation vor Ort vornehmen. Und zwar so lange, bis alles ganz nach Ihren W\u00fcnschen und Vorstellungen funktioniert.<\/p><p>Unsere herausragenden IT-Services bieten umfassende L\u00f6sungen f\u00fcr reibungslose Betriebsabl\u00e4ufe. Schnelle, pr\u00e4zise Unterst\u00fctzung, individuelle Anpassungen und kontinuierliche Innovationen machen uns zum verl\u00e4sslichen Partner f\u00fcr Ihren Erfolg.<\/p>\t\t\t\t\t\t\t\t<\/div>\n\t\t\t\t<\/div>\n\t\t\t\t\t<\/div>\n\t\t<\/div>\n\t\t\t\t<div class=\"elementor-column elementor-col-50 elementor-inner-column elementor-element elementor-element-6d782e1\" data-id=\"6d782e1\" data-element_type=\"column\" data-e-type=\"column\">\n\t\t\t<div class=\"elementor-widget-wrap elementor-element-populated\">\n\t\t\t\t\t\t<div class=\"elementor-element elementor-element-ea7b18b premium-lottie-svg elementor-widget elementor-widget-premium-lottie\" data-id=\"ea7b18b\" data-element_type=\"widget\" data-e-type=\"widget\" data-widget_type=\"premium-lottie.default\">\n\t\t\t\t<div class=\"elementor-widget-container\">\n\t\t\t\t\t\n\t\t<div class=\"premium-lottie-animation\" data-lottie-url=\"https:\/\/assets4.lottiefiles.com\/temporary_files\/a1Aw4V.json\" data-lottie-loop=\"true\" data-lottie-reverse=\"\" data-lottie-hover=\"\" data-lottie-speed=\"1\" data-lottie-render=\"svg\" data-lottie-delay=\"\">\n\t\t\t\t\t<\/div>\n\n\t\t\t\t\t\t<\/div>\n\t\t\t\t<\/div>\n\t\t\t\t\t<\/div>\n\t\t<\/div>\n\t\t\t\t\t<\/div>\n\t\t<\/section>\n\t\t\t\t<div class=\"elementor-element elementor-element-e0c39ef elementor-widget elementor-widget-text-editor\" data-id=\"e0c39ef\" data-element_type=\"widget\" data-e-type=\"widget\" data-widget_type=\"text-editor.default\">\n\t\t\t\t<div class=\"elementor-widget-container\">\n\t\t\t\t\t\t\t\t\t<h3><strong>Warum Sie sich heute mit Infrastruktur und Services besch\u00e4ftigen sollen?<\/strong><\/h3><ul><li>Damit die <a href=\"https:\/\/de.wikipedia.org\/wiki\/IT-Infrastruktur\" target=\"_blank\" rel=\"noopener\">ITI<\/a> und Services in Ihrem Unternehmen bedarfsgerecht und zukunftsgerichtet ausgelegt sind<\/li><li>Damit in Ihrem Unternehmen die Beratung und Konzeption nach Ihren individuellen Bed\u00fcrfnissen und Anforderungen, m\u00f6glichst neutral (Hersteller- und L\u00f6sungsunabh\u00e4ngig) erfolgt<\/li><li>Damit Ihr Unternehmen \u00fcber eine kosten- und ressourcenoptimierte Infra verf\u00fcgt<\/li><\/ul><p>Die Auseinandersetzung mit der IT-Infrastruktur ist entscheidend, da sie das R\u00fcckgrat eines jeden Unternehmens bildet. Eine effiziente und gut gestaltete Infra gew\u00e4hrleistet nicht nur reibungslose Abl\u00e4ufe, sondern bildet auch die Grundlage f\u00fcr Innovation und Wettbewerbsf\u00e4higkeit. Die richtige ITI erm\u00f6glicht es Unternehmen, flexibel auf Ver\u00e4nderungen zu reagieren und sich schnell an neue Technologien anzupassen. Sie schafft eine solide Basis f\u00fcr Sicherheit, Datenschutz und Effizienz, was letztendlich den Gesch\u00e4ftserfolg f\u00f6rdert. Durch eine bewusste Auseinandersetzung mit der Infra k\u00f6nnen Unternehmen ihre Ressourcen optimieren, Kosten reduzieren und ihre Wettbewerbsposition st\u00e4rken.<\/p>\t\t\t\t\t\t\t\t<\/div>\n\t\t\t\t<\/div>\n\t\t\t\t<section class=\"elementor-section elementor-inner-section elementor-element elementor-element-f4e65a4 elementor-section-boxed elementor-section-height-default elementor-section-height-default\" data-id=\"f4e65a4\" data-element_type=\"section\" data-e-type=\"section\">\n\t\t\t\t\t\t<div class=\"elementor-container elementor-column-gap-default\">\n\t\t\t\t\t<div class=\"elementor-column elementor-col-50 elementor-inner-column elementor-element elementor-element-d8513d4\" data-id=\"d8513d4\" data-element_type=\"column\" data-e-type=\"column\">\n\t\t\t<div class=\"elementor-widget-wrap elementor-element-populated\">\n\t\t\t\t\t\t<div class=\"elementor-element elementor-element-85aa7fd elementor-widget elementor-widget-image\" data-id=\"85aa7fd\" data-element_type=\"widget\" data-e-type=\"widget\" data-widget_type=\"image.default\">\n\t\t\t\t<div class=\"elementor-widget-container\">\n\t\t\t\t\t\t\t\t\t\t\t\t\t\t\t<img fetchpriority=\"high\" decoding=\"async\" width=\"768\" height=\"389\" src=\"https:\/\/swissitmanagement.com\/wp-content\/uploads\/2021\/08\/header-digital-768x389.webp\" class=\"attachment-medium_large size-medium_large wp-image-1253\" alt=\"Infrastruktur &amp; IT-Service\" srcset=\"https:\/\/swissitmanagement.com\/wp-content\/uploads\/2021\/08\/header-digital-768x389.webp 768w, https:\/\/swissitmanagement.com\/wp-content\/uploads\/2021\/08\/header-digital-300x152.webp 300w, https:\/\/swissitmanagement.com\/wp-content\/uploads\/2021\/08\/header-digital.webp 800w\" sizes=\"(max-width: 768px) 100vw, 768px\" title=\"\">\t\t\t\t\t\t\t\t\t\t\t\t\t\t\t<\/div>\n\t\t\t\t<\/div>\n\t\t\t\t\t<\/div>\n\t\t<\/div>\n\t\t\t\t<div class=\"elementor-column elementor-col-50 elementor-inner-column elementor-element elementor-element-8bc694e\" data-id=\"8bc694e\" data-element_type=\"column\" data-e-type=\"column\">\n\t\t\t<div class=\"elementor-widget-wrap elementor-element-populated\">\n\t\t\t\t\t\t<div class=\"elementor-element elementor-element-29c079c elementor-widget elementor-widget-text-editor\" data-id=\"29c079c\" data-element_type=\"widget\" data-e-type=\"widget\" data-widget_type=\"text-editor.default\">\n\t\t\t\t<div class=\"elementor-widget-container\">\n\t\t\t\t\t\t\t\t\t<h3><strong>Wir bieten unseren Kunden im Bereich ITI und Service ein breites Portfolio, von der Bedarfsabkl\u00e4rung bis zur Installation.<\/strong><\/h3><ul><li>Konzeption<\/li><li>Projektleitung<\/li><li>Datenbanken<\/li><li>Netzwerk<\/li><li>Hardware<\/li><li>Software<\/li><\/ul><p>Sie interessieren sich f\u00fcr <strong>Infra und Services<\/strong>, wissen aber nicht, wo Sie anfangen sollen? Oder ben\u00f6tigen Sie konkrete Unterst\u00fctzung? Melden Sie sich gerne bei uns! <\/p>\t\t\t\t\t\t\t\t<\/div>\n\t\t\t\t<\/div>\n\t\t\t\t\t<\/div>\n\t\t<\/div>\n\t\t\t\t\t<\/div>\n\t\t<\/section>\n\t\t\t\t<div class=\"elementor-element elementor-element-b13037c pa-icon-pos-before premium-lq__none elementor-widget elementor-widget-premium-addon-button\" data-id=\"b13037c\" data-element_type=\"widget\" data-e-type=\"widget\" data-widget_type=\"premium-addon-button.default\">\n\t\t\t\t<div class=\"elementor-widget-container\">\n\t\t\t\t\t\n\n\t\t<a class=\"premium-button premium-button-style7 premium-btn-lg premium-button-style7-left\" href=\"\/en\/kontakt\/\">\n\t\t\t<div class=\"premium-button-text-icon-wrapper\">\n\t\t\t\t\n\t\t\t\t\t\t\t\t\t\t\t\t\t\t\t\t\t\t<i aria-hidden=\"true\" class=\"premium-drawable-icon premium-svg-nodraw icon icon-envelope\"><\/i>\t\t\t\t\t\t\t\t\t\t\t\t\t\t\t\n\t\t\t\t\t\t\t\t\t<span >\n\t\t\t\t\t\tKontakt\t\t\t\t\t<\/span>\n\t\t\t\t\t\t\t<\/div>\n\n\t\t\t\n\t\t\t\n\t\t\t\n\t\t<\/a>\n\n\n\t\t\t\t\t\t<\/div>\n\t\t\t\t<\/div>\n\t\t\t\t\t<\/div>\n\t\t<\/div>\n\t\t\t\t\t<\/div>\n\t\t<\/section>\n\t\t\t\t<\/div>","protected":false},"excerpt":{"rendered":"<p>Infrastruktur und Services Bedarfsgerechte und zukunftsgerichtete IT-Infrastruktur und IT-Services f\u00fcr Ihr Unternehmen. Infrastruktur und Services Bedarfsgerechte und zukunftsgerichtete IT-Infrastruktur und IT-Services f\u00fcr Ihr Unternehmen. Infrastruktur und Services Jedes Unternehmen hat seine eigenen Anforderungen an eine&hellip;<\/p>","protected":false},"author":1,"featured_media":1253,"parent":0,"menu_order":0,"comment_status":"closed","ping_status":"closed","template":"","meta":{"footnotes":""},"class_list":["post-118","page","type-page","status-publish","has-post-thumbnail","hentry"],"_links":{"self":[{"href":"https:\/\/swissitmanagement.com\/en\/wp-json\/wp\/v2\/pages\/118","targetHints":{"allow":["GET"]}}],"collection":[{"href":"https:\/\/swissitmanagement.com\/en\/wp-json\/wp\/v2\/pages"}],"about":[{"href":"https:\/\/swissitmanagement.com\/en\/wp-json\/wp\/v2\/types\/page"}],"author":[{"embeddable":true,"href":"https:\/\/swissitmanagement.com\/en\/wp-json\/wp\/v2\/users\/1"}],"replies":[{"embeddable":true,"href":"https:\/\/swissitmanagement.com\/en\/wp-json\/wp\/v2\/comments?post=118"}],"version-history":[{"count":3,"href":"https:\/\/swissitmanagement.com\/en\/wp-json\/wp\/v2\/pages\/118\/revisions"}],"predecessor-version":[{"id":3456,"href":"https:\/\/swissitmanagement.com\/en\/wp-json\/wp\/v2\/pages\/118\/revisions\/3456"}],"wp:featuredmedia":[{"embeddable":true,"href":"https:\/\/swissitmanagement.com\/en\/wp-json\/wp\/v2\/media\/1253"}],"wp:attachment":[{"href":"https:\/\/swissitmanagement.com\/en\/wp-json\/wp\/v2\/media?parent=118"}],"curies":[{"name":"wp","href":"https:\/\/api.w.org\/{rel}","templated":true}]}}